{"id":152032,"date":"2023-08-28T15:58:16","date_gmt":"2023-08-28T12:58:16","guid":{"rendered":"https:\/\/ondato.com\/?page_id=152032"},"modified":"2026-05-14T10:02:44","modified_gmt":"2026-05-14T07:02:44","slug":"soluciones-de-monitorizacion-de-transacciones-kyt","status":"publish","type":"page","link":"https:\/\/ondato.com\/es\/soluciones-de-monitorizacion-de-transacciones-kyt\/","title":{"rendered":"Soluciones de monitorizaci\u00f3n de transacciones (KYT)"},"content":{"rendered":"\n<p>La supervisi\u00f3n de transacciones es un proceso proactivo de gesti\u00f3n de riesgos que consiste en seguir y analizar las transacciones financieras dentro de una empresa o instituci\u00f3n financiera. Junto con el proceso de KYC, es una parte importante del cumplimiento de la normativa sobre AML, por lo que en Ondato nos hemos asociado con varios proveedores de sistemas de supervisi\u00f3n de transacciones para ofrecer a nuestros clientes el mejor paquete de cumplimiento de la normativa sobre AML.<\/p>\n","protected":false},"excerpt":{"rendered":"<p>La supervisi\u00f3n de transacciones es un proceso proactivo de gesti\u00f3n de riesgos que consiste en seguir y analizar las transacciones financieras dentro de una empresa o instituci\u00f3n financiera. Junto con el proceso de KYC, es una parte importante del cumplimiento de la normativa sobre AML, por lo que en Ondato nos hemos asociado con varios [&hellip;]<\/p>\n","protected":false},"author":1,"featured_media":151815,"parent":0,"menu_order":0,"comment_status":"closed","ping_status":"closed","template":"templates-modules\/flexible-solution.php","meta":{"_acf_changed":true,"inline_featured_image":false,"footnotes":""},"class_list":["post-152032","page","type-page","status-publish","has-post-thumbnail","hentry"],"acf":[],"yoast_head":"<!-- This site is optimized with the Yoast SEO Premium plugin v27.4 (Yoast SEO v27.6) - https:\/\/yoast.com\/product\/yoast-seo-premium-wordpress\/ -->\n<title>Monitorizaci\u00f3n KYT | Software AML de Ondato<\/title>\n<meta name=\"description\" content=\"Detecta actividades sospechosas en tiempo real con el software KYT de Ondato. Automatiza la monitorizaci\u00f3n AML, garantiza el cumplimiento y protege tu negocio contra el crimen financiero.\" \/>\n<meta name=\"robots\" content=\"index, follow, max-snippet:-1, max-image-preview:large, max-video-preview:-1\" \/>\n<link rel=\"canonical\" href=\"https:\/\/ondato.com\/es\/soluciones-de-monitorizacion-de-transacciones-kyt\/\" \/>\n<meta property=\"og:locale\" content=\"es_ES\" \/>\n<meta property=\"og:type\" content=\"article\" \/>\n<meta property=\"og:title\" content=\"Soluciones de monitorizaci\u00f3n de transacciones (KYT)\" \/>\n<meta property=\"og:description\" content=\"Detecta actividades sospechosas en tiempo real con el software KYT de Ondato. Automatiza la monitorizaci\u00f3n AML, garantiza el cumplimiento y protege tu negocio contra el crimen financiero.\" \/>\n<meta property=\"og:url\" content=\"https:\/\/ondato.com\/es\/soluciones-de-monitorizacion-de-transacciones-kyt\/\" \/>\n<meta property=\"og:site_name\" content=\"Ondato\" \/>\n<meta property=\"article:publisher\" content=\"https:\/\/www.facebook.com\/OndatoKYC\" \/>\n<meta property=\"article:modified_time\" content=\"2026-05-14T07:02:44+00:00\" \/>\n<meta property=\"og:image\" content=\"https:\/\/ondato.com\/wp-content\/uploads\/2023\/08\/v01_Thumbnails_KYT.png\" \/>\n\t<meta property=\"og:image:width\" content=\"1200\" \/>\n\t<meta property=\"og:image:height\" content=\"630\" \/>\n\t<meta property=\"og:image:type\" content=\"image\/png\" \/>\n<meta name=\"twitter:card\" content=\"summary_large_image\" \/>\n<meta name=\"twitter:image\" content=\"https:\/\/ondato.com\/wp-content\/uploads\/2023\/08\/v01_Thumbnails_KYT.png\" \/>\n<meta name=\"twitter:site\" content=\"@OndatoKYC\" \/>\n<meta name=\"twitter:label1\" content=\"Tiempo de lectura\" \/>\n\t<meta name=\"twitter:data1\" content=\"1 minuto\" \/>\n<script type=\"application\/ld+json\" class=\"yoast-schema-graph\">{\"@context\":\"https:\\\/\\\/schema.org\",\"@graph\":[{\"@type\":[\"WebPage\",\"ItemPage\"],\"@id\":\"https:\\\/\\\/ondato.com\\\/es\\\/soluciones-de-monitorizacion-de-transacciones-kyt\\\/\",\"url\":\"https:\\\/\\\/ondato.com\\\/es\\\/soluciones-de-monitorizacion-de-transacciones-kyt\\\/\",\"name\":\"Monitorizaci\u00f3n KYT | Software AML de Ondato\",\"isPartOf\":{\"@id\":\"https:\\\/\\\/ondato.com\\\/es\\\/#website\"},\"primaryImageOfPage\":{\"@id\":\"https:\\\/\\\/ondato.com\\\/es\\\/soluciones-de-monitorizacion-de-transacciones-kyt\\\/#primaryimage\"},\"image\":{\"@id\":\"https:\\\/\\\/ondato.com\\\/es\\\/soluciones-de-monitorizacion-de-transacciones-kyt\\\/#primaryimage\"},\"thumbnailUrl\":\"https:\\\/\\\/ondato.com\\\/wp-content\\\/uploads\\\/2025\\\/11\\\/v02_KYT_Cover.webp\",\"datePublished\":\"2023-08-28T12:58:16+00:00\",\"dateModified\":\"2026-05-14T07:02:44+00:00\",\"description\":\"Detecta actividades sospechosas en tiempo real con el software KYT de Ondato. Automatiza la monitorizaci\u00f3n AML, garantiza el cumplimiento y protege tu negocio contra el crimen financiero.\",\"breadcrumb\":{\"@id\":\"https:\\\/\\\/ondato.com\\\/es\\\/soluciones-de-monitorizacion-de-transacciones-kyt\\\/#breadcrumb\"},\"inLanguage\":\"es\",\"potentialAction\":[{\"@type\":\"ReadAction\",\"target\":[\"https:\\\/\\\/ondato.com\\\/es\\\/soluciones-de-monitorizacion-de-transacciones-kyt\\\/\"]}]},{\"@type\":\"ImageObject\",\"inLanguage\":\"es\",\"@id\":\"https:\\\/\\\/ondato.com\\\/es\\\/soluciones-de-monitorizacion-de-transacciones-kyt\\\/#primaryimage\",\"url\":\"https:\\\/\\\/ondato.com\\\/wp-content\\\/uploads\\\/2025\\\/11\\\/v02_KYT_Cover.webp\",\"contentUrl\":\"https:\\\/\\\/ondato.com\\\/wp-content\\\/uploads\\\/2025\\\/11\\\/v02_KYT_Cover.webp\",\"width\":536,\"height\":536},{\"@type\":\"BreadcrumbList\",\"@id\":\"https:\\\/\\\/ondato.com\\\/es\\\/soluciones-de-monitorizacion-de-transacciones-kyt\\\/#breadcrumb\",\"itemListElement\":[{\"@type\":\"ListItem\",\"position\":1,\"name\":\"Inicio\",\"item\":\"https:\\\/\\\/ondato.com\\\/es\\\/\"},{\"@type\":\"ListItem\",\"position\":2,\"name\":\"Soluciones de monitorizaci\u00f3n de transacciones (KYT)\"}]},{\"@type\":\"WebSite\",\"@id\":\"https:\\\/\\\/ondato.com\\\/es\\\/#website\",\"url\":\"https:\\\/\\\/ondato.com\\\/es\\\/\",\"name\":\"Ondato\",\"description\":\"Suite integral y rentable para la gesti\u00f3n del cumplimiento normativo\",\"publisher\":{\"@id\":\"https:\\\/\\\/ondato.com\\\/es\\\/#organization\"},\"potentialAction\":[{\"@type\":\"SearchAction\",\"target\":{\"@type\":\"EntryPoint\",\"urlTemplate\":\"https:\\\/\\\/ondato.com\\\/es\\\/?s={search_term_string}\"},\"query-input\":{\"@type\":\"PropertyValueSpecification\",\"valueRequired\":true,\"valueName\":\"search_term_string\"}}],\"inLanguage\":\"es\"},{\"@type\":\"Organization\",\"@id\":\"https:\\\/\\\/ondato.com\\\/es\\\/#organization\",\"name\":\"Ondato\",\"url\":\"https:\\\/\\\/ondato.com\\\/es\\\/\",\"logo\":{\"@type\":\"ImageObject\",\"inLanguage\":\"es\",\"@id\":\"https:\\\/\\\/ondato.com\\\/es\\\/#\\\/schema\\\/logo\\\/image\\\/\",\"url\":\"https:\\\/\\\/ondato.com\\\/wp-content\\\/uploads\\\/2022\\\/08\\\/v01_Profile-photo-1.png\",\"contentUrl\":\"https:\\\/\\\/ondato.com\\\/wp-content\\\/uploads\\\/2022\\\/08\\\/v01_Profile-photo-1.png\",\"width\":1080,\"height\":1080,\"caption\":\"Ondato\"},\"image\":{\"@id\":\"https:\\\/\\\/ondato.com\\\/es\\\/#\\\/schema\\\/logo\\\/image\\\/\"},\"sameAs\":[\"https:\\\/\\\/www.facebook.com\\\/OndatoKYC\",\"https:\\\/\\\/x.com\\\/OndatoKYC\",\"https:\\\/\\\/www.linkedin.com\\\/company\\\/12576605\\\/\",\"https:\\\/\\\/www.youtube.com\\\/channel\\\/UC4eMJhSGAf5hRO4YxnzrFFw\"]}]}<\/script>\n<!-- \/ Yoast SEO Premium plugin. -->","yoast_head_json":{"title":"Monitorizaci\u00f3n KYT | Software AML de Ondato","description":"Detecta actividades sospechosas en tiempo real con el software KYT de Ondato. Automatiza la monitorizaci\u00f3n AML, garantiza el cumplimiento y protege tu negocio contra el crimen financiero.","robots":{"index":"index","follow":"follow","max-snippet":"max-snippet:-1","max-image-preview":"max-image-preview:large","max-video-preview":"max-video-preview:-1"},"canonical":"https:\/\/ondato.com\/es\/soluciones-de-monitorizacion-de-transacciones-kyt\/","og_locale":"es_ES","og_type":"article","og_title":"Soluciones de monitorizaci\u00f3n de transacciones (KYT)","og_description":"Detecta actividades sospechosas en tiempo real con el software KYT de Ondato. Automatiza la monitorizaci\u00f3n AML, garantiza el cumplimiento y protege tu negocio contra el crimen financiero.","og_url":"https:\/\/ondato.com\/es\/soluciones-de-monitorizacion-de-transacciones-kyt\/","og_site_name":"Ondato","article_publisher":"https:\/\/www.facebook.com\/OndatoKYC","article_modified_time":"2026-05-14T07:02:44+00:00","og_image":[{"width":1200,"height":630,"url":"https:\/\/ondato.com\/wp-content\/uploads\/2023\/08\/v01_Thumbnails_KYT.png","type":"image\/png"}],"twitter_card":"summary_large_image","twitter_image":"https:\/\/ondato.com\/wp-content\/uploads\/2023\/08\/v01_Thumbnails_KYT.png","twitter_site":"@OndatoKYC","twitter_misc":{"Tiempo de lectura":"1 minuto"},"schema":{"@context":"https:\/\/schema.org","@graph":[{"@type":["WebPage","ItemPage"],"@id":"https:\/\/ondato.com\/es\/soluciones-de-monitorizacion-de-transacciones-kyt\/","url":"https:\/\/ondato.com\/es\/soluciones-de-monitorizacion-de-transacciones-kyt\/","name":"Monitorizaci\u00f3n KYT | Software AML de Ondato","isPartOf":{"@id":"https:\/\/ondato.com\/es\/#website"},"primaryImageOfPage":{"@id":"https:\/\/ondato.com\/es\/soluciones-de-monitorizacion-de-transacciones-kyt\/#primaryimage"},"image":{"@id":"https:\/\/ondato.com\/es\/soluciones-de-monitorizacion-de-transacciones-kyt\/#primaryimage"},"thumbnailUrl":"https:\/\/ondato.com\/wp-content\/uploads\/2025\/11\/v02_KYT_Cover.webp","datePublished":"2023-08-28T12:58:16+00:00","dateModified":"2026-05-14T07:02:44+00:00","description":"Detecta actividades sospechosas en tiempo real con el software KYT de Ondato. Automatiza la monitorizaci\u00f3n AML, garantiza el cumplimiento y protege tu negocio contra el crimen financiero.","breadcrumb":{"@id":"https:\/\/ondato.com\/es\/soluciones-de-monitorizacion-de-transacciones-kyt\/#breadcrumb"},"inLanguage":"es","potentialAction":[{"@type":"ReadAction","target":["https:\/\/ondato.com\/es\/soluciones-de-monitorizacion-de-transacciones-kyt\/"]}]},{"@type":"ImageObject","inLanguage":"es","@id":"https:\/\/ondato.com\/es\/soluciones-de-monitorizacion-de-transacciones-kyt\/#primaryimage","url":"https:\/\/ondato.com\/wp-content\/uploads\/2025\/11\/v02_KYT_Cover.webp","contentUrl":"https:\/\/ondato.com\/wp-content\/uploads\/2025\/11\/v02_KYT_Cover.webp","width":536,"height":536},{"@type":"BreadcrumbList","@id":"https:\/\/ondato.com\/es\/soluciones-de-monitorizacion-de-transacciones-kyt\/#breadcrumb","itemListElement":[{"@type":"ListItem","position":1,"name":"Inicio","item":"https:\/\/ondato.com\/es\/"},{"@type":"ListItem","position":2,"name":"Soluciones de monitorizaci\u00f3n de transacciones (KYT)"}]},{"@type":"WebSite","@id":"https:\/\/ondato.com\/es\/#website","url":"https:\/\/ondato.com\/es\/","name":"Ondato","description":"Suite integral y rentable para la gesti\u00f3n del cumplimiento normativo","publisher":{"@id":"https:\/\/ondato.com\/es\/#organization"},"potentialAction":[{"@type":"SearchAction","target":{"@type":"EntryPoint","urlTemplate":"https:\/\/ondato.com\/es\/?s={search_term_string}"},"query-input":{"@type":"PropertyValueSpecification","valueRequired":true,"valueName":"search_term_string"}}],"inLanguage":"es"},{"@type":"Organization","@id":"https:\/\/ondato.com\/es\/#organization","name":"Ondato","url":"https:\/\/ondato.com\/es\/","logo":{"@type":"ImageObject","inLanguage":"es","@id":"https:\/\/ondato.com\/es\/#\/schema\/logo\/image\/","url":"https:\/\/ondato.com\/wp-content\/uploads\/2022\/08\/v01_Profile-photo-1.png","contentUrl":"https:\/\/ondato.com\/wp-content\/uploads\/2022\/08\/v01_Profile-photo-1.png","width":1080,"height":1080,"caption":"Ondato"},"image":{"@id":"https:\/\/ondato.com\/es\/#\/schema\/logo\/image\/"},"sameAs":["https:\/\/www.facebook.com\/OndatoKYC","https:\/\/x.com\/OndatoKYC","https:\/\/www.linkedin.com\/company\/12576605\/","https:\/\/www.youtube.com\/channel\/UC4eMJhSGAf5hRO4YxnzrFFw"]}]}},"_links":{"self":[{"href":"https:\/\/ondato.com\/es\/wp-json\/wp\/v2\/pages\/152032","targetHints":{"allow":["GET"]}}],"collection":[{"href":"https:\/\/ondato.com\/es\/wp-json\/wp\/v2\/pages"}],"about":[{"href":"https:\/\/ondato.com\/es\/wp-json\/wp\/v2\/types\/page"}],"author":[{"embeddable":true,"href":"https:\/\/ondato.com\/es\/wp-json\/wp\/v2\/users\/1"}],"replies":[{"embeddable":true,"href":"https:\/\/ondato.com\/es\/wp-json\/wp\/v2\/comments?post=152032"}],"version-history":[{"count":0,"href":"https:\/\/ondato.com\/es\/wp-json\/wp\/v2\/pages\/152032\/revisions"}],"wp:featuredmedia":[{"embeddable":true,"href":"https:\/\/ondato.com\/es\/wp-json\/wp\/v2\/media\/151815"}],"wp:attachment":[{"href":"https:\/\/ondato.com\/es\/wp-json\/wp\/v2\/media?parent=152032"}],"curies":[{"name":"wp","href":"https:\/\/api.w.org\/{rel}","templated":true}]}}