{"id":152538,"date":"2022-01-31T06:50:28","date_gmt":"2022-01-31T03:50:28","guid":{"rendered":"https:\/\/ondato.com\/?page_id=152538"},"modified":"2026-05-14T16:21:23","modified_gmt":"2026-05-14T13:21:23","slug":"verificacion-de-identidad-por-video","status":"publish","type":"page","link":"https:\/\/ondato.com\/es\/servicio-de-verificacion-de-identidad\/verificacion-de-identidad-por-video\/","title":{"rendered":"Verificaci\u00f3n de identidad por v\u00eddeo"},"content":{"rendered":"\n<p>Recupere la confianza en el contenido de incorporaci\u00f3n digital con videollamadas en directo. Supervisada por agentes de KYC calificados, nuestra verificaci\u00f3n de identidad por v\u00eddeo garantiza que los clientes son quienes dicen ser, gracias a la ayuda de una validaci\u00f3n biom\u00e9trica segura y la detecci\u00f3n de fraudes. Transforme la incorporaci\u00f3n de clientes, una tarea que puede ser tediosa, en un contacto humano genuino.<\/p>\n","protected":false},"excerpt":{"rendered":"<p>Recupere la confianza en el contenido de incorporaci\u00f3n digital con videollamadas en directo. Supervisada por agentes de KYC calificados, nuestra verificaci\u00f3n de identidad por v\u00eddeo garantiza que los clientes son quienes dicen ser, gracias a la ayuda de una validaci\u00f3n biom\u00e9trica segura y la detecci\u00f3n de fraudes. Transforme la incorporaci\u00f3n de clientes, una tarea que [&hellip;]<\/p>\n","protected":false},"author":1,"featured_media":151461,"parent":151752,"menu_order":0,"comment_status":"closed","ping_status":"closed","template":"templates-modules\/flexible-solution.php","meta":{"_acf_changed":true,"inline_featured_image":false,"footnotes":""},"class_list":["post-152538","page","type-page","status-publish","has-post-thumbnail","hentry"],"acf":[],"yoast_head":"<!-- This site is optimized with the Yoast SEO Premium plugin v27.4 (Yoast SEO v27.6) - https:\/\/yoast.com\/product\/yoast-seo-premium-wordpress\/ -->\n<title>Verificaci\u00f3n de identidad por video | KYC en tiempo real por Ondato<\/title>\n<meta name=\"description\" content=\"Verifica identidades en tiempo real mediante videollamadas seguras. Ondato combina verificaci\u00f3n de identidad en vivo, biometr\u00eda y cumplimiento KYC\/AML, sin necesidad de apps ni descargas.\" \/>\n<meta name=\"robots\" content=\"index, follow, max-snippet:-1, max-image-preview:large, max-video-preview:-1\" \/>\n<link rel=\"canonical\" href=\"https:\/\/ondato.com\/es\/servicio-de-verificacion-de-identidad\/verificacion-de-identidad-por-video\/\" \/>\n<meta property=\"og:locale\" content=\"es_ES\" \/>\n<meta property=\"og:type\" content=\"article\" \/>\n<meta property=\"og:title\" content=\"Verificaci\u00f3n de identidad por v\u00eddeo\" \/>\n<meta property=\"og:description\" content=\"Verifica identidades en tiempo real mediante videollamadas seguras. Ondato combina verificaci\u00f3n de identidad en vivo, biometr\u00eda y cumplimiento KYC\/AML, sin necesidad de apps ni descargas.\" \/>\n<meta property=\"og:url\" content=\"https:\/\/ondato.com\/es\/servicio-de-verificacion-de-identidad\/verificacion-de-identidad-por-video\/\" \/>\n<meta property=\"og:site_name\" content=\"Ondato\" \/>\n<meta property=\"article:publisher\" content=\"https:\/\/www.facebook.com\/OndatoKYC\" \/>\n<meta property=\"article:modified_time\" content=\"2026-05-14T13:21:23+00:00\" \/>\n<meta property=\"og:image\" content=\"https:\/\/ondato.com\/wp-content\/uploads\/2022\/06\/v02_Thumbnails_Assisted-identity-verification.png\" \/>\n\t<meta property=\"og:image:width\" content=\"1200\" \/>\n\t<meta property=\"og:image:height\" content=\"630\" \/>\n\t<meta property=\"og:image:type\" content=\"image\/png\" \/>\n<meta name=\"twitter:card\" content=\"summary_large_image\" \/>\n<meta name=\"twitter:image\" content=\"https:\/\/ondato.com\/wp-content\/uploads\/2022\/06\/v02_Thumbnails_Assisted-identity-verification.png\" \/>\n<meta name=\"twitter:site\" content=\"@OndatoKYC\" \/>\n<meta name=\"twitter:label1\" content=\"Tiempo de lectura\" \/>\n\t<meta name=\"twitter:data1\" content=\"1 minuto\" \/>\n<script type=\"application\/ld+json\" class=\"yoast-schema-graph\">{\"@context\":\"https:\\\/\\\/schema.org\",\"@graph\":[{\"@type\":\"WebPage\",\"@id\":\"https:\\\/\\\/ondato.com\\\/es\\\/servicio-de-verificacion-de-identidad\\\/verificacion-de-identidad-por-video\\\/\",\"url\":\"https:\\\/\\\/ondato.com\\\/es\\\/servicio-de-verificacion-de-identidad\\\/verificacion-de-identidad-por-video\\\/\",\"name\":\"Verificaci\u00f3n de identidad por video | KYC en tiempo real por Ondato\",\"isPartOf\":{\"@id\":\"https:\\\/\\\/ondato.com\\\/es\\\/#website\"},\"primaryImageOfPage\":{\"@id\":\"https:\\\/\\\/ondato.com\\\/es\\\/servicio-de-verificacion-de-identidad\\\/verificacion-de-identidad-por-video\\\/#primaryimage\"},\"image\":{\"@id\":\"https:\\\/\\\/ondato.com\\\/es\\\/servicio-de-verificacion-de-identidad\\\/verificacion-de-identidad-por-video\\\/#primaryimage\"},\"thumbnailUrl\":\"https:\\\/\\\/ondato.com\\\/wp-content\\\/uploads\\\/2025\\\/09\\\/v01_Video-IDV_Cover.webp\",\"datePublished\":\"2022-01-31T03:50:28+00:00\",\"dateModified\":\"2026-05-14T13:21:23+00:00\",\"description\":\"Verifica identidades en tiempo real mediante videollamadas seguras. Ondato combina verificaci\u00f3n de identidad en vivo, biometr\u00eda y cumplimiento KYC\\\/AML, sin necesidad de apps ni descargas.\",\"breadcrumb\":{\"@id\":\"https:\\\/\\\/ondato.com\\\/es\\\/servicio-de-verificacion-de-identidad\\\/verificacion-de-identidad-por-video\\\/#breadcrumb\"},\"inLanguage\":\"es\",\"potentialAction\":[{\"@type\":\"ReadAction\",\"target\":[\"https:\\\/\\\/ondato.com\\\/es\\\/servicio-de-verificacion-de-identidad\\\/verificacion-de-identidad-por-video\\\/\"]}]},{\"@type\":\"ImageObject\",\"inLanguage\":\"es\",\"@id\":\"https:\\\/\\\/ondato.com\\\/es\\\/servicio-de-verificacion-de-identidad\\\/verificacion-de-identidad-por-video\\\/#primaryimage\",\"url\":\"https:\\\/\\\/ondato.com\\\/wp-content\\\/uploads\\\/2025\\\/09\\\/v01_Video-IDV_Cover.webp\",\"contentUrl\":\"https:\\\/\\\/ondato.com\\\/wp-content\\\/uploads\\\/2025\\\/09\\\/v01_Video-IDV_Cover.webp\",\"width\":536,\"height\":536},{\"@type\":\"BreadcrumbList\",\"@id\":\"https:\\\/\\\/ondato.com\\\/es\\\/servicio-de-verificacion-de-identidad\\\/verificacion-de-identidad-por-video\\\/#breadcrumb\",\"itemListElement\":[{\"@type\":\"ListItem\",\"position\":1,\"name\":\"Inicio\",\"item\":\"https:\\\/\\\/ondato.com\\\/es\\\/\"},{\"@type\":\"ListItem\",\"position\":2,\"name\":\"Servicio de verificaci\u00f3n de identidad\",\"item\":\"https:\\\/\\\/ondato.com\\\/es\\\/servicio-de-verificacion-de-identidad\\\/\"},{\"@type\":\"ListItem\",\"position\":3,\"name\":\"Verificaci\u00f3n de identidad por v\u00eddeo\"}]},{\"@type\":\"WebSite\",\"@id\":\"https:\\\/\\\/ondato.com\\\/es\\\/#website\",\"url\":\"https:\\\/\\\/ondato.com\\\/es\\\/\",\"name\":\"Ondato\",\"description\":\"Suite integral y rentable para la gesti\u00f3n del cumplimiento normativo\",\"publisher\":{\"@id\":\"https:\\\/\\\/ondato.com\\\/es\\\/#organization\"},\"potentialAction\":[{\"@type\":\"SearchAction\",\"target\":{\"@type\":\"EntryPoint\",\"urlTemplate\":\"https:\\\/\\\/ondato.com\\\/es\\\/?s={search_term_string}\"},\"query-input\":{\"@type\":\"PropertyValueSpecification\",\"valueRequired\":true,\"valueName\":\"search_term_string\"}}],\"inLanguage\":\"es\"},{\"@type\":\"Organization\",\"@id\":\"https:\\\/\\\/ondato.com\\\/es\\\/#organization\",\"name\":\"Ondato\",\"url\":\"https:\\\/\\\/ondato.com\\\/es\\\/\",\"logo\":{\"@type\":\"ImageObject\",\"inLanguage\":\"es\",\"@id\":\"https:\\\/\\\/ondato.com\\\/es\\\/#\\\/schema\\\/logo\\\/image\\\/\",\"url\":\"https:\\\/\\\/ondato.com\\\/wp-content\\\/uploads\\\/2022\\\/08\\\/v01_Profile-photo-1.png\",\"contentUrl\":\"https:\\\/\\\/ondato.com\\\/wp-content\\\/uploads\\\/2022\\\/08\\\/v01_Profile-photo-1.png\",\"width\":1080,\"height\":1080,\"caption\":\"Ondato\"},\"image\":{\"@id\":\"https:\\\/\\\/ondato.com\\\/es\\\/#\\\/schema\\\/logo\\\/image\\\/\"},\"sameAs\":[\"https:\\\/\\\/www.facebook.com\\\/OndatoKYC\",\"https:\\\/\\\/x.com\\\/OndatoKYC\",\"https:\\\/\\\/www.linkedin.com\\\/company\\\/12576605\\\/\",\"https:\\\/\\\/www.youtube.com\\\/channel\\\/UC4eMJhSGAf5hRO4YxnzrFFw\"]}]}<\/script>\n<!-- \/ Yoast SEO Premium plugin. -->","yoast_head_json":{"title":"Verificaci\u00f3n de identidad por video | KYC en tiempo real por Ondato","description":"Verifica identidades en tiempo real mediante videollamadas seguras. Ondato combina verificaci\u00f3n de identidad en vivo, biometr\u00eda y cumplimiento KYC\/AML, sin necesidad de apps ni descargas.","robots":{"index":"index","follow":"follow","max-snippet":"max-snippet:-1","max-image-preview":"max-image-preview:large","max-video-preview":"max-video-preview:-1"},"canonical":"https:\/\/ondato.com\/es\/servicio-de-verificacion-de-identidad\/verificacion-de-identidad-por-video\/","og_locale":"es_ES","og_type":"article","og_title":"Verificaci\u00f3n de identidad por v\u00eddeo","og_description":"Verifica identidades en tiempo real mediante videollamadas seguras. Ondato combina verificaci\u00f3n de identidad en vivo, biometr\u00eda y cumplimiento KYC\/AML, sin necesidad de apps ni descargas.","og_url":"https:\/\/ondato.com\/es\/servicio-de-verificacion-de-identidad\/verificacion-de-identidad-por-video\/","og_site_name":"Ondato","article_publisher":"https:\/\/www.facebook.com\/OndatoKYC","article_modified_time":"2026-05-14T13:21:23+00:00","og_image":[{"width":1200,"height":630,"url":"https:\/\/ondato.com\/wp-content\/uploads\/2022\/06\/v02_Thumbnails_Assisted-identity-verification.png","type":"image\/png"}],"twitter_card":"summary_large_image","twitter_image":"https:\/\/ondato.com\/wp-content\/uploads\/2022\/06\/v02_Thumbnails_Assisted-identity-verification.png","twitter_site":"@OndatoKYC","twitter_misc":{"Tiempo de lectura":"1 minuto"},"schema":{"@context":"https:\/\/schema.org","@graph":[{"@type":"WebPage","@id":"https:\/\/ondato.com\/es\/servicio-de-verificacion-de-identidad\/verificacion-de-identidad-por-video\/","url":"https:\/\/ondato.com\/es\/servicio-de-verificacion-de-identidad\/verificacion-de-identidad-por-video\/","name":"Verificaci\u00f3n de identidad por video | KYC en tiempo real por Ondato","isPartOf":{"@id":"https:\/\/ondato.com\/es\/#website"},"primaryImageOfPage":{"@id":"https:\/\/ondato.com\/es\/servicio-de-verificacion-de-identidad\/verificacion-de-identidad-por-video\/#primaryimage"},"image":{"@id":"https:\/\/ondato.com\/es\/servicio-de-verificacion-de-identidad\/verificacion-de-identidad-por-video\/#primaryimage"},"thumbnailUrl":"https:\/\/ondato.com\/wp-content\/uploads\/2025\/09\/v01_Video-IDV_Cover.webp","datePublished":"2022-01-31T03:50:28+00:00","dateModified":"2026-05-14T13:21:23+00:00","description":"Verifica identidades en tiempo real mediante videollamadas seguras. Ondato combina verificaci\u00f3n de identidad en vivo, biometr\u00eda y cumplimiento KYC\/AML, sin necesidad de apps ni descargas.","breadcrumb":{"@id":"https:\/\/ondato.com\/es\/servicio-de-verificacion-de-identidad\/verificacion-de-identidad-por-video\/#breadcrumb"},"inLanguage":"es","potentialAction":[{"@type":"ReadAction","target":["https:\/\/ondato.com\/es\/servicio-de-verificacion-de-identidad\/verificacion-de-identidad-por-video\/"]}]},{"@type":"ImageObject","inLanguage":"es","@id":"https:\/\/ondato.com\/es\/servicio-de-verificacion-de-identidad\/verificacion-de-identidad-por-video\/#primaryimage","url":"https:\/\/ondato.com\/wp-content\/uploads\/2025\/09\/v01_Video-IDV_Cover.webp","contentUrl":"https:\/\/ondato.com\/wp-content\/uploads\/2025\/09\/v01_Video-IDV_Cover.webp","width":536,"height":536},{"@type":"BreadcrumbList","@id":"https:\/\/ondato.com\/es\/servicio-de-verificacion-de-identidad\/verificacion-de-identidad-por-video\/#breadcrumb","itemListElement":[{"@type":"ListItem","position":1,"name":"Inicio","item":"https:\/\/ondato.com\/es\/"},{"@type":"ListItem","position":2,"name":"Servicio de verificaci\u00f3n de identidad","item":"https:\/\/ondato.com\/es\/servicio-de-verificacion-de-identidad\/"},{"@type":"ListItem","position":3,"name":"Verificaci\u00f3n de identidad por v\u00eddeo"}]},{"@type":"WebSite","@id":"https:\/\/ondato.com\/es\/#website","url":"https:\/\/ondato.com\/es\/","name":"Ondato","description":"Suite integral y rentable para la gesti\u00f3n del cumplimiento normativo","publisher":{"@id":"https:\/\/ondato.com\/es\/#organization"},"potentialAction":[{"@type":"SearchAction","target":{"@type":"EntryPoint","urlTemplate":"https:\/\/ondato.com\/es\/?s={search_term_string}"},"query-input":{"@type":"PropertyValueSpecification","valueRequired":true,"valueName":"search_term_string"}}],"inLanguage":"es"},{"@type":"Organization","@id":"https:\/\/ondato.com\/es\/#organization","name":"Ondato","url":"https:\/\/ondato.com\/es\/","logo":{"@type":"ImageObject","inLanguage":"es","@id":"https:\/\/ondato.com\/es\/#\/schema\/logo\/image\/","url":"https:\/\/ondato.com\/wp-content\/uploads\/2022\/08\/v01_Profile-photo-1.png","contentUrl":"https:\/\/ondato.com\/wp-content\/uploads\/2022\/08\/v01_Profile-photo-1.png","width":1080,"height":1080,"caption":"Ondato"},"image":{"@id":"https:\/\/ondato.com\/es\/#\/schema\/logo\/image\/"},"sameAs":["https:\/\/www.facebook.com\/OndatoKYC","https:\/\/x.com\/OndatoKYC","https:\/\/www.linkedin.com\/company\/12576605\/","https:\/\/www.youtube.com\/channel\/UC4eMJhSGAf5hRO4YxnzrFFw"]}]}},"_links":{"self":[{"href":"https:\/\/ondato.com\/es\/wp-json\/wp\/v2\/pages\/152538","targetHints":{"allow":["GET"]}}],"collection":[{"href":"https:\/\/ondato.com\/es\/wp-json\/wp\/v2\/pages"}],"about":[{"href":"https:\/\/ondato.com\/es\/wp-json\/wp\/v2\/types\/page"}],"author":[{"embeddable":true,"href":"https:\/\/ondato.com\/es\/wp-json\/wp\/v2\/users\/1"}],"replies":[{"embeddable":true,"href":"https:\/\/ondato.com\/es\/wp-json\/wp\/v2\/comments?post=152538"}],"version-history":[{"count":0,"href":"https:\/\/ondato.com\/es\/wp-json\/wp\/v2\/pages\/152538\/revisions"}],"up":[{"embeddable":true,"href":"https:\/\/ondato.com\/es\/wp-json\/wp\/v2\/pages\/151752"}],"wp:featuredmedia":[{"embeddable":true,"href":"https:\/\/ondato.com\/es\/wp-json\/wp\/v2\/media\/151461"}],"wp:attachment":[{"href":"https:\/\/ondato.com\/es\/wp-json\/wp\/v2\/media?parent=152538"}],"curies":[{"name":"wp","href":"https:\/\/api.w.org\/{rel}","templated":true}]}}