{"id":152540,"date":"2023-01-13T10:45:24","date_gmt":"2023-01-13T07:45:24","guid":{"rendered":"https:\/\/ondato.com\/?page_id=152540"},"modified":"2026-05-14T15:46:10","modified_gmt":"2026-05-14T12:46:10","slug":"verificacion-de-identidad-nfc","status":"publish","type":"page","link":"https:\/\/ondato.com\/es\/servicio-de-verificacion-de-identidad\/verificacion-de-identidad-nfc\/","title":{"rendered":"Verificaci\u00f3n de identidad NFC"},"content":{"rendered":"\n<p>Verificaci\u00f3n de identidad con el proceso de KYC en segundos. Solo hay que acercar el tel\u00e9fono inteligente a un documento de identidad para verificar instant\u00e1neamente a sus clientes con la verificaci\u00f3n de identidad con tecnolog\u00eda NFC. Sin necesidad de teclear, esperar ni complicarse: solo una experiencia de incorporaci\u00f3n fluida y moderna que agradar\u00e1 a sus clientes, y que mantendr\u00e1 a su negocio protegido contra el fraude.<\/p>\n","protected":false},"excerpt":{"rendered":"<p>Verificaci\u00f3n de identidad con el proceso de KYC en segundos. Solo hay que acercar el tel\u00e9fono inteligente a un documento de identidad para verificar instant\u00e1neamente a sus clientes con la verificaci\u00f3n de identidad con tecnolog\u00eda NFC. Sin necesidad de teclear, esperar ni complicarse: solo una experiencia de incorporaci\u00f3n fluida y moderna que agradar\u00e1 a sus [&hellip;]<\/p>\n","protected":false},"author":1,"featured_media":151432,"parent":151752,"menu_order":0,"comment_status":"closed","ping_status":"closed","template":"templates-modules\/flexible-solution.php","meta":{"_acf_changed":true,"inline_featured_image":false,"footnotes":""},"class_list":["post-152540","page","type-page","status-publish","has-post-thumbnail","hentry"],"acf":[],"yoast_head":"<!-- This site is optimized with the Yoast SEO Premium plugin v27.4 (Yoast SEO v27.6) - https:\/\/yoast.com\/product\/yoast-seo-premium-wordpress\/ -->\n<title>Verificaci\u00f3n de identidad NFC | R\u00e1pida y segura por Ondato<\/title>\n<meta name=\"description\" content=\"Verifica identidades en segundos con la verificaci\u00f3n NFC de Ondato. Mejora la velocidad de onboarding, la seguridad y la experiencia del usuario con comprobaciones a nivel de chip.\" \/>\n<meta name=\"robots\" content=\"index, follow, max-snippet:-1, max-image-preview:large, max-video-preview:-1\" \/>\n<link rel=\"canonical\" href=\"https:\/\/ondato.com\/es\/servicio-de-verificacion-de-identidad\/verificacion-de-identidad-nfc\/\" \/>\n<meta property=\"og:locale\" content=\"es_ES\" \/>\n<meta property=\"og:type\" content=\"article\" \/>\n<meta property=\"og:title\" content=\"Verificaci\u00f3n de identidad NFC\" \/>\n<meta property=\"og:description\" content=\"Verifica identidades en segundos con la verificaci\u00f3n NFC de Ondato. Mejora la velocidad de onboarding, la seguridad y la experiencia del usuario con comprobaciones a nivel de chip.\" \/>\n<meta property=\"og:url\" content=\"https:\/\/ondato.com\/es\/servicio-de-verificacion-de-identidad\/verificacion-de-identidad-nfc\/\" \/>\n<meta property=\"og:site_name\" content=\"Ondato\" \/>\n<meta property=\"article:publisher\" content=\"https:\/\/www.facebook.com\/OndatoKYC\" \/>\n<meta property=\"article:modified_time\" content=\"2026-05-14T12:46:10+00:00\" \/>\n<meta property=\"og:image\" content=\"https:\/\/ondato.com\/wp-content\/uploads\/2025\/09\/v01_NFC-IDV_Cover-2.webp\" \/>\n\t<meta property=\"og:image:width\" content=\"536\" \/>\n\t<meta property=\"og:image:height\" content=\"536\" \/>\n\t<meta property=\"og:image:type\" content=\"image\/webp\" \/>\n<meta name=\"twitter:card\" content=\"summary_large_image\" \/>\n<meta name=\"twitter:site\" content=\"@OndatoKYC\" \/>\n<meta name=\"twitter:label1\" content=\"Tiempo de lectura\" \/>\n\t<meta name=\"twitter:data1\" content=\"1 minuto\" \/>\n<script type=\"application\/ld+json\" class=\"yoast-schema-graph\">{\"@context\":\"https:\\\/\\\/schema.org\",\"@graph\":[{\"@type\":\"WebPage\",\"@id\":\"https:\\\/\\\/ondato.com\\\/es\\\/servicio-de-verificacion-de-identidad\\\/verificacion-de-identidad-nfc\\\/\",\"url\":\"https:\\\/\\\/ondato.com\\\/es\\\/servicio-de-verificacion-de-identidad\\\/verificacion-de-identidad-nfc\\\/\",\"name\":\"Verificaci\u00f3n de identidad NFC | R\u00e1pida y segura por Ondato\",\"isPartOf\":{\"@id\":\"https:\\\/\\\/ondato.com\\\/es\\\/#website\"},\"primaryImageOfPage\":{\"@id\":\"https:\\\/\\\/ondato.com\\\/es\\\/servicio-de-verificacion-de-identidad\\\/verificacion-de-identidad-nfc\\\/#primaryimage\"},\"image\":{\"@id\":\"https:\\\/\\\/ondato.com\\\/es\\\/servicio-de-verificacion-de-identidad\\\/verificacion-de-identidad-nfc\\\/#primaryimage\"},\"thumbnailUrl\":\"https:\\\/\\\/ondato.com\\\/wp-content\\\/uploads\\\/2025\\\/09\\\/v01_NFC-IDV_Cover-2.webp\",\"datePublished\":\"2023-01-13T07:45:24+00:00\",\"dateModified\":\"2026-05-14T12:46:10+00:00\",\"description\":\"Verifica identidades en segundos con la verificaci\u00f3n NFC de Ondato. Mejora la velocidad de onboarding, la seguridad y la experiencia del usuario con comprobaciones a nivel de chip.\",\"breadcrumb\":{\"@id\":\"https:\\\/\\\/ondato.com\\\/es\\\/servicio-de-verificacion-de-identidad\\\/verificacion-de-identidad-nfc\\\/#breadcrumb\"},\"inLanguage\":\"es\",\"potentialAction\":[{\"@type\":\"ReadAction\",\"target\":[\"https:\\\/\\\/ondato.com\\\/es\\\/servicio-de-verificacion-de-identidad\\\/verificacion-de-identidad-nfc\\\/\"]}]},{\"@type\":\"ImageObject\",\"inLanguage\":\"es\",\"@id\":\"https:\\\/\\\/ondato.com\\\/es\\\/servicio-de-verificacion-de-identidad\\\/verificacion-de-identidad-nfc\\\/#primaryimage\",\"url\":\"https:\\\/\\\/ondato.com\\\/wp-content\\\/uploads\\\/2025\\\/09\\\/v01_NFC-IDV_Cover-2.webp\",\"contentUrl\":\"https:\\\/\\\/ondato.com\\\/wp-content\\\/uploads\\\/2025\\\/09\\\/v01_NFC-IDV_Cover-2.webp\",\"width\":536,\"height\":536},{\"@type\":\"BreadcrumbList\",\"@id\":\"https:\\\/\\\/ondato.com\\\/es\\\/servicio-de-verificacion-de-identidad\\\/verificacion-de-identidad-nfc\\\/#breadcrumb\",\"itemListElement\":[{\"@type\":\"ListItem\",\"position\":1,\"name\":\"Inicio\",\"item\":\"https:\\\/\\\/ondato.com\\\/es\\\/\"},{\"@type\":\"ListItem\",\"position\":2,\"name\":\"Servicio de verificaci\u00f3n de identidad\",\"item\":\"https:\\\/\\\/ondato.com\\\/es\\\/servicio-de-verificacion-de-identidad\\\/\"},{\"@type\":\"ListItem\",\"position\":3,\"name\":\"Verificaci\u00f3n de identidad NFC\"}]},{\"@type\":\"WebSite\",\"@id\":\"https:\\\/\\\/ondato.com\\\/es\\\/#website\",\"url\":\"https:\\\/\\\/ondato.com\\\/es\\\/\",\"name\":\"Ondato\",\"description\":\"Suite integral y rentable para la gesti\u00f3n del cumplimiento normativo\",\"publisher\":{\"@id\":\"https:\\\/\\\/ondato.com\\\/es\\\/#organization\"},\"potentialAction\":[{\"@type\":\"SearchAction\",\"target\":{\"@type\":\"EntryPoint\",\"urlTemplate\":\"https:\\\/\\\/ondato.com\\\/es\\\/?s={search_term_string}\"},\"query-input\":{\"@type\":\"PropertyValueSpecification\",\"valueRequired\":true,\"valueName\":\"search_term_string\"}}],\"inLanguage\":\"es\"},{\"@type\":\"Organization\",\"@id\":\"https:\\\/\\\/ondato.com\\\/es\\\/#organization\",\"name\":\"Ondato\",\"url\":\"https:\\\/\\\/ondato.com\\\/es\\\/\",\"logo\":{\"@type\":\"ImageObject\",\"inLanguage\":\"es\",\"@id\":\"https:\\\/\\\/ondato.com\\\/es\\\/#\\\/schema\\\/logo\\\/image\\\/\",\"url\":\"https:\\\/\\\/ondato.com\\\/wp-content\\\/uploads\\\/2022\\\/08\\\/v01_Profile-photo-1.png\",\"contentUrl\":\"https:\\\/\\\/ondato.com\\\/wp-content\\\/uploads\\\/2022\\\/08\\\/v01_Profile-photo-1.png\",\"width\":1080,\"height\":1080,\"caption\":\"Ondato\"},\"image\":{\"@id\":\"https:\\\/\\\/ondato.com\\\/es\\\/#\\\/schema\\\/logo\\\/image\\\/\"},\"sameAs\":[\"https:\\\/\\\/www.facebook.com\\\/OndatoKYC\",\"https:\\\/\\\/x.com\\\/OndatoKYC\",\"https:\\\/\\\/www.linkedin.com\\\/company\\\/12576605\\\/\",\"https:\\\/\\\/www.youtube.com\\\/channel\\\/UC4eMJhSGAf5hRO4YxnzrFFw\"]}]}<\/script>\n<!-- \/ Yoast SEO Premium plugin. -->","yoast_head_json":{"title":"Verificaci\u00f3n de identidad NFC | R\u00e1pida y segura por Ondato","description":"Verifica identidades en segundos con la verificaci\u00f3n NFC de Ondato. Mejora la velocidad de onboarding, la seguridad y la experiencia del usuario con comprobaciones a nivel de chip.","robots":{"index":"index","follow":"follow","max-snippet":"max-snippet:-1","max-image-preview":"max-image-preview:large","max-video-preview":"max-video-preview:-1"},"canonical":"https:\/\/ondato.com\/es\/servicio-de-verificacion-de-identidad\/verificacion-de-identidad-nfc\/","og_locale":"es_ES","og_type":"article","og_title":"Verificaci\u00f3n de identidad NFC","og_description":"Verifica identidades en segundos con la verificaci\u00f3n NFC de Ondato. Mejora la velocidad de onboarding, la seguridad y la experiencia del usuario con comprobaciones a nivel de chip.","og_url":"https:\/\/ondato.com\/es\/servicio-de-verificacion-de-identidad\/verificacion-de-identidad-nfc\/","og_site_name":"Ondato","article_publisher":"https:\/\/www.facebook.com\/OndatoKYC","article_modified_time":"2026-05-14T12:46:10+00:00","og_image":[{"width":536,"height":536,"url":"https:\/\/ondato.com\/wp-content\/uploads\/2025\/09\/v01_NFC-IDV_Cover-2.webp","type":"image\/webp"}],"twitter_card":"summary_large_image","twitter_site":"@OndatoKYC","twitter_misc":{"Tiempo de lectura":"1 minuto"},"schema":{"@context":"https:\/\/schema.org","@graph":[{"@type":"WebPage","@id":"https:\/\/ondato.com\/es\/servicio-de-verificacion-de-identidad\/verificacion-de-identidad-nfc\/","url":"https:\/\/ondato.com\/es\/servicio-de-verificacion-de-identidad\/verificacion-de-identidad-nfc\/","name":"Verificaci\u00f3n de identidad NFC | R\u00e1pida y segura por Ondato","isPartOf":{"@id":"https:\/\/ondato.com\/es\/#website"},"primaryImageOfPage":{"@id":"https:\/\/ondato.com\/es\/servicio-de-verificacion-de-identidad\/verificacion-de-identidad-nfc\/#primaryimage"},"image":{"@id":"https:\/\/ondato.com\/es\/servicio-de-verificacion-de-identidad\/verificacion-de-identidad-nfc\/#primaryimage"},"thumbnailUrl":"https:\/\/ondato.com\/wp-content\/uploads\/2025\/09\/v01_NFC-IDV_Cover-2.webp","datePublished":"2023-01-13T07:45:24+00:00","dateModified":"2026-05-14T12:46:10+00:00","description":"Verifica identidades en segundos con la verificaci\u00f3n NFC de Ondato. Mejora la velocidad de onboarding, la seguridad y la experiencia del usuario con comprobaciones a nivel de chip.","breadcrumb":{"@id":"https:\/\/ondato.com\/es\/servicio-de-verificacion-de-identidad\/verificacion-de-identidad-nfc\/#breadcrumb"},"inLanguage":"es","potentialAction":[{"@type":"ReadAction","target":["https:\/\/ondato.com\/es\/servicio-de-verificacion-de-identidad\/verificacion-de-identidad-nfc\/"]}]},{"@type":"ImageObject","inLanguage":"es","@id":"https:\/\/ondato.com\/es\/servicio-de-verificacion-de-identidad\/verificacion-de-identidad-nfc\/#primaryimage","url":"https:\/\/ondato.com\/wp-content\/uploads\/2025\/09\/v01_NFC-IDV_Cover-2.webp","contentUrl":"https:\/\/ondato.com\/wp-content\/uploads\/2025\/09\/v01_NFC-IDV_Cover-2.webp","width":536,"height":536},{"@type":"BreadcrumbList","@id":"https:\/\/ondato.com\/es\/servicio-de-verificacion-de-identidad\/verificacion-de-identidad-nfc\/#breadcrumb","itemListElement":[{"@type":"ListItem","position":1,"name":"Inicio","item":"https:\/\/ondato.com\/es\/"},{"@type":"ListItem","position":2,"name":"Servicio de verificaci\u00f3n de identidad","item":"https:\/\/ondato.com\/es\/servicio-de-verificacion-de-identidad\/"},{"@type":"ListItem","position":3,"name":"Verificaci\u00f3n de identidad NFC"}]},{"@type":"WebSite","@id":"https:\/\/ondato.com\/es\/#website","url":"https:\/\/ondato.com\/es\/","name":"Ondato","description":"Suite integral y rentable para la gesti\u00f3n del cumplimiento normativo","publisher":{"@id":"https:\/\/ondato.com\/es\/#organization"},"potentialAction":[{"@type":"SearchAction","target":{"@type":"EntryPoint","urlTemplate":"https:\/\/ondato.com\/es\/?s={search_term_string}"},"query-input":{"@type":"PropertyValueSpecification","valueRequired":true,"valueName":"search_term_string"}}],"inLanguage":"es"},{"@type":"Organization","@id":"https:\/\/ondato.com\/es\/#organization","name":"Ondato","url":"https:\/\/ondato.com\/es\/","logo":{"@type":"ImageObject","inLanguage":"es","@id":"https:\/\/ondato.com\/es\/#\/schema\/logo\/image\/","url":"https:\/\/ondato.com\/wp-content\/uploads\/2022\/08\/v01_Profile-photo-1.png","contentUrl":"https:\/\/ondato.com\/wp-content\/uploads\/2022\/08\/v01_Profile-photo-1.png","width":1080,"height":1080,"caption":"Ondato"},"image":{"@id":"https:\/\/ondato.com\/es\/#\/schema\/logo\/image\/"},"sameAs":["https:\/\/www.facebook.com\/OndatoKYC","https:\/\/x.com\/OndatoKYC","https:\/\/www.linkedin.com\/company\/12576605\/","https:\/\/www.youtube.com\/channel\/UC4eMJhSGAf5hRO4YxnzrFFw"]}]}},"_links":{"self":[{"href":"https:\/\/ondato.com\/es\/wp-json\/wp\/v2\/pages\/152540","targetHints":{"allow":["GET"]}}],"collection":[{"href":"https:\/\/ondato.com\/es\/wp-json\/wp\/v2\/pages"}],"about":[{"href":"https:\/\/ondato.com\/es\/wp-json\/wp\/v2\/types\/page"}],"author":[{"embeddable":true,"href":"https:\/\/ondato.com\/es\/wp-json\/wp\/v2\/users\/1"}],"replies":[{"embeddable":true,"href":"https:\/\/ondato.com\/es\/wp-json\/wp\/v2\/comments?post=152540"}],"version-history":[{"count":0,"href":"https:\/\/ondato.com\/es\/wp-json\/wp\/v2\/pages\/152540\/revisions"}],"up":[{"embeddable":true,"href":"https:\/\/ondato.com\/es\/wp-json\/wp\/v2\/pages\/151752"}],"wp:featuredmedia":[{"embeddable":true,"href":"https:\/\/ondato.com\/es\/wp-json\/wp\/v2\/media\/151432"}],"wp:attachment":[{"href":"https:\/\/ondato.com\/es\/wp-json\/wp\/v2\/media?parent=152540"}],"curies":[{"name":"wp","href":"https:\/\/api.w.org\/{rel}","templated":true}]}}