{"id":152542,"date":"2024-11-11T09:47:32","date_gmt":"2024-11-11T06:47:32","guid":{"rendered":"https:\/\/ondato.com\/?page_id=152542"},"modified":"2026-05-14T16:24:19","modified_gmt":"2026-05-14T13:24:19","slug":"verificacion-de-edad-reutilizable","status":"publish","type":"page","link":"https:\/\/ondato.com\/es\/software-de-verificacion-de-edad\/verificacion-de-edad-reutilizable\/","title":{"rendered":"Verificaci\u00f3n de edad reutilizable"},"content":{"rendered":"\n<p>Cumpla con las nuevas leyes de verificaci\u00f3n de edad sin necesidad de almacenar datos personales. OnAge comprueba la edad exacta en cuesti\u00f3n de segundos. No es necesario presentar identificaciones, ni obtener registros de consentimiento paterno, ni realizar an\u00e1lisis faciales almacenados, por lo que no hay riesgo de violaciones de datos.<\/p>\n\n\n\n<ul class=\"wp-block-list greenlist mx-xl-0 mx-auto\">\n<li>No es necesario descargar ninguna aplicaci\u00f3n adicional<\/li>\n\n\n\n<li>100% an\u00f3nimo<\/li>\n\n\n\n<li>Resultados de verificaci\u00f3n reutilizables<\/li>\n<\/ul>\n","protected":false},"excerpt":{"rendered":"<p>Cumpla con las nuevas leyes de verificaci\u00f3n de edad sin necesidad de almacenar datos personales. OnAge comprueba la edad exacta en cuesti\u00f3n de segundos. No es necesario presentar identificaciones, ni obtener registros de consentimiento paterno, ni realizar an\u00e1lisis faciales almacenados, por lo que no hay riesgo de violaciones de datos.<\/p>\n","protected":false},"author":1,"featured_media":151296,"parent":152028,"menu_order":0,"comment_status":"closed","ping_status":"closed","template":"templates-modules\/flexible-solution.php","meta":{"_acf_changed":true,"inline_featured_image":false,"footnotes":""},"class_list":["post-152542","page","type-page","status-publish","has-post-thumbnail","hentry"],"acf":[],"yoast_head":"<!-- This site is optimized with the Yoast SEO Premium plugin v27.4 (Yoast SEO v27.6) - https:\/\/yoast.com\/product\/yoast-seo-premium-wordpress\/ -->\n<title>OnAge: verificaci\u00f3n de edad an\u00f3nima y reutilizable | Ondato<\/title>\n<meta name=\"description\" content=\"OnAge ofrece verificaci\u00f3n de edad an\u00f3nima y reutilizable para plataformas digitales. Garantiza el cumplimiento normativo y protege la privacidad del usuario sin almacenar datos personales.\" \/>\n<meta name=\"robots\" content=\"index, follow, max-snippet:-1, max-image-preview:large, max-video-preview:-1\" \/>\n<link rel=\"canonical\" href=\"https:\/\/ondato.com\/es\/software-de-verificacion-de-edad\/verificacion-de-edad-reutilizable\/\" \/>\n<meta property=\"og:locale\" content=\"es_ES\" \/>\n<meta property=\"og:type\" content=\"article\" \/>\n<meta property=\"og:title\" content=\"Verificaci\u00f3n de edad reutilizable\" \/>\n<meta property=\"og:description\" content=\"OnAge ofrece verificaci\u00f3n de edad an\u00f3nima y reutilizable para plataformas digitales. Garantiza el cumplimiento normativo y protege la privacidad del usuario sin almacenar datos personales.\" \/>\n<meta property=\"og:url\" content=\"https:\/\/ondato.com\/es\/software-de-verificacion-de-edad\/verificacion-de-edad-reutilizable\/\" \/>\n<meta property=\"og:site_name\" content=\"Ondato\" \/>\n<meta property=\"article:publisher\" content=\"https:\/\/www.facebook.com\/OndatoKYC\" \/>\n<meta property=\"article:modified_time\" content=\"2026-05-14T13:24:19+00:00\" \/>\n<meta property=\"og:image\" content=\"https:\/\/ondato.com\/wp-content\/uploads\/2024\/11\/v04_Thumbnails_OnAge.png\" \/>\n\t<meta property=\"og:image:width\" content=\"1200\" \/>\n\t<meta property=\"og:image:height\" content=\"630\" \/>\n\t<meta property=\"og:image:type\" content=\"image\/png\" \/>\n<meta name=\"twitter:card\" content=\"summary_large_image\" \/>\n<meta name=\"twitter:image\" content=\"https:\/\/ondato.com\/wp-content\/uploads\/2022\/06\/v02_Thumbnails_Age-verification-1.png\" \/>\n<meta name=\"twitter:site\" content=\"@OndatoKYC\" \/>\n<meta name=\"twitter:label1\" content=\"Tiempo de lectura\" \/>\n\t<meta name=\"twitter:data1\" content=\"1 minuto\" \/>\n<script type=\"application\/ld+json\" class=\"yoast-schema-graph\">{\"@context\":\"https:\\\/\\\/schema.org\",\"@graph\":[{\"@type\":[\"WebPage\",\"ItemPage\"],\"@id\":\"https:\\\/\\\/ondato.com\\\/es\\\/software-de-verificacion-de-edad\\\/verificacion-de-edad-reutilizable\\\/\",\"url\":\"https:\\\/\\\/ondato.com\\\/es\\\/software-de-verificacion-de-edad\\\/verificacion-de-edad-reutilizable\\\/\",\"name\":\"OnAge: verificaci\u00f3n de edad an\u00f3nima y reutilizable | Ondato\",\"isPartOf\":{\"@id\":\"https:\\\/\\\/ondato.com\\\/es\\\/#website\"},\"primaryImageOfPage\":{\"@id\":\"https:\\\/\\\/ondato.com\\\/es\\\/software-de-verificacion-de-edad\\\/verificacion-de-edad-reutilizable\\\/#primaryimage\"},\"image\":{\"@id\":\"https:\\\/\\\/ondato.com\\\/es\\\/software-de-verificacion-de-edad\\\/verificacion-de-edad-reutilizable\\\/#primaryimage\"},\"thumbnailUrl\":\"https:\\\/\\\/ondato.com\\\/wp-content\\\/uploads\\\/2025\\\/09\\\/v02_OnAge_Cover.webp\",\"datePublished\":\"2024-11-11T06:47:32+00:00\",\"dateModified\":\"2026-05-14T13:24:19+00:00\",\"description\":\"OnAge ofrece verificaci\u00f3n de edad an\u00f3nima y reutilizable para plataformas digitales. Garantiza el cumplimiento normativo y protege la privacidad del usuario sin almacenar datos personales.\",\"breadcrumb\":{\"@id\":\"https:\\\/\\\/ondato.com\\\/es\\\/software-de-verificacion-de-edad\\\/verificacion-de-edad-reutilizable\\\/#breadcrumb\"},\"inLanguage\":\"es\",\"potentialAction\":[{\"@type\":\"ReadAction\",\"target\":[\"https:\\\/\\\/ondato.com\\\/es\\\/software-de-verificacion-de-edad\\\/verificacion-de-edad-reutilizable\\\/\"]}]},{\"@type\":\"ImageObject\",\"inLanguage\":\"es\",\"@id\":\"https:\\\/\\\/ondato.com\\\/es\\\/software-de-verificacion-de-edad\\\/verificacion-de-edad-reutilizable\\\/#primaryimage\",\"url\":\"https:\\\/\\\/ondato.com\\\/wp-content\\\/uploads\\\/2025\\\/09\\\/v02_OnAge_Cover.webp\",\"contentUrl\":\"https:\\\/\\\/ondato.com\\\/wp-content\\\/uploads\\\/2025\\\/09\\\/v02_OnAge_Cover.webp\",\"width\":536,\"height\":537},{\"@type\":\"BreadcrumbList\",\"@id\":\"https:\\\/\\\/ondato.com\\\/es\\\/software-de-verificacion-de-edad\\\/verificacion-de-edad-reutilizable\\\/#breadcrumb\",\"itemListElement\":[{\"@type\":\"ListItem\",\"position\":1,\"name\":\"Inicio\",\"item\":\"https:\\\/\\\/ondato.com\\\/es\\\/\"},{\"@type\":\"ListItem\",\"position\":2,\"name\":\"Software de verificaci\u00f3n de edad\",\"item\":\"https:\\\/\\\/ondato.com\\\/es\\\/software-de-verificacion-de-edad\\\/\"},{\"@type\":\"ListItem\",\"position\":3,\"name\":\"Verificaci\u00f3n de edad reutilizable\"}]},{\"@type\":\"WebSite\",\"@id\":\"https:\\\/\\\/ondato.com\\\/es\\\/#website\",\"url\":\"https:\\\/\\\/ondato.com\\\/es\\\/\",\"name\":\"Ondato\",\"description\":\"Suite integral y rentable para la gesti\u00f3n del cumplimiento normativo\",\"publisher\":{\"@id\":\"https:\\\/\\\/ondato.com\\\/es\\\/#organization\"},\"potentialAction\":[{\"@type\":\"SearchAction\",\"target\":{\"@type\":\"EntryPoint\",\"urlTemplate\":\"https:\\\/\\\/ondato.com\\\/es\\\/?s={search_term_string}\"},\"query-input\":{\"@type\":\"PropertyValueSpecification\",\"valueRequired\":true,\"valueName\":\"search_term_string\"}}],\"inLanguage\":\"es\"},{\"@type\":\"Organization\",\"@id\":\"https:\\\/\\\/ondato.com\\\/es\\\/#organization\",\"name\":\"Ondato\",\"url\":\"https:\\\/\\\/ondato.com\\\/es\\\/\",\"logo\":{\"@type\":\"ImageObject\",\"inLanguage\":\"es\",\"@id\":\"https:\\\/\\\/ondato.com\\\/es\\\/#\\\/schema\\\/logo\\\/image\\\/\",\"url\":\"https:\\\/\\\/ondato.com\\\/wp-content\\\/uploads\\\/2022\\\/08\\\/v01_Profile-photo-1.png\",\"contentUrl\":\"https:\\\/\\\/ondato.com\\\/wp-content\\\/uploads\\\/2022\\\/08\\\/v01_Profile-photo-1.png\",\"width\":1080,\"height\":1080,\"caption\":\"Ondato\"},\"image\":{\"@id\":\"https:\\\/\\\/ondato.com\\\/es\\\/#\\\/schema\\\/logo\\\/image\\\/\"},\"sameAs\":[\"https:\\\/\\\/www.facebook.com\\\/OndatoKYC\",\"https:\\\/\\\/x.com\\\/OndatoKYC\",\"https:\\\/\\\/www.linkedin.com\\\/company\\\/12576605\\\/\",\"https:\\\/\\\/www.youtube.com\\\/channel\\\/UC4eMJhSGAf5hRO4YxnzrFFw\"]}]}<\/script>\n<!-- \/ Yoast SEO Premium plugin. -->","yoast_head_json":{"title":"OnAge: verificaci\u00f3n de edad an\u00f3nima y reutilizable | Ondato","description":"OnAge ofrece verificaci\u00f3n de edad an\u00f3nima y reutilizable para plataformas digitales. Garantiza el cumplimiento normativo y protege la privacidad del usuario sin almacenar datos personales.","robots":{"index":"index","follow":"follow","max-snippet":"max-snippet:-1","max-image-preview":"max-image-preview:large","max-video-preview":"max-video-preview:-1"},"canonical":"https:\/\/ondato.com\/es\/software-de-verificacion-de-edad\/verificacion-de-edad-reutilizable\/","og_locale":"es_ES","og_type":"article","og_title":"Verificaci\u00f3n de edad reutilizable","og_description":"OnAge ofrece verificaci\u00f3n de edad an\u00f3nima y reutilizable para plataformas digitales. Garantiza el cumplimiento normativo y protege la privacidad del usuario sin almacenar datos personales.","og_url":"https:\/\/ondato.com\/es\/software-de-verificacion-de-edad\/verificacion-de-edad-reutilizable\/","og_site_name":"Ondato","article_publisher":"https:\/\/www.facebook.com\/OndatoKYC","article_modified_time":"2026-05-14T13:24:19+00:00","og_image":[{"width":1200,"height":630,"url":"https:\/\/ondato.com\/wp-content\/uploads\/2024\/11\/v04_Thumbnails_OnAge.png","type":"image\/png"}],"twitter_card":"summary_large_image","twitter_image":"https:\/\/ondato.com\/wp-content\/uploads\/2022\/06\/v02_Thumbnails_Age-verification-1.png","twitter_site":"@OndatoKYC","twitter_misc":{"Tiempo de lectura":"1 minuto"},"schema":{"@context":"https:\/\/schema.org","@graph":[{"@type":["WebPage","ItemPage"],"@id":"https:\/\/ondato.com\/es\/software-de-verificacion-de-edad\/verificacion-de-edad-reutilizable\/","url":"https:\/\/ondato.com\/es\/software-de-verificacion-de-edad\/verificacion-de-edad-reutilizable\/","name":"OnAge: verificaci\u00f3n de edad an\u00f3nima y reutilizable | Ondato","isPartOf":{"@id":"https:\/\/ondato.com\/es\/#website"},"primaryImageOfPage":{"@id":"https:\/\/ondato.com\/es\/software-de-verificacion-de-edad\/verificacion-de-edad-reutilizable\/#primaryimage"},"image":{"@id":"https:\/\/ondato.com\/es\/software-de-verificacion-de-edad\/verificacion-de-edad-reutilizable\/#primaryimage"},"thumbnailUrl":"https:\/\/ondato.com\/wp-content\/uploads\/2025\/09\/v02_OnAge_Cover.webp","datePublished":"2024-11-11T06:47:32+00:00","dateModified":"2026-05-14T13:24:19+00:00","description":"OnAge ofrece verificaci\u00f3n de edad an\u00f3nima y reutilizable para plataformas digitales. Garantiza el cumplimiento normativo y protege la privacidad del usuario sin almacenar datos personales.","breadcrumb":{"@id":"https:\/\/ondato.com\/es\/software-de-verificacion-de-edad\/verificacion-de-edad-reutilizable\/#breadcrumb"},"inLanguage":"es","potentialAction":[{"@type":"ReadAction","target":["https:\/\/ondato.com\/es\/software-de-verificacion-de-edad\/verificacion-de-edad-reutilizable\/"]}]},{"@type":"ImageObject","inLanguage":"es","@id":"https:\/\/ondato.com\/es\/software-de-verificacion-de-edad\/verificacion-de-edad-reutilizable\/#primaryimage","url":"https:\/\/ondato.com\/wp-content\/uploads\/2025\/09\/v02_OnAge_Cover.webp","contentUrl":"https:\/\/ondato.com\/wp-content\/uploads\/2025\/09\/v02_OnAge_Cover.webp","width":536,"height":537},{"@type":"BreadcrumbList","@id":"https:\/\/ondato.com\/es\/software-de-verificacion-de-edad\/verificacion-de-edad-reutilizable\/#breadcrumb","itemListElement":[{"@type":"ListItem","position":1,"name":"Inicio","item":"https:\/\/ondato.com\/es\/"},{"@type":"ListItem","position":2,"name":"Software de verificaci\u00f3n de edad","item":"https:\/\/ondato.com\/es\/software-de-verificacion-de-edad\/"},{"@type":"ListItem","position":3,"name":"Verificaci\u00f3n de edad reutilizable"}]},{"@type":"WebSite","@id":"https:\/\/ondato.com\/es\/#website","url":"https:\/\/ondato.com\/es\/","name":"Ondato","description":"Suite integral y rentable para la gesti\u00f3n del cumplimiento normativo","publisher":{"@id":"https:\/\/ondato.com\/es\/#organization"},"potentialAction":[{"@type":"SearchAction","target":{"@type":"EntryPoint","urlTemplate":"https:\/\/ondato.com\/es\/?s={search_term_string}"},"query-input":{"@type":"PropertyValueSpecification","valueRequired":true,"valueName":"search_term_string"}}],"inLanguage":"es"},{"@type":"Organization","@id":"https:\/\/ondato.com\/es\/#organization","name":"Ondato","url":"https:\/\/ondato.com\/es\/","logo":{"@type":"ImageObject","inLanguage":"es","@id":"https:\/\/ondato.com\/es\/#\/schema\/logo\/image\/","url":"https:\/\/ondato.com\/wp-content\/uploads\/2022\/08\/v01_Profile-photo-1.png","contentUrl":"https:\/\/ondato.com\/wp-content\/uploads\/2022\/08\/v01_Profile-photo-1.png","width":1080,"height":1080,"caption":"Ondato"},"image":{"@id":"https:\/\/ondato.com\/es\/#\/schema\/logo\/image\/"},"sameAs":["https:\/\/www.facebook.com\/OndatoKYC","https:\/\/x.com\/OndatoKYC","https:\/\/www.linkedin.com\/company\/12576605\/","https:\/\/www.youtube.com\/channel\/UC4eMJhSGAf5hRO4YxnzrFFw"]}]}},"_links":{"self":[{"href":"https:\/\/ondato.com\/es\/wp-json\/wp\/v2\/pages\/152542","targetHints":{"allow":["GET"]}}],"collection":[{"href":"https:\/\/ondato.com\/es\/wp-json\/wp\/v2\/pages"}],"about":[{"href":"https:\/\/ondato.com\/es\/wp-json\/wp\/v2\/types\/page"}],"author":[{"embeddable":true,"href":"https:\/\/ondato.com\/es\/wp-json\/wp\/v2\/users\/1"}],"replies":[{"embeddable":true,"href":"https:\/\/ondato.com\/es\/wp-json\/wp\/v2\/comments?post=152542"}],"version-history":[{"count":0,"href":"https:\/\/ondato.com\/es\/wp-json\/wp\/v2\/pages\/152542\/revisions"}],"up":[{"embeddable":true,"href":"https:\/\/ondato.com\/es\/wp-json\/wp\/v2\/pages\/152028"}],"wp:featuredmedia":[{"embeddable":true,"href":"https:\/\/ondato.com\/es\/wp-json\/wp\/v2\/media\/151296"}],"wp:attachment":[{"href":"https:\/\/ondato.com\/es\/wp-json\/wp\/v2\/media?parent=152542"}],"curies":[{"name":"wp","href":"https:\/\/api.w.org\/{rel}","templated":true}]}}