{"id":152544,"date":"2023-03-09T10:34:41","date_gmt":"2023-03-09T07:34:41","guid":{"rendered":"https:\/\/ondato.com\/?page_id=152544"},"modified":"2026-05-14T14:01:13","modified_gmt":"2026-05-14T11:01:13","slug":"soluciones-de-due-diligence-de-clientes","status":"publish","type":"page","link":"https:\/\/ondato.com\/es\/soluciones-de-due-diligence-de-clientes\/","title":{"rendered":"Soluciones de due diligence de clientes"},"content":{"rendered":"\n<p>Analiza tu base de usuarios no solo durante el onboarding, sino tambi\u00e9n a lo largo de toda la relaci\u00f3n con tus clientes para garantizar el cumplimiento normativo y una diligencia debida continua. Tanto para personas f\u00edsicas como jur\u00eddicas, eval\u00faa con precisi\u00f3n su nivel de riesgo y su evoluci\u00f3n, mejora la eficiencia operativa y prev\u00e9n delitos financieros. Con nuestras herramientas, nada se te escapar\u00e1.<\/p>\n","protected":false},"excerpt":{"rendered":"<p>Analiza tu base de usuarios no solo durante el onboarding, sino tambi\u00e9n a lo largo de toda la relaci\u00f3n con tus clientes para garantizar el cumplimiento normativo y una diligencia debida continua. Tanto para personas f\u00edsicas como jur\u00eddicas, eval\u00faa con precisi\u00f3n su nivel de riesgo y su evoluci\u00f3n, mejora la eficiencia operativa y prev\u00e9n delitos [&hellip;]<\/p>\n","protected":false},"author":1,"featured_media":152202,"parent":0,"menu_order":0,"comment_status":"closed","ping_status":"closed","template":"templates-modules\/flexible-solution.php","meta":{"_acf_changed":true,"inline_featured_image":false,"footnotes":""},"class_list":["post-152544","page","type-page","status-publish","has-post-thumbnail","hentry"],"acf":[],"yoast_head":"<!-- This site is optimized with the Yoast SEO Premium plugin v27.4 (Yoast SEO v27.6) - https:\/\/yoast.com\/product\/yoast-seo-premium-wordpress\/ -->\n<title>Soluciones CDD | Cumplimiento AML y verificaci\u00f3n de clientes<\/title>\n<meta name=\"description\" content=\"Automatiza la diligencia debida (CDD) con Ondato. Verifica clientes, eval\u00faa riesgos y cumple con normativas AML de forma eficiente y segura.\" \/>\n<meta name=\"robots\" content=\"index, follow, max-snippet:-1, max-image-preview:large, max-video-preview:-1\" \/>\n<link rel=\"canonical\" href=\"https:\/\/ondato.com\/es\/soluciones-de-due-diligence-de-clientes\/\" \/>\n<meta property=\"og:locale\" content=\"es_ES\" \/>\n<meta property=\"og:type\" content=\"article\" \/>\n<meta property=\"og:title\" content=\"Soluciones de due diligence de clientes\" \/>\n<meta property=\"og:description\" content=\"Automatiza la diligencia debida (CDD) con Ondato. Verifica clientes, eval\u00faa riesgos y cumple con normativas AML de forma eficiente y segura.\" \/>\n<meta property=\"og:url\" content=\"https:\/\/ondato.com\/es\/soluciones-de-due-diligence-de-clientes\/\" \/>\n<meta property=\"og:site_name\" content=\"Ondato\" \/>\n<meta property=\"article:publisher\" content=\"https:\/\/www.facebook.com\/OndatoKYC\" \/>\n<meta property=\"article:modified_time\" content=\"2026-05-14T11:01:13+00:00\" \/>\n<meta property=\"og:image\" content=\"https:\/\/ondato.com\/wp-content\/uploads\/2022\/06\/v02_Thumbnails_Due-diligence.png\" \/>\n\t<meta property=\"og:image:width\" content=\"1200\" \/>\n\t<meta property=\"og:image:height\" content=\"630\" \/>\n\t<meta property=\"og:image:type\" content=\"image\/png\" \/>\n<meta name=\"twitter:card\" content=\"summary_large_image\" \/>\n<meta name=\"twitter:image\" content=\"https:\/\/ondato.com\/wp-content\/uploads\/2022\/06\/v02_Thumbnails_Due-diligence.png\" \/>\n<meta name=\"twitter:site\" content=\"@OndatoKYC\" \/>\n<meta name=\"twitter:label1\" content=\"Tiempo de lectura\" \/>\n\t<meta name=\"twitter:data1\" content=\"1 minuto\" \/>\n<script type=\"application\/ld+json\" class=\"yoast-schema-graph\">{\"@context\":\"https:\\\/\\\/schema.org\",\"@graph\":[{\"@type\":[\"WebPage\",\"ItemPage\"],\"@id\":\"https:\\\/\\\/ondato.com\\\/es\\\/soluciones-de-due-diligence-de-clientes\\\/\",\"url\":\"https:\\\/\\\/ondato.com\\\/es\\\/soluciones-de-due-diligence-de-clientes\\\/\",\"name\":\"Soluciones CDD | Cumplimiento AML y verificaci\u00f3n de clientes\",\"isPartOf\":{\"@id\":\"https:\\\/\\\/ondato.com\\\/es\\\/#website\"},\"primaryImageOfPage\":{\"@id\":\"https:\\\/\\\/ondato.com\\\/es\\\/soluciones-de-due-diligence-de-clientes\\\/#primaryimage\"},\"image\":{\"@id\":\"https:\\\/\\\/ondato.com\\\/es\\\/soluciones-de-due-diligence-de-clientes\\\/#primaryimage\"},\"thumbnailUrl\":\"https:\\\/\\\/ondato.com\\\/wp-content\\\/uploads\\\/2025\\\/12\\\/v01_Due-diligence_Cover.webp\",\"datePublished\":\"2023-03-09T07:34:41+00:00\",\"dateModified\":\"2026-05-14T11:01:13+00:00\",\"description\":\"Automatiza la diligencia debida (CDD) con Ondato. Verifica clientes, eval\u00faa riesgos y cumple con normativas AML de forma eficiente y segura.\",\"breadcrumb\":{\"@id\":\"https:\\\/\\\/ondato.com\\\/es\\\/soluciones-de-due-diligence-de-clientes\\\/#breadcrumb\"},\"inLanguage\":\"es\",\"potentialAction\":[{\"@type\":\"ReadAction\",\"target\":[\"https:\\\/\\\/ondato.com\\\/es\\\/soluciones-de-due-diligence-de-clientes\\\/\"]}]},{\"@type\":\"ImageObject\",\"inLanguage\":\"es\",\"@id\":\"https:\\\/\\\/ondato.com\\\/es\\\/soluciones-de-due-diligence-de-clientes\\\/#primaryimage\",\"url\":\"https:\\\/\\\/ondato.com\\\/wp-content\\\/uploads\\\/2025\\\/12\\\/v01_Due-diligence_Cover.webp\",\"contentUrl\":\"https:\\\/\\\/ondato.com\\\/wp-content\\\/uploads\\\/2025\\\/12\\\/v01_Due-diligence_Cover.webp\",\"width\":537,\"height\":537},{\"@type\":\"BreadcrumbList\",\"@id\":\"https:\\\/\\\/ondato.com\\\/es\\\/soluciones-de-due-diligence-de-clientes\\\/#breadcrumb\",\"itemListElement\":[{\"@type\":\"ListItem\",\"position\":1,\"name\":\"Inicio\",\"item\":\"https:\\\/\\\/ondato.com\\\/es\\\/\"},{\"@type\":\"ListItem\",\"position\":2,\"name\":\"Soluciones de due diligence de clientes\"}]},{\"@type\":\"WebSite\",\"@id\":\"https:\\\/\\\/ondato.com\\\/es\\\/#website\",\"url\":\"https:\\\/\\\/ondato.com\\\/es\\\/\",\"name\":\"Ondato\",\"description\":\"Suite integral y rentable para la gesti\u00f3n del cumplimiento normativo\",\"publisher\":{\"@id\":\"https:\\\/\\\/ondato.com\\\/es\\\/#organization\"},\"potentialAction\":[{\"@type\":\"SearchAction\",\"target\":{\"@type\":\"EntryPoint\",\"urlTemplate\":\"https:\\\/\\\/ondato.com\\\/es\\\/?s={search_term_string}\"},\"query-input\":{\"@type\":\"PropertyValueSpecification\",\"valueRequired\":true,\"valueName\":\"search_term_string\"}}],\"inLanguage\":\"es\"},{\"@type\":\"Organization\",\"@id\":\"https:\\\/\\\/ondato.com\\\/es\\\/#organization\",\"name\":\"Ondato\",\"url\":\"https:\\\/\\\/ondato.com\\\/es\\\/\",\"logo\":{\"@type\":\"ImageObject\",\"inLanguage\":\"es\",\"@id\":\"https:\\\/\\\/ondato.com\\\/es\\\/#\\\/schema\\\/logo\\\/image\\\/\",\"url\":\"https:\\\/\\\/ondato.com\\\/wp-content\\\/uploads\\\/2022\\\/08\\\/v01_Profile-photo-1.png\",\"contentUrl\":\"https:\\\/\\\/ondato.com\\\/wp-content\\\/uploads\\\/2022\\\/08\\\/v01_Profile-photo-1.png\",\"width\":1080,\"height\":1080,\"caption\":\"Ondato\"},\"image\":{\"@id\":\"https:\\\/\\\/ondato.com\\\/es\\\/#\\\/schema\\\/logo\\\/image\\\/\"},\"sameAs\":[\"https:\\\/\\\/www.facebook.com\\\/OndatoKYC\",\"https:\\\/\\\/x.com\\\/OndatoKYC\",\"https:\\\/\\\/www.linkedin.com\\\/company\\\/12576605\\\/\",\"https:\\\/\\\/www.youtube.com\\\/channel\\\/UC4eMJhSGAf5hRO4YxnzrFFw\"]}]}<\/script>\n<!-- \/ Yoast SEO Premium plugin. -->","yoast_head_json":{"title":"Soluciones CDD | Cumplimiento AML y verificaci\u00f3n de clientes","description":"Automatiza la diligencia debida (CDD) con Ondato. Verifica clientes, eval\u00faa riesgos y cumple con normativas AML de forma eficiente y segura.","robots":{"index":"index","follow":"follow","max-snippet":"max-snippet:-1","max-image-preview":"max-image-preview:large","max-video-preview":"max-video-preview:-1"},"canonical":"https:\/\/ondato.com\/es\/soluciones-de-due-diligence-de-clientes\/","og_locale":"es_ES","og_type":"article","og_title":"Soluciones de due diligence de clientes","og_description":"Automatiza la diligencia debida (CDD) con Ondato. Verifica clientes, eval\u00faa riesgos y cumple con normativas AML de forma eficiente y segura.","og_url":"https:\/\/ondato.com\/es\/soluciones-de-due-diligence-de-clientes\/","og_site_name":"Ondato","article_publisher":"https:\/\/www.facebook.com\/OndatoKYC","article_modified_time":"2026-05-14T11:01:13+00:00","og_image":[{"width":1200,"height":630,"url":"https:\/\/ondato.com\/wp-content\/uploads\/2022\/06\/v02_Thumbnails_Due-diligence.png","type":"image\/png"}],"twitter_card":"summary_large_image","twitter_image":"https:\/\/ondato.com\/wp-content\/uploads\/2022\/06\/v02_Thumbnails_Due-diligence.png","twitter_site":"@OndatoKYC","twitter_misc":{"Tiempo de lectura":"1 minuto"},"schema":{"@context":"https:\/\/schema.org","@graph":[{"@type":["WebPage","ItemPage"],"@id":"https:\/\/ondato.com\/es\/soluciones-de-due-diligence-de-clientes\/","url":"https:\/\/ondato.com\/es\/soluciones-de-due-diligence-de-clientes\/","name":"Soluciones CDD | Cumplimiento AML y verificaci\u00f3n de clientes","isPartOf":{"@id":"https:\/\/ondato.com\/es\/#website"},"primaryImageOfPage":{"@id":"https:\/\/ondato.com\/es\/soluciones-de-due-diligence-de-clientes\/#primaryimage"},"image":{"@id":"https:\/\/ondato.com\/es\/soluciones-de-due-diligence-de-clientes\/#primaryimage"},"thumbnailUrl":"https:\/\/ondato.com\/wp-content\/uploads\/2025\/12\/v01_Due-diligence_Cover.webp","datePublished":"2023-03-09T07:34:41+00:00","dateModified":"2026-05-14T11:01:13+00:00","description":"Automatiza la diligencia debida (CDD) con Ondato. Verifica clientes, eval\u00faa riesgos y cumple con normativas AML de forma eficiente y segura.","breadcrumb":{"@id":"https:\/\/ondato.com\/es\/soluciones-de-due-diligence-de-clientes\/#breadcrumb"},"inLanguage":"es","potentialAction":[{"@type":"ReadAction","target":["https:\/\/ondato.com\/es\/soluciones-de-due-diligence-de-clientes\/"]}]},{"@type":"ImageObject","inLanguage":"es","@id":"https:\/\/ondato.com\/es\/soluciones-de-due-diligence-de-clientes\/#primaryimage","url":"https:\/\/ondato.com\/wp-content\/uploads\/2025\/12\/v01_Due-diligence_Cover.webp","contentUrl":"https:\/\/ondato.com\/wp-content\/uploads\/2025\/12\/v01_Due-diligence_Cover.webp","width":537,"height":537},{"@type":"BreadcrumbList","@id":"https:\/\/ondato.com\/es\/soluciones-de-due-diligence-de-clientes\/#breadcrumb","itemListElement":[{"@type":"ListItem","position":1,"name":"Inicio","item":"https:\/\/ondato.com\/es\/"},{"@type":"ListItem","position":2,"name":"Soluciones de due diligence de clientes"}]},{"@type":"WebSite","@id":"https:\/\/ondato.com\/es\/#website","url":"https:\/\/ondato.com\/es\/","name":"Ondato","description":"Suite integral y rentable para la gesti\u00f3n del cumplimiento normativo","publisher":{"@id":"https:\/\/ondato.com\/es\/#organization"},"potentialAction":[{"@type":"SearchAction","target":{"@type":"EntryPoint","urlTemplate":"https:\/\/ondato.com\/es\/?s={search_term_string}"},"query-input":{"@type":"PropertyValueSpecification","valueRequired":true,"valueName":"search_term_string"}}],"inLanguage":"es"},{"@type":"Organization","@id":"https:\/\/ondato.com\/es\/#organization","name":"Ondato","url":"https:\/\/ondato.com\/es\/","logo":{"@type":"ImageObject","inLanguage":"es","@id":"https:\/\/ondato.com\/es\/#\/schema\/logo\/image\/","url":"https:\/\/ondato.com\/wp-content\/uploads\/2022\/08\/v01_Profile-photo-1.png","contentUrl":"https:\/\/ondato.com\/wp-content\/uploads\/2022\/08\/v01_Profile-photo-1.png","width":1080,"height":1080,"caption":"Ondato"},"image":{"@id":"https:\/\/ondato.com\/es\/#\/schema\/logo\/image\/"},"sameAs":["https:\/\/www.facebook.com\/OndatoKYC","https:\/\/x.com\/OndatoKYC","https:\/\/www.linkedin.com\/company\/12576605\/","https:\/\/www.youtube.com\/channel\/UC4eMJhSGAf5hRO4YxnzrFFw"]}]}},"_links":{"self":[{"href":"https:\/\/ondato.com\/es\/wp-json\/wp\/v2\/pages\/152544","targetHints":{"allow":["GET"]}}],"collection":[{"href":"https:\/\/ondato.com\/es\/wp-json\/wp\/v2\/pages"}],"about":[{"href":"https:\/\/ondato.com\/es\/wp-json\/wp\/v2\/types\/page"}],"author":[{"embeddable":true,"href":"https:\/\/ondato.com\/es\/wp-json\/wp\/v2\/users\/1"}],"replies":[{"embeddable":true,"href":"https:\/\/ondato.com\/es\/wp-json\/wp\/v2\/comments?post=152544"}],"version-history":[{"count":0,"href":"https:\/\/ondato.com\/es\/wp-json\/wp\/v2\/pages\/152544\/revisions"}],"wp:featuredmedia":[{"embeddable":true,"href":"https:\/\/ondato.com\/es\/wp-json\/wp\/v2\/media\/152202"}],"wp:attachment":[{"href":"https:\/\/ondato.com\/es\/wp-json\/wp\/v2\/media?parent=152544"}],"curies":[{"name":"wp","href":"https:\/\/api.w.org\/{rel}","templated":true}]}}