{"id":152547,"date":"2022-04-11T13:50:32","date_gmt":"2022-04-11T10:50:32","guid":{"rendered":"https:\/\/ondato.com\/?page_id=152547"},"modified":"2026-05-14T15:49:22","modified_gmt":"2026-05-14T12:49:22","slug":"servicios-de-verificacion-de-sanciones","status":"publish","type":"page","link":"https:\/\/ondato.com\/es\/servicios-de-verificacion-de-sanciones\/","title":{"rendered":"Servicios de verificaci\u00f3n de sanciones"},"content":{"rendered":"\n<p>La evaluaci\u00f3n de sanciones y el seguimiento de las relaciones comerciales son m\u00e1s importantes que nunca. No conf\u00ede en los motores de b\u00fasqueda para verificar sanciones. En su lugar, utilice nuestro software de verificaci\u00f3n de sanciones, completo y de m\u00e1xima calidad. Nuestra herramienta consolida las sanciones de todos los organismos pertinentes en un solo lugar, lo que permite un proceso de verificaci\u00f3n m\u00e1s fluido y un cumplimiento normativo m\u00e1s sencillo.<\/p>\n","protected":false},"excerpt":{"rendered":"<p>La evaluaci\u00f3n de sanciones y el seguimiento de las relaciones comerciales son m\u00e1s importantes que nunca. No conf\u00ede en los motores de b\u00fasqueda para verificar sanciones. En su lugar, utilice nuestro software de verificaci\u00f3n de sanciones, completo y de m\u00e1xima calidad. Nuestra herramienta consolida las sanciones de todos los organismos pertinentes en un solo lugar, [&hellip;]<\/p>\n","protected":false},"author":1,"featured_media":151786,"parent":0,"menu_order":0,"comment_status":"closed","ping_status":"closed","template":"templates-modules\/flexible-solution.php","meta":{"_acf_changed":true,"inline_featured_image":false,"footnotes":""},"class_list":["post-152547","page","type-page","status-publish","has-post-thumbnail","hentry"],"acf":[],"yoast_head":"<!-- This site is optimized with the Yoast SEO Premium plugin v27.4 (Yoast SEO v27.6) - https:\/\/yoast.com\/product\/yoast-seo-premium-wordpress\/ -->\n<title>Screening de sanciones | Cumple con normativas con Ondato<\/title>\n<meta name=\"description\" content=\"Mant\u00e9n el cumplimiento con el screening de sanciones de Ondato. Automatiza controles sobre listas de sanciones, PEPs y medios adversos para reducir riesgos financieros.\" \/>\n<meta name=\"robots\" content=\"index, follow, max-snippet:-1, max-image-preview:large, max-video-preview:-1\" \/>\n<link rel=\"canonical\" href=\"https:\/\/ondato.com\/es\/servicios-de-verificacion-de-sanciones\/\" \/>\n<meta property=\"og:locale\" content=\"es_ES\" \/>\n<meta property=\"og:type\" content=\"article\" \/>\n<meta property=\"og:title\" content=\"Servicios de verificaci\u00f3n de sanciones\" \/>\n<meta property=\"og:description\" content=\"Mant\u00e9n el cumplimiento con el screening de sanciones de Ondato. Automatiza controles sobre listas de sanciones, PEPs y medios adversos para reducir riesgos financieros.\" \/>\n<meta property=\"og:url\" content=\"https:\/\/ondato.com\/es\/servicios-de-verificacion-de-sanciones\/\" \/>\n<meta property=\"og:site_name\" content=\"Ondato\" \/>\n<meta property=\"article:publisher\" content=\"https:\/\/www.facebook.com\/OndatoKYC\" \/>\n<meta property=\"article:modified_time\" content=\"2026-05-14T12:49:22+00:00\" \/>\n<meta property=\"og:image\" content=\"https:\/\/ondato.com\/wp-content\/uploads\/2022\/06\/v02_Thumbnails_Sanctions-screening.png\" \/>\n\t<meta property=\"og:image:width\" content=\"1200\" \/>\n\t<meta property=\"og:image:height\" content=\"630\" \/>\n\t<meta property=\"og:image:type\" content=\"image\/png\" \/>\n<meta name=\"twitter:card\" content=\"summary_large_image\" \/>\n<meta name=\"twitter:image\" content=\"https:\/\/ondato.com\/wp-content\/uploads\/2022\/06\/v02_Thumbnails_Sanctions-screening.png\" \/>\n<meta name=\"twitter:site\" content=\"@OndatoKYC\" \/>\n<meta name=\"twitter:label1\" content=\"Tiempo de lectura\" \/>\n\t<meta name=\"twitter:data1\" content=\"1 minuto\" \/>\n<script type=\"application\/ld+json\" class=\"yoast-schema-graph\">{\"@context\":\"https:\\\/\\\/schema.org\",\"@graph\":[{\"@type\":[\"WebPage\",\"ItemPage\"],\"@id\":\"https:\\\/\\\/ondato.com\\\/es\\\/servicios-de-verificacion-de-sanciones\\\/\",\"url\":\"https:\\\/\\\/ondato.com\\\/es\\\/servicios-de-verificacion-de-sanciones\\\/\",\"name\":\"Screening de sanciones | Cumple con normativas con Ondato\",\"isPartOf\":{\"@id\":\"https:\\\/\\\/ondato.com\\\/es\\\/#website\"},\"primaryImageOfPage\":{\"@id\":\"https:\\\/\\\/ondato.com\\\/es\\\/servicios-de-verificacion-de-sanciones\\\/#primaryimage\"},\"image\":{\"@id\":\"https:\\\/\\\/ondato.com\\\/es\\\/servicios-de-verificacion-de-sanciones\\\/#primaryimage\"},\"thumbnailUrl\":\"https:\\\/\\\/ondato.com\\\/wp-content\\\/uploads\\\/2025\\\/11\\\/v02_Sanctions-screening_Cover.webp\",\"datePublished\":\"2022-04-11T10:50:32+00:00\",\"dateModified\":\"2026-05-14T12:49:22+00:00\",\"description\":\"Mant\u00e9n el cumplimiento con el screening de sanciones de Ondato. Automatiza controles sobre listas de sanciones, PEPs y medios adversos para reducir riesgos financieros.\",\"breadcrumb\":{\"@id\":\"https:\\\/\\\/ondato.com\\\/es\\\/servicios-de-verificacion-de-sanciones\\\/#breadcrumb\"},\"inLanguage\":\"es\",\"potentialAction\":[{\"@type\":\"ReadAction\",\"target\":[\"https:\\\/\\\/ondato.com\\\/es\\\/servicios-de-verificacion-de-sanciones\\\/\"]}]},{\"@type\":\"ImageObject\",\"inLanguage\":\"es\",\"@id\":\"https:\\\/\\\/ondato.com\\\/es\\\/servicios-de-verificacion-de-sanciones\\\/#primaryimage\",\"url\":\"https:\\\/\\\/ondato.com\\\/wp-content\\\/uploads\\\/2025\\\/11\\\/v02_Sanctions-screening_Cover.webp\",\"contentUrl\":\"https:\\\/\\\/ondato.com\\\/wp-content\\\/uploads\\\/2025\\\/11\\\/v02_Sanctions-screening_Cover.webp\",\"width\":536,\"height\":536},{\"@type\":\"BreadcrumbList\",\"@id\":\"https:\\\/\\\/ondato.com\\\/es\\\/servicios-de-verificacion-de-sanciones\\\/#breadcrumb\",\"itemListElement\":[{\"@type\":\"ListItem\",\"position\":1,\"name\":\"Inicio\",\"item\":\"https:\\\/\\\/ondato.com\\\/es\\\/\"},{\"@type\":\"ListItem\",\"position\":2,\"name\":\"Servicios de verificaci\u00f3n de sanciones\"}]},{\"@type\":\"WebSite\",\"@id\":\"https:\\\/\\\/ondato.com\\\/es\\\/#website\",\"url\":\"https:\\\/\\\/ondato.com\\\/es\\\/\",\"name\":\"Ondato\",\"description\":\"Suite integral y rentable para la gesti\u00f3n del cumplimiento normativo\",\"publisher\":{\"@id\":\"https:\\\/\\\/ondato.com\\\/es\\\/#organization\"},\"potentialAction\":[{\"@type\":\"SearchAction\",\"target\":{\"@type\":\"EntryPoint\",\"urlTemplate\":\"https:\\\/\\\/ondato.com\\\/es\\\/?s={search_term_string}\"},\"query-input\":{\"@type\":\"PropertyValueSpecification\",\"valueRequired\":true,\"valueName\":\"search_term_string\"}}],\"inLanguage\":\"es\"},{\"@type\":\"Organization\",\"@id\":\"https:\\\/\\\/ondato.com\\\/es\\\/#organization\",\"name\":\"Ondato\",\"url\":\"https:\\\/\\\/ondato.com\\\/es\\\/\",\"logo\":{\"@type\":\"ImageObject\",\"inLanguage\":\"es\",\"@id\":\"https:\\\/\\\/ondato.com\\\/es\\\/#\\\/schema\\\/logo\\\/image\\\/\",\"url\":\"https:\\\/\\\/ondato.com\\\/wp-content\\\/uploads\\\/2022\\\/08\\\/v01_Profile-photo-1.png\",\"contentUrl\":\"https:\\\/\\\/ondato.com\\\/wp-content\\\/uploads\\\/2022\\\/08\\\/v01_Profile-photo-1.png\",\"width\":1080,\"height\":1080,\"caption\":\"Ondato\"},\"image\":{\"@id\":\"https:\\\/\\\/ondato.com\\\/es\\\/#\\\/schema\\\/logo\\\/image\\\/\"},\"sameAs\":[\"https:\\\/\\\/www.facebook.com\\\/OndatoKYC\",\"https:\\\/\\\/x.com\\\/OndatoKYC\",\"https:\\\/\\\/www.linkedin.com\\\/company\\\/12576605\\\/\",\"https:\\\/\\\/www.youtube.com\\\/channel\\\/UC4eMJhSGAf5hRO4YxnzrFFw\"]}]}<\/script>\n<!-- \/ Yoast SEO Premium plugin. -->","yoast_head_json":{"title":"Screening de sanciones | Cumple con normativas con Ondato","description":"Mant\u00e9n el cumplimiento con el screening de sanciones de Ondato. Automatiza controles sobre listas de sanciones, PEPs y medios adversos para reducir riesgos financieros.","robots":{"index":"index","follow":"follow","max-snippet":"max-snippet:-1","max-image-preview":"max-image-preview:large","max-video-preview":"max-video-preview:-1"},"canonical":"https:\/\/ondato.com\/es\/servicios-de-verificacion-de-sanciones\/","og_locale":"es_ES","og_type":"article","og_title":"Servicios de verificaci\u00f3n de sanciones","og_description":"Mant\u00e9n el cumplimiento con el screening de sanciones de Ondato. Automatiza controles sobre listas de sanciones, PEPs y medios adversos para reducir riesgos financieros.","og_url":"https:\/\/ondato.com\/es\/servicios-de-verificacion-de-sanciones\/","og_site_name":"Ondato","article_publisher":"https:\/\/www.facebook.com\/OndatoKYC","article_modified_time":"2026-05-14T12:49:22+00:00","og_image":[{"width":1200,"height":630,"url":"https:\/\/ondato.com\/wp-content\/uploads\/2022\/06\/v02_Thumbnails_Sanctions-screening.png","type":"image\/png"}],"twitter_card":"summary_large_image","twitter_image":"https:\/\/ondato.com\/wp-content\/uploads\/2022\/06\/v02_Thumbnails_Sanctions-screening.png","twitter_site":"@OndatoKYC","twitter_misc":{"Tiempo de lectura":"1 minuto"},"schema":{"@context":"https:\/\/schema.org","@graph":[{"@type":["WebPage","ItemPage"],"@id":"https:\/\/ondato.com\/es\/servicios-de-verificacion-de-sanciones\/","url":"https:\/\/ondato.com\/es\/servicios-de-verificacion-de-sanciones\/","name":"Screening de sanciones | Cumple con normativas con Ondato","isPartOf":{"@id":"https:\/\/ondato.com\/es\/#website"},"primaryImageOfPage":{"@id":"https:\/\/ondato.com\/es\/servicios-de-verificacion-de-sanciones\/#primaryimage"},"image":{"@id":"https:\/\/ondato.com\/es\/servicios-de-verificacion-de-sanciones\/#primaryimage"},"thumbnailUrl":"https:\/\/ondato.com\/wp-content\/uploads\/2025\/11\/v02_Sanctions-screening_Cover.webp","datePublished":"2022-04-11T10:50:32+00:00","dateModified":"2026-05-14T12:49:22+00:00","description":"Mant\u00e9n el cumplimiento con el screening de sanciones de Ondato. Automatiza controles sobre listas de sanciones, PEPs y medios adversos para reducir riesgos financieros.","breadcrumb":{"@id":"https:\/\/ondato.com\/es\/servicios-de-verificacion-de-sanciones\/#breadcrumb"},"inLanguage":"es","potentialAction":[{"@type":"ReadAction","target":["https:\/\/ondato.com\/es\/servicios-de-verificacion-de-sanciones\/"]}]},{"@type":"ImageObject","inLanguage":"es","@id":"https:\/\/ondato.com\/es\/servicios-de-verificacion-de-sanciones\/#primaryimage","url":"https:\/\/ondato.com\/wp-content\/uploads\/2025\/11\/v02_Sanctions-screening_Cover.webp","contentUrl":"https:\/\/ondato.com\/wp-content\/uploads\/2025\/11\/v02_Sanctions-screening_Cover.webp","width":536,"height":536},{"@type":"BreadcrumbList","@id":"https:\/\/ondato.com\/es\/servicios-de-verificacion-de-sanciones\/#breadcrumb","itemListElement":[{"@type":"ListItem","position":1,"name":"Inicio","item":"https:\/\/ondato.com\/es\/"},{"@type":"ListItem","position":2,"name":"Servicios de verificaci\u00f3n de sanciones"}]},{"@type":"WebSite","@id":"https:\/\/ondato.com\/es\/#website","url":"https:\/\/ondato.com\/es\/","name":"Ondato","description":"Suite integral y rentable para la gesti\u00f3n del cumplimiento normativo","publisher":{"@id":"https:\/\/ondato.com\/es\/#organization"},"potentialAction":[{"@type":"SearchAction","target":{"@type":"EntryPoint","urlTemplate":"https:\/\/ondato.com\/es\/?s={search_term_string}"},"query-input":{"@type":"PropertyValueSpecification","valueRequired":true,"valueName":"search_term_string"}}],"inLanguage":"es"},{"@type":"Organization","@id":"https:\/\/ondato.com\/es\/#organization","name":"Ondato","url":"https:\/\/ondato.com\/es\/","logo":{"@type":"ImageObject","inLanguage":"es","@id":"https:\/\/ondato.com\/es\/#\/schema\/logo\/image\/","url":"https:\/\/ondato.com\/wp-content\/uploads\/2022\/08\/v01_Profile-photo-1.png","contentUrl":"https:\/\/ondato.com\/wp-content\/uploads\/2022\/08\/v01_Profile-photo-1.png","width":1080,"height":1080,"caption":"Ondato"},"image":{"@id":"https:\/\/ondato.com\/es\/#\/schema\/logo\/image\/"},"sameAs":["https:\/\/www.facebook.com\/OndatoKYC","https:\/\/x.com\/OndatoKYC","https:\/\/www.linkedin.com\/company\/12576605\/","https:\/\/www.youtube.com\/channel\/UC4eMJhSGAf5hRO4YxnzrFFw"]}]}},"_links":{"self":[{"href":"https:\/\/ondato.com\/es\/wp-json\/wp\/v2\/pages\/152547","targetHints":{"allow":["GET"]}}],"collection":[{"href":"https:\/\/ondato.com\/es\/wp-json\/wp\/v2\/pages"}],"about":[{"href":"https:\/\/ondato.com\/es\/wp-json\/wp\/v2\/types\/page"}],"author":[{"embeddable":true,"href":"https:\/\/ondato.com\/es\/wp-json\/wp\/v2\/users\/1"}],"replies":[{"embeddable":true,"href":"https:\/\/ondato.com\/es\/wp-json\/wp\/v2\/comments?post=152547"}],"version-history":[{"count":0,"href":"https:\/\/ondato.com\/es\/wp-json\/wp\/v2\/pages\/152547\/revisions"}],"wp:featuredmedia":[{"embeddable":true,"href":"https:\/\/ondato.com\/es\/wp-json\/wp\/v2\/media\/151786"}],"wp:attachment":[{"href":"https:\/\/ondato.com\/es\/wp-json\/wp\/v2\/media?parent=152547"}],"curies":[{"name":"wp","href":"https:\/\/api.w.org\/{rel}","templated":true}]}}