{"id":153019,"date":"2023-03-09T10:19:51","date_gmt":"2023-03-09T07:19:51","guid":{"rendered":"https:\/\/ondato.com\/?page_id=153019"},"modified":"2026-05-14T09:59:15","modified_gmt":"2026-05-14T06:59:15","slug":"servicios-de-autenticacion-de-identidad","status":"publish","type":"page","link":"https:\/\/ondato.com\/es\/servicios-de-autenticacion-de-identidad\/","title":{"rendered":"Servicios de autenticaci\u00f3n de identidad"},"content":{"rendered":"\n<p>Haz que el proceso de tus usuarios recurrentes sea m\u00e1s accesible sin comprometer una autenticaci\u00f3n segura. Aprovecha al m\u00e1ximo los datos que ya tienes y vuelve a verificar al usuario durante la autenticaci\u00f3n multifactor con diversas herramientas, sin hacer que el proceso resulte tedioso.<\/p>\n","protected":false},"excerpt":{"rendered":"<p>Haz que el proceso de tus usuarios recurrentes sea m\u00e1s accesible sin comprometer una autenticaci\u00f3n segura. Aprovecha al m\u00e1ximo los datos que ya tienes y vuelve a verificar al usuario durante la autenticaci\u00f3n multifactor con diversas herramientas, sin hacer que el proceso resulte tedioso.<\/p>\n","protected":false},"author":1,"featured_media":152231,"parent":0,"menu_order":0,"comment_status":"closed","ping_status":"closed","template":"templates-modules\/flexible-solution.php","meta":{"_acf_changed":true,"inline_featured_image":false,"footnotes":""},"class_list":["post-153019","page","type-page","status-publish","has-post-thumbnail","hentry"],"acf":[],"yoast_head":"<!-- This site is optimized with the Yoast SEO Premium plugin v27.4 (Yoast SEO v27.6) - https:\/\/yoast.com\/product\/yoast-seo-premium-wordpress\/ -->\n<title>Soluciones seguras de autenticaci\u00f3n para empresas | Ondato<\/title>\n<meta name=\"description\" content=\"Explora soluciones avanzadas de autenticaci\u00f3n para prevenir el fraude y optimizar el acceso. Verificaci\u00f3n biom\u00e9trica, firmas digitales y m\u00e1s en una plataforma segura.\" \/>\n<meta name=\"robots\" content=\"index, follow, max-snippet:-1, max-image-preview:large, max-video-preview:-1\" \/>\n<link rel=\"canonical\" href=\"https:\/\/ondato.com\/es\/servicios-de-autenticacion-de-identidad\/\" \/>\n<meta property=\"og:locale\" content=\"es_ES\" \/>\n<meta property=\"og:type\" content=\"article\" \/>\n<meta property=\"og:title\" content=\"Servicios de autenticaci\u00f3n de identidad\" \/>\n<meta property=\"og:description\" content=\"Explora soluciones avanzadas de autenticaci\u00f3n para prevenir el fraude y optimizar el acceso. Verificaci\u00f3n biom\u00e9trica, firmas digitales y m\u00e1s en una plataforma segura.\" \/>\n<meta property=\"og:url\" content=\"https:\/\/ondato.com\/es\/servicios-de-autenticacion-de-identidad\/\" \/>\n<meta property=\"og:site_name\" content=\"Ondato\" \/>\n<meta property=\"article:publisher\" content=\"https:\/\/www.facebook.com\/OndatoKYC\" \/>\n<meta property=\"article:modified_time\" content=\"2026-05-14T06:59:15+00:00\" \/>\n<meta property=\"og:image\" content=\"https:\/\/ondato.com\/wp-content\/uploads\/2022\/06\/v02_Thumbnails_Authentication.png\" \/>\n\t<meta property=\"og:image:width\" content=\"1200\" \/>\n\t<meta property=\"og:image:height\" content=\"630\" \/>\n\t<meta property=\"og:image:type\" content=\"image\/png\" \/>\n<meta name=\"twitter:card\" content=\"summary_large_image\" \/>\n<meta name=\"twitter:image\" content=\"https:\/\/ondato.com\/wp-content\/uploads\/2022\/06\/v02_Thumbnails_Authentication.png\" \/>\n<meta name=\"twitter:site\" content=\"@OndatoKYC\" \/>\n<meta name=\"twitter:label1\" content=\"Tiempo de lectura\" \/>\n\t<meta name=\"twitter:data1\" content=\"1 minuto\" \/>\n<script type=\"application\/ld+json\" class=\"yoast-schema-graph\">{\"@context\":\"https:\\\/\\\/schema.org\",\"@graph\":[{\"@type\":[\"WebPage\",\"CollectionPage\"],\"@id\":\"https:\\\/\\\/ondato.com\\\/es\\\/servicios-de-autenticacion-de-identidad\\\/\",\"url\":\"https:\\\/\\\/ondato.com\\\/es\\\/servicios-de-autenticacion-de-identidad\\\/\",\"name\":\"Soluciones seguras de autenticaci\u00f3n para empresas | Ondato\",\"isPartOf\":{\"@id\":\"https:\\\/\\\/ondato.com\\\/es\\\/#website\"},\"primaryImageOfPage\":{\"@id\":\"https:\\\/\\\/ondato.com\\\/es\\\/servicios-de-autenticacion-de-identidad\\\/#primaryimage\"},\"image\":{\"@id\":\"https:\\\/\\\/ondato.com\\\/es\\\/servicios-de-autenticacion-de-identidad\\\/#primaryimage\"},\"thumbnailUrl\":\"https:\\\/\\\/ondato.com\\\/wp-content\\\/uploads\\\/2025\\\/12\\\/v01_Autentication_Cover.webp\",\"datePublished\":\"2023-03-09T07:19:51+00:00\",\"dateModified\":\"2026-05-14T06:59:15+00:00\",\"description\":\"Explora soluciones avanzadas de autenticaci\u00f3n para prevenir el fraude y optimizar el acceso. Verificaci\u00f3n biom\u00e9trica, firmas digitales y m\u00e1s en una plataforma segura.\",\"breadcrumb\":{\"@id\":\"https:\\\/\\\/ondato.com\\\/es\\\/servicios-de-autenticacion-de-identidad\\\/#breadcrumb\"},\"inLanguage\":\"es\"},{\"@type\":\"ImageObject\",\"inLanguage\":\"es\",\"@id\":\"https:\\\/\\\/ondato.com\\\/es\\\/servicios-de-autenticacion-de-identidad\\\/#primaryimage\",\"url\":\"https:\\\/\\\/ondato.com\\\/wp-content\\\/uploads\\\/2025\\\/12\\\/v01_Autentication_Cover.webp\",\"contentUrl\":\"https:\\\/\\\/ondato.com\\\/wp-content\\\/uploads\\\/2025\\\/12\\\/v01_Autentication_Cover.webp\",\"width\":537,\"height\":537},{\"@type\":\"BreadcrumbList\",\"@id\":\"https:\\\/\\\/ondato.com\\\/es\\\/servicios-de-autenticacion-de-identidad\\\/#breadcrumb\",\"itemListElement\":[{\"@type\":\"ListItem\",\"position\":1,\"name\":\"Inicio\",\"item\":\"https:\\\/\\\/ondato.com\\\/es\\\/\"},{\"@type\":\"ListItem\",\"position\":2,\"name\":\"Servicios de autenticaci\u00f3n de identidad\"}]},{\"@type\":\"WebSite\",\"@id\":\"https:\\\/\\\/ondato.com\\\/es\\\/#website\",\"url\":\"https:\\\/\\\/ondato.com\\\/es\\\/\",\"name\":\"Ondato\",\"description\":\"Suite integral y rentable para la gesti\u00f3n del cumplimiento normativo\",\"publisher\":{\"@id\":\"https:\\\/\\\/ondato.com\\\/es\\\/#organization\"},\"potentialAction\":[{\"@type\":\"SearchAction\",\"target\":{\"@type\":\"EntryPoint\",\"urlTemplate\":\"https:\\\/\\\/ondato.com\\\/es\\\/?s={search_term_string}\"},\"query-input\":{\"@type\":\"PropertyValueSpecification\",\"valueRequired\":true,\"valueName\":\"search_term_string\"}}],\"inLanguage\":\"es\"},{\"@type\":\"Organization\",\"@id\":\"https:\\\/\\\/ondato.com\\\/es\\\/#organization\",\"name\":\"Ondato\",\"url\":\"https:\\\/\\\/ondato.com\\\/es\\\/\",\"logo\":{\"@type\":\"ImageObject\",\"inLanguage\":\"es\",\"@id\":\"https:\\\/\\\/ondato.com\\\/es\\\/#\\\/schema\\\/logo\\\/image\\\/\",\"url\":\"https:\\\/\\\/ondato.com\\\/wp-content\\\/uploads\\\/2022\\\/08\\\/v01_Profile-photo-1.png\",\"contentUrl\":\"https:\\\/\\\/ondato.com\\\/wp-content\\\/uploads\\\/2022\\\/08\\\/v01_Profile-photo-1.png\",\"width\":1080,\"height\":1080,\"caption\":\"Ondato\"},\"image\":{\"@id\":\"https:\\\/\\\/ondato.com\\\/es\\\/#\\\/schema\\\/logo\\\/image\\\/\"},\"sameAs\":[\"https:\\\/\\\/www.facebook.com\\\/OndatoKYC\",\"https:\\\/\\\/x.com\\\/OndatoKYC\",\"https:\\\/\\\/www.linkedin.com\\\/company\\\/12576605\\\/\",\"https:\\\/\\\/www.youtube.com\\\/channel\\\/UC4eMJhSGAf5hRO4YxnzrFFw\"]}]}<\/script>\n<!-- \/ Yoast SEO Premium plugin. -->","yoast_head_json":{"title":"Soluciones seguras de autenticaci\u00f3n para empresas | Ondato","description":"Explora soluciones avanzadas de autenticaci\u00f3n para prevenir el fraude y optimizar el acceso. Verificaci\u00f3n biom\u00e9trica, firmas digitales y m\u00e1s en una plataforma segura.","robots":{"index":"index","follow":"follow","max-snippet":"max-snippet:-1","max-image-preview":"max-image-preview:large","max-video-preview":"max-video-preview:-1"},"canonical":"https:\/\/ondato.com\/es\/servicios-de-autenticacion-de-identidad\/","og_locale":"es_ES","og_type":"article","og_title":"Servicios de autenticaci\u00f3n de identidad","og_description":"Explora soluciones avanzadas de autenticaci\u00f3n para prevenir el fraude y optimizar el acceso. Verificaci\u00f3n biom\u00e9trica, firmas digitales y m\u00e1s en una plataforma segura.","og_url":"https:\/\/ondato.com\/es\/servicios-de-autenticacion-de-identidad\/","og_site_name":"Ondato","article_publisher":"https:\/\/www.facebook.com\/OndatoKYC","article_modified_time":"2026-05-14T06:59:15+00:00","og_image":[{"width":1200,"height":630,"url":"https:\/\/ondato.com\/wp-content\/uploads\/2022\/06\/v02_Thumbnails_Authentication.png","type":"image\/png"}],"twitter_card":"summary_large_image","twitter_image":"https:\/\/ondato.com\/wp-content\/uploads\/2022\/06\/v02_Thumbnails_Authentication.png","twitter_site":"@OndatoKYC","twitter_misc":{"Tiempo de lectura":"1 minuto"},"schema":{"@context":"https:\/\/schema.org","@graph":[{"@type":["WebPage","CollectionPage"],"@id":"https:\/\/ondato.com\/es\/servicios-de-autenticacion-de-identidad\/","url":"https:\/\/ondato.com\/es\/servicios-de-autenticacion-de-identidad\/","name":"Soluciones seguras de autenticaci\u00f3n para empresas | Ondato","isPartOf":{"@id":"https:\/\/ondato.com\/es\/#website"},"primaryImageOfPage":{"@id":"https:\/\/ondato.com\/es\/servicios-de-autenticacion-de-identidad\/#primaryimage"},"image":{"@id":"https:\/\/ondato.com\/es\/servicios-de-autenticacion-de-identidad\/#primaryimage"},"thumbnailUrl":"https:\/\/ondato.com\/wp-content\/uploads\/2025\/12\/v01_Autentication_Cover.webp","datePublished":"2023-03-09T07:19:51+00:00","dateModified":"2026-05-14T06:59:15+00:00","description":"Explora soluciones avanzadas de autenticaci\u00f3n para prevenir el fraude y optimizar el acceso. Verificaci\u00f3n biom\u00e9trica, firmas digitales y m\u00e1s en una plataforma segura.","breadcrumb":{"@id":"https:\/\/ondato.com\/es\/servicios-de-autenticacion-de-identidad\/#breadcrumb"},"inLanguage":"es"},{"@type":"ImageObject","inLanguage":"es","@id":"https:\/\/ondato.com\/es\/servicios-de-autenticacion-de-identidad\/#primaryimage","url":"https:\/\/ondato.com\/wp-content\/uploads\/2025\/12\/v01_Autentication_Cover.webp","contentUrl":"https:\/\/ondato.com\/wp-content\/uploads\/2025\/12\/v01_Autentication_Cover.webp","width":537,"height":537},{"@type":"BreadcrumbList","@id":"https:\/\/ondato.com\/es\/servicios-de-autenticacion-de-identidad\/#breadcrumb","itemListElement":[{"@type":"ListItem","position":1,"name":"Inicio","item":"https:\/\/ondato.com\/es\/"},{"@type":"ListItem","position":2,"name":"Servicios de autenticaci\u00f3n de identidad"}]},{"@type":"WebSite","@id":"https:\/\/ondato.com\/es\/#website","url":"https:\/\/ondato.com\/es\/","name":"Ondato","description":"Suite integral y rentable para la gesti\u00f3n del cumplimiento normativo","publisher":{"@id":"https:\/\/ondato.com\/es\/#organization"},"potentialAction":[{"@type":"SearchAction","target":{"@type":"EntryPoint","urlTemplate":"https:\/\/ondato.com\/es\/?s={search_term_string}"},"query-input":{"@type":"PropertyValueSpecification","valueRequired":true,"valueName":"search_term_string"}}],"inLanguage":"es"},{"@type":"Organization","@id":"https:\/\/ondato.com\/es\/#organization","name":"Ondato","url":"https:\/\/ondato.com\/es\/","logo":{"@type":"ImageObject","inLanguage":"es","@id":"https:\/\/ondato.com\/es\/#\/schema\/logo\/image\/","url":"https:\/\/ondato.com\/wp-content\/uploads\/2022\/08\/v01_Profile-photo-1.png","contentUrl":"https:\/\/ondato.com\/wp-content\/uploads\/2022\/08\/v01_Profile-photo-1.png","width":1080,"height":1080,"caption":"Ondato"},"image":{"@id":"https:\/\/ondato.com\/es\/#\/schema\/logo\/image\/"},"sameAs":["https:\/\/www.facebook.com\/OndatoKYC","https:\/\/x.com\/OndatoKYC","https:\/\/www.linkedin.com\/company\/12576605\/","https:\/\/www.youtube.com\/channel\/UC4eMJhSGAf5hRO4YxnzrFFw"]}]}},"_links":{"self":[{"href":"https:\/\/ondato.com\/es\/wp-json\/wp\/v2\/pages\/153019","targetHints":{"allow":["GET"]}}],"collection":[{"href":"https:\/\/ondato.com\/es\/wp-json\/wp\/v2\/pages"}],"about":[{"href":"https:\/\/ondato.com\/es\/wp-json\/wp\/v2\/types\/page"}],"author":[{"embeddable":true,"href":"https:\/\/ondato.com\/es\/wp-json\/wp\/v2\/users\/1"}],"replies":[{"embeddable":true,"href":"https:\/\/ondato.com\/es\/wp-json\/wp\/v2\/comments?post=153019"}],"version-history":[{"count":0,"href":"https:\/\/ondato.com\/es\/wp-json\/wp\/v2\/pages\/153019\/revisions"}],"wp:featuredmedia":[{"embeddable":true,"href":"https:\/\/ondato.com\/es\/wp-json\/wp\/v2\/media\/152231"}],"wp:attachment":[{"href":"https:\/\/ondato.com\/es\/wp-json\/wp\/v2\/media?parent=153019"}],"curies":[{"name":"wp","href":"https:\/\/api.w.org\/{rel}","templated":true}]}}