{"id":153020,"date":"2022-01-19T12:40:20","date_gmt":"2022-01-19T09:40:20","guid":{"rendered":"https:\/\/ondato.com\/?page_id=153020"},"modified":"2026-05-12T14:53:59","modified_gmt":"2026-05-12T11:53:59","slug":"sobre-nosotros","status":"publish","type":"page","link":"https:\/\/ondato.com\/es\/sobre-nosotros\/","title":{"rendered":"Sobre nosotros"},"content":{"rendered":"\n<p>Somos Ondato, una empresa tecnol\u00f3gica que simplifica los procesos relacionados con KYC y AML para empresas. Creamos herramientas que cubren todo el espectro de desaf\u00edos de cumplimiento normativo, desde la incorporaci\u00f3n de nuevos clientes hasta una base de datos integral para la supervisi\u00f3n continua de clientes. Nuestra cultura se basa en la cooperaci\u00f3n con nuestros clientes y, al resolver sus desaf\u00edos empresariales, contribuimos a crear un entorno digital m\u00e1s seguro para todos.<\/p>\n","protected":false},"excerpt":{"rendered":"<p>Somos Ondato, una empresa tecnol\u00f3gica que simplifica los procesos relacionados con KYC y AML para empresas. Creamos herramientas que cubren todo el espectro de desaf\u00edos de cumplimiento normativo, desde la incorporaci\u00f3n de nuevos clientes hasta una base de datos integral para la supervisi\u00f3n continua de clientes. Nuestra cultura se basa en la cooperaci\u00f3n con nuestros [&hellip;]<\/p>\n","protected":false},"author":1,"featured_media":152655,"parent":0,"menu_order":0,"comment_status":"closed","ping_status":"closed","template":"templates\/about-us-2024.php","meta":{"_acf_changed":true,"inline_featured_image":false,"footnotes":""},"class_list":["post-153020","page","type-page","status-publish","has-post-thumbnail","hentry"],"acf":[],"yoast_head":"<!-- This site is optimized with the Yoast SEO Premium plugin v27.4 (Yoast SEO v27.6) - https:\/\/yoast.com\/product\/yoast-seo-premium-wordpress\/ -->\n<title>Ondato | Soluciones de cumplimiento e identidad con IA<\/title>\n<meta name=\"description\" content=\"Descubre la historia de Ondato, l\u00edder en innovaci\u00f3n global en cumplimiento KYC y AML. Descubre c\u00f3mo ayudamos a las empresas con soluciones seguras de identidad y cumplimiento normativo.\" \/>\n<meta name=\"robots\" content=\"index, follow, max-snippet:-1, max-image-preview:large, max-video-preview:-1\" \/>\n<link rel=\"canonical\" href=\"https:\/\/ondato.com\/es\/sobre-nosotros\/\" \/>\n<meta property=\"og:locale\" content=\"es_ES\" \/>\n<meta property=\"og:type\" content=\"article\" \/>\n<meta property=\"og:title\" content=\"Sobre nosotros\" \/>\n<meta property=\"og:description\" content=\"Descubre la historia de Ondato, l\u00edder en innovaci\u00f3n global en cumplimiento KYC y AML. Descubre c\u00f3mo ayudamos a las empresas con soluciones seguras de identidad y cumplimiento normativo.\" \/>\n<meta property=\"og:url\" content=\"https:\/\/ondato.com\/es\/sobre-nosotros\/\" \/>\n<meta property=\"og:site_name\" content=\"Ondato\" \/>\n<meta property=\"article:publisher\" content=\"https:\/\/www.facebook.com\/OndatoKYC\" \/>\n<meta property=\"article:modified_time\" content=\"2026-05-12T11:53:59+00:00\" \/>\n<meta property=\"og:image\" content=\"https:\/\/ondato.com\/wp-content\/uploads\/2022\/06\/v02_Thumbnails_General.png\" \/>\n\t<meta property=\"og:image:width\" content=\"1200\" \/>\n\t<meta property=\"og:image:height\" content=\"630\" \/>\n\t<meta property=\"og:image:type\" content=\"image\/png\" \/>\n<meta name=\"twitter:card\" content=\"summary_large_image\" \/>\n<meta name=\"twitter:image\" content=\"https:\/\/ondato.com\/wp-content\/uploads\/2022\/06\/v02_Thumbnails_General.png\" \/>\n<meta name=\"twitter:site\" content=\"@OndatoKYC\" \/>\n<meta name=\"twitter:label1\" content=\"Tiempo de lectura\" \/>\n\t<meta name=\"twitter:data1\" content=\"1 minuto\" \/>\n<script type=\"application\/ld+json\" class=\"yoast-schema-graph\">{\"@context\":\"https:\\\/\\\/schema.org\",\"@graph\":[{\"@type\":[\"WebPage\",\"AboutPage\"],\"@id\":\"https:\\\/\\\/ondato.com\\\/es\\\/sobre-nosotros\\\/\",\"url\":\"https:\\\/\\\/ondato.com\\\/es\\\/sobre-nosotros\\\/\",\"name\":\"Ondato | Soluciones de cumplimiento e identidad con IA\",\"isPartOf\":{\"@id\":\"https:\\\/\\\/ondato.com\\\/es\\\/#website\"},\"primaryImageOfPage\":{\"@id\":\"https:\\\/\\\/ondato.com\\\/es\\\/sobre-nosotros\\\/#primaryimage\"},\"image\":{\"@id\":\"https:\\\/\\\/ondato.com\\\/es\\\/sobre-nosotros\\\/#primaryimage\"},\"thumbnailUrl\":\"https:\\\/\\\/ondato.com\\\/wp-content\\\/uploads\\\/2026\\\/02\\\/v05_About-us-Cover.webp\",\"datePublished\":\"2022-01-19T09:40:20+00:00\",\"dateModified\":\"2026-05-12T11:53:59+00:00\",\"description\":\"Descubre la historia de Ondato, l\u00edder en innovaci\u00f3n global en cumplimiento KYC y AML. Descubre c\u00f3mo ayudamos a las empresas con soluciones seguras de identidad y cumplimiento normativo.\",\"breadcrumb\":{\"@id\":\"https:\\\/\\\/ondato.com\\\/es\\\/sobre-nosotros\\\/#breadcrumb\"},\"inLanguage\":\"es\",\"potentialAction\":[{\"@type\":\"ReadAction\",\"target\":[\"https:\\\/\\\/ondato.com\\\/es\\\/sobre-nosotros\\\/\"]}]},{\"@type\":\"ImageObject\",\"inLanguage\":\"es\",\"@id\":\"https:\\\/\\\/ondato.com\\\/es\\\/sobre-nosotros\\\/#primaryimage\",\"url\":\"https:\\\/\\\/ondato.com\\\/wp-content\\\/uploads\\\/2026\\\/02\\\/v05_About-us-Cover.webp\",\"contentUrl\":\"https:\\\/\\\/ondato.com\\\/wp-content\\\/uploads\\\/2026\\\/02\\\/v05_About-us-Cover.webp\",\"width\":685,\"height\":595,\"caption\":\"Collage of Ondato achievements including G2 Leader Winter 2025 badge, team photo, fintech conference talks, fastest growing companies recognition, WorldFestival Innovation Award, and Web Summit participation.\"},{\"@type\":\"BreadcrumbList\",\"@id\":\"https:\\\/\\\/ondato.com\\\/es\\\/sobre-nosotros\\\/#breadcrumb\",\"itemListElement\":[{\"@type\":\"ListItem\",\"position\":1,\"name\":\"Inicio\",\"item\":\"https:\\\/\\\/ondato.com\\\/es\\\/\"},{\"@type\":\"ListItem\",\"position\":2,\"name\":\"Sobre nosotros\"}]},{\"@type\":\"WebSite\",\"@id\":\"https:\\\/\\\/ondato.com\\\/es\\\/#website\",\"url\":\"https:\\\/\\\/ondato.com\\\/es\\\/\",\"name\":\"Ondato\",\"description\":\"Suite integral y rentable para la gesti\u00f3n del cumplimiento normativo\",\"publisher\":{\"@id\":\"https:\\\/\\\/ondato.com\\\/es\\\/#organization\"},\"potentialAction\":[{\"@type\":\"SearchAction\",\"target\":{\"@type\":\"EntryPoint\",\"urlTemplate\":\"https:\\\/\\\/ondato.com\\\/es\\\/?s={search_term_string}\"},\"query-input\":{\"@type\":\"PropertyValueSpecification\",\"valueRequired\":true,\"valueName\":\"search_term_string\"}}],\"inLanguage\":\"es\"},{\"@type\":\"Organization\",\"@id\":\"https:\\\/\\\/ondato.com\\\/es\\\/#organization\",\"name\":\"Ondato\",\"url\":\"https:\\\/\\\/ondato.com\\\/es\\\/\",\"logo\":{\"@type\":\"ImageObject\",\"inLanguage\":\"es\",\"@id\":\"https:\\\/\\\/ondato.com\\\/es\\\/#\\\/schema\\\/logo\\\/image\\\/\",\"url\":\"https:\\\/\\\/ondato.com\\\/wp-content\\\/uploads\\\/2022\\\/08\\\/v01_Profile-photo-1.png\",\"contentUrl\":\"https:\\\/\\\/ondato.com\\\/wp-content\\\/uploads\\\/2022\\\/08\\\/v01_Profile-photo-1.png\",\"width\":1080,\"height\":1080,\"caption\":\"Ondato\"},\"image\":{\"@id\":\"https:\\\/\\\/ondato.com\\\/es\\\/#\\\/schema\\\/logo\\\/image\\\/\"},\"sameAs\":[\"https:\\\/\\\/www.facebook.com\\\/OndatoKYC\",\"https:\\\/\\\/x.com\\\/OndatoKYC\",\"https:\\\/\\\/www.linkedin.com\\\/company\\\/12576605\\\/\",\"https:\\\/\\\/www.youtube.com\\\/channel\\\/UC4eMJhSGAf5hRO4YxnzrFFw\"]}]}<\/script>\n<!-- \/ Yoast SEO Premium plugin. -->","yoast_head_json":{"title":"Ondato | Soluciones de cumplimiento e identidad con IA","description":"Descubre la historia de Ondato, l\u00edder en innovaci\u00f3n global en cumplimiento KYC y AML. Descubre c\u00f3mo ayudamos a las empresas con soluciones seguras de identidad y cumplimiento normativo.","robots":{"index":"index","follow":"follow","max-snippet":"max-snippet:-1","max-image-preview":"max-image-preview:large","max-video-preview":"max-video-preview:-1"},"canonical":"https:\/\/ondato.com\/es\/sobre-nosotros\/","og_locale":"es_ES","og_type":"article","og_title":"Sobre nosotros","og_description":"Descubre la historia de Ondato, l\u00edder en innovaci\u00f3n global en cumplimiento KYC y AML. Descubre c\u00f3mo ayudamos a las empresas con soluciones seguras de identidad y cumplimiento normativo.","og_url":"https:\/\/ondato.com\/es\/sobre-nosotros\/","og_site_name":"Ondato","article_publisher":"https:\/\/www.facebook.com\/OndatoKYC","article_modified_time":"2026-05-12T11:53:59+00:00","og_image":[{"width":1200,"height":630,"url":"https:\/\/ondato.com\/wp-content\/uploads\/2022\/06\/v02_Thumbnails_General.png","type":"image\/png"}],"twitter_card":"summary_large_image","twitter_image":"https:\/\/ondato.com\/wp-content\/uploads\/2022\/06\/v02_Thumbnails_General.png","twitter_site":"@OndatoKYC","twitter_misc":{"Tiempo de lectura":"1 minuto"},"schema":{"@context":"https:\/\/schema.org","@graph":[{"@type":["WebPage","AboutPage"],"@id":"https:\/\/ondato.com\/es\/sobre-nosotros\/","url":"https:\/\/ondato.com\/es\/sobre-nosotros\/","name":"Ondato | Soluciones de cumplimiento e identidad con IA","isPartOf":{"@id":"https:\/\/ondato.com\/es\/#website"},"primaryImageOfPage":{"@id":"https:\/\/ondato.com\/es\/sobre-nosotros\/#primaryimage"},"image":{"@id":"https:\/\/ondato.com\/es\/sobre-nosotros\/#primaryimage"},"thumbnailUrl":"https:\/\/ondato.com\/wp-content\/uploads\/2026\/02\/v05_About-us-Cover.webp","datePublished":"2022-01-19T09:40:20+00:00","dateModified":"2026-05-12T11:53:59+00:00","description":"Descubre la historia de Ondato, l\u00edder en innovaci\u00f3n global en cumplimiento KYC y AML. Descubre c\u00f3mo ayudamos a las empresas con soluciones seguras de identidad y cumplimiento normativo.","breadcrumb":{"@id":"https:\/\/ondato.com\/es\/sobre-nosotros\/#breadcrumb"},"inLanguage":"es","potentialAction":[{"@type":"ReadAction","target":["https:\/\/ondato.com\/es\/sobre-nosotros\/"]}]},{"@type":"ImageObject","inLanguage":"es","@id":"https:\/\/ondato.com\/es\/sobre-nosotros\/#primaryimage","url":"https:\/\/ondato.com\/wp-content\/uploads\/2026\/02\/v05_About-us-Cover.webp","contentUrl":"https:\/\/ondato.com\/wp-content\/uploads\/2026\/02\/v05_About-us-Cover.webp","width":685,"height":595,"caption":"Collage of Ondato achievements including G2 Leader Winter 2025 badge, team photo, fintech conference talks, fastest growing companies recognition, WorldFestival Innovation Award, and Web Summit participation."},{"@type":"BreadcrumbList","@id":"https:\/\/ondato.com\/es\/sobre-nosotros\/#breadcrumb","itemListElement":[{"@type":"ListItem","position":1,"name":"Inicio","item":"https:\/\/ondato.com\/es\/"},{"@type":"ListItem","position":2,"name":"Sobre nosotros"}]},{"@type":"WebSite","@id":"https:\/\/ondato.com\/es\/#website","url":"https:\/\/ondato.com\/es\/","name":"Ondato","description":"Suite integral y rentable para la gesti\u00f3n del cumplimiento normativo","publisher":{"@id":"https:\/\/ondato.com\/es\/#organization"},"potentialAction":[{"@type":"SearchAction","target":{"@type":"EntryPoint","urlTemplate":"https:\/\/ondato.com\/es\/?s={search_term_string}"},"query-input":{"@type":"PropertyValueSpecification","valueRequired":true,"valueName":"search_term_string"}}],"inLanguage":"es"},{"@type":"Organization","@id":"https:\/\/ondato.com\/es\/#organization","name":"Ondato","url":"https:\/\/ondato.com\/es\/","logo":{"@type":"ImageObject","inLanguage":"es","@id":"https:\/\/ondato.com\/es\/#\/schema\/logo\/image\/","url":"https:\/\/ondato.com\/wp-content\/uploads\/2022\/08\/v01_Profile-photo-1.png","contentUrl":"https:\/\/ondato.com\/wp-content\/uploads\/2022\/08\/v01_Profile-photo-1.png","width":1080,"height":1080,"caption":"Ondato"},"image":{"@id":"https:\/\/ondato.com\/es\/#\/schema\/logo\/image\/"},"sameAs":["https:\/\/www.facebook.com\/OndatoKYC","https:\/\/x.com\/OndatoKYC","https:\/\/www.linkedin.com\/company\/12576605\/","https:\/\/www.youtube.com\/channel\/UC4eMJhSGAf5hRO4YxnzrFFw"]}]}},"_links":{"self":[{"href":"https:\/\/ondato.com\/es\/wp-json\/wp\/v2\/pages\/153020","targetHints":{"allow":["GET"]}}],"collection":[{"href":"https:\/\/ondato.com\/es\/wp-json\/wp\/v2\/pages"}],"about":[{"href":"https:\/\/ondato.com\/es\/wp-json\/wp\/v2\/types\/page"}],"author":[{"embeddable":true,"href":"https:\/\/ondato.com\/es\/wp-json\/wp\/v2\/users\/1"}],"replies":[{"embeddable":true,"href":"https:\/\/ondato.com\/es\/wp-json\/wp\/v2\/comments?post=153020"}],"version-history":[{"count":0,"href":"https:\/\/ondato.com\/es\/wp-json\/wp\/v2\/pages\/153020\/revisions"}],"wp:featuredmedia":[{"embeddable":true,"href":"https:\/\/ondato.com\/es\/wp-json\/wp\/v2\/media\/152655"}],"wp:attachment":[{"href":"https:\/\/ondato.com\/es\/wp-json\/wp\/v2\/media?parent=153020"}],"curies":[{"name":"wp","href":"https:\/\/api.w.org\/{rel}","templated":true}]}}