{"id":153021,"date":"2024-01-22T16:11:32","date_gmt":"2024-01-22T13:11:32","guid":{"rendered":"https:\/\/ondato.com\/?page_id=153021"},"modified":"2026-05-14T14:53:40","modified_gmt":"2026-05-14T11:53:40","slug":"por-que-ondato-es-una-mejor-alternativa","status":"publish","type":"page","link":"https:\/\/ondato.com\/es\/por-que-ondato-es-una-mejor-alternativa\/","title":{"rendered":"Por qu\u00e9 Ondato es una mejor alternativa"},"content":{"rendered":"\n<p>Ondato ofrece soluciones SaaS para todas tus necesidades de Anti-Lavado de Dinero (AML) y Conoce a tu Cliente (KYC). Gracias a herramientas de alta precisi\u00f3n que cubren todo el ciclo de vida del usuario y convierten el cumplimiento normativo en una ventaja, Ondato permite a las empresas reducir sus costes relacionados con KYC hasta en un 90%.<\/p>\n","protected":false},"excerpt":{"rendered":"<p>Ondato ofrece soluciones SaaS para todas tus necesidades de Anti-Lavado de Dinero (AML) y Conoce a tu Cliente (KYC). Gracias a herramientas de alta precisi\u00f3n que cubren todo el ciclo de vida del usuario y convierten el cumplimiento normativo en una ventaja, Ondato permite a las empresas reducir sus costes relacionados con KYC hasta en [&hellip;]<\/p>\n","protected":false},"author":1,"featured_media":141296,"parent":0,"menu_order":0,"comment_status":"closed","ping_status":"closed","template":"templates-modules\/universal.php","meta":{"_acf_changed":true,"inline_featured_image":false,"footnotes":""},"class_list":["post-153021","page","type-page","status-publish","has-post-thumbnail","hentry"],"acf":[],"yoast_head":"<!-- This site is optimized with the Yoast SEO Premium plugin v27.4 (Yoast SEO v27.6) - https:\/\/yoast.com\/product\/yoast-seo-premium-wordpress\/ -->\n<title>Compara Ondato vs Sumsub, Onfido y m\u00e1s | KYC y AML<\/title>\n<meta name=\"description\" content=\"\u00bfBuscas una mejor soluci\u00f3n KYC y AML? Compara Ondato con Sumsub, Onfido y otros. Verificaci\u00f3n m\u00e1s r\u00e1pida, cumplimiento total y ahorro de costes.\" \/>\n<meta name=\"robots\" content=\"index, follow, max-snippet:-1, max-image-preview:large, max-video-preview:-1\" \/>\n<link rel=\"canonical\" href=\"https:\/\/ondato.com\/es\/por-que-ondato-es-una-mejor-alternativa\/\" \/>\n<meta property=\"og:locale\" content=\"es_ES\" \/>\n<meta property=\"og:type\" content=\"article\" \/>\n<meta property=\"og:title\" content=\"Por qu\u00e9 Ondato es una mejor alternativa\" \/>\n<meta property=\"og:description\" content=\"\u00bfBuscas una mejor soluci\u00f3n KYC y AML? Compara Ondato con Sumsub, Onfido y otros. Verificaci\u00f3n m\u00e1s r\u00e1pida, cumplimiento total y ahorro de costes.\" \/>\n<meta property=\"og:url\" content=\"https:\/\/ondato.com\/es\/por-que-ondato-es-una-mejor-alternativa\/\" \/>\n<meta property=\"og:site_name\" content=\"Ondato\" \/>\n<meta property=\"article:publisher\" content=\"https:\/\/www.facebook.com\/OndatoKYC\" \/>\n<meta property=\"article:modified_time\" content=\"2026-05-14T11:53:40+00:00\" \/>\n<meta property=\"og:image\" content=\"https:\/\/ondato.com\/wp-content\/uploads\/2024\/01\/v01_Thumbnails_Why-Ondato.png\" \/>\n\t<meta property=\"og:image:width\" content=\"1200\" \/>\n\t<meta property=\"og:image:height\" content=\"630\" \/>\n\t<meta property=\"og:image:type\" content=\"image\/png\" \/>\n<meta name=\"twitter:card\" content=\"summary_large_image\" \/>\n<meta name=\"twitter:image\" content=\"https:\/\/ondato.com\/wp-content\/uploads\/2024\/01\/v01_Thumbnails_Why-Ondato.png\" \/>\n<meta name=\"twitter:site\" content=\"@OndatoKYC\" \/>\n<meta name=\"twitter:label1\" content=\"Tiempo de lectura\" \/>\n\t<meta name=\"twitter:data1\" content=\"1 minuto\" \/>\n<script type=\"application\/ld+json\" class=\"yoast-schema-graph\">{\"@context\":\"https:\\\/\\\/schema.org\",\"@graph\":[{\"@type\":\"WebPage\",\"@id\":\"https:\\\/\\\/ondato.com\\\/es\\\/por-que-ondato-es-una-mejor-alternativa\\\/\",\"url\":\"https:\\\/\\\/ondato.com\\\/es\\\/por-que-ondato-es-una-mejor-alternativa\\\/\",\"name\":\"Compara Ondato vs Sumsub, Onfido y m\u00e1s | KYC y AML\",\"isPartOf\":{\"@id\":\"https:\\\/\\\/ondato.com\\\/es\\\/#website\"},\"primaryImageOfPage\":{\"@id\":\"https:\\\/\\\/ondato.com\\\/es\\\/por-que-ondato-es-una-mejor-alternativa\\\/#primaryimage\"},\"image\":{\"@id\":\"https:\\\/\\\/ondato.com\\\/es\\\/por-que-ondato-es-una-mejor-alternativa\\\/#primaryimage\"},\"thumbnailUrl\":\"https:\\\/\\\/ondato.com\\\/wp-content\\\/uploads\\\/2025\\\/01\\\/v01-2_Why-Ondato-Hero-1.webp\",\"datePublished\":\"2024-01-22T13:11:32+00:00\",\"dateModified\":\"2026-05-14T11:53:40+00:00\",\"description\":\"\u00bfBuscas una mejor soluci\u00f3n KYC y AML? Compara Ondato con Sumsub, Onfido y otros. Verificaci\u00f3n m\u00e1s r\u00e1pida, cumplimiento total y ahorro de costes.\",\"breadcrumb\":{\"@id\":\"https:\\\/\\\/ondato.com\\\/es\\\/por-que-ondato-es-una-mejor-alternativa\\\/#breadcrumb\"},\"inLanguage\":\"es\",\"potentialAction\":[{\"@type\":\"ReadAction\",\"target\":[\"https:\\\/\\\/ondato.com\\\/es\\\/por-que-ondato-es-una-mejor-alternativa\\\/\"]}]},{\"@type\":\"ImageObject\",\"inLanguage\":\"es\",\"@id\":\"https:\\\/\\\/ondato.com\\\/es\\\/por-que-ondato-es-una-mejor-alternativa\\\/#primaryimage\",\"url\":\"https:\\\/\\\/ondato.com\\\/wp-content\\\/uploads\\\/2025\\\/01\\\/v01-2_Why-Ondato-Hero-1.webp\",\"contentUrl\":\"https:\\\/\\\/ondato.com\\\/wp-content\\\/uploads\\\/2025\\\/01\\\/v01-2_Why-Ondato-Hero-1.webp\",\"width\":553,\"height\":384},{\"@type\":\"BreadcrumbList\",\"@id\":\"https:\\\/\\\/ondato.com\\\/es\\\/por-que-ondato-es-una-mejor-alternativa\\\/#breadcrumb\",\"itemListElement\":[{\"@type\":\"ListItem\",\"position\":1,\"name\":\"Inicio\",\"item\":\"https:\\\/\\\/ondato.com\\\/es\\\/\"},{\"@type\":\"ListItem\",\"position\":2,\"name\":\"Por qu\u00e9 Ondato es una mejor alternativa\"}]},{\"@type\":\"WebSite\",\"@id\":\"https:\\\/\\\/ondato.com\\\/es\\\/#website\",\"url\":\"https:\\\/\\\/ondato.com\\\/es\\\/\",\"name\":\"Ondato\",\"description\":\"Suite integral y rentable para la gesti\u00f3n del cumplimiento normativo\",\"publisher\":{\"@id\":\"https:\\\/\\\/ondato.com\\\/es\\\/#organization\"},\"potentialAction\":[{\"@type\":\"SearchAction\",\"target\":{\"@type\":\"EntryPoint\",\"urlTemplate\":\"https:\\\/\\\/ondato.com\\\/es\\\/?s={search_term_string}\"},\"query-input\":{\"@type\":\"PropertyValueSpecification\",\"valueRequired\":true,\"valueName\":\"search_term_string\"}}],\"inLanguage\":\"es\"},{\"@type\":\"Organization\",\"@id\":\"https:\\\/\\\/ondato.com\\\/es\\\/#organization\",\"name\":\"Ondato\",\"url\":\"https:\\\/\\\/ondato.com\\\/es\\\/\",\"logo\":{\"@type\":\"ImageObject\",\"inLanguage\":\"es\",\"@id\":\"https:\\\/\\\/ondato.com\\\/es\\\/#\\\/schema\\\/logo\\\/image\\\/\",\"url\":\"https:\\\/\\\/ondato.com\\\/wp-content\\\/uploads\\\/2022\\\/08\\\/v01_Profile-photo-1.png\",\"contentUrl\":\"https:\\\/\\\/ondato.com\\\/wp-content\\\/uploads\\\/2022\\\/08\\\/v01_Profile-photo-1.png\",\"width\":1080,\"height\":1080,\"caption\":\"Ondato\"},\"image\":{\"@id\":\"https:\\\/\\\/ondato.com\\\/es\\\/#\\\/schema\\\/logo\\\/image\\\/\"},\"sameAs\":[\"https:\\\/\\\/www.facebook.com\\\/OndatoKYC\",\"https:\\\/\\\/x.com\\\/OndatoKYC\",\"https:\\\/\\\/www.linkedin.com\\\/company\\\/12576605\\\/\",\"https:\\\/\\\/www.youtube.com\\\/channel\\\/UC4eMJhSGAf5hRO4YxnzrFFw\"]}]}<\/script>\n<!-- \/ Yoast SEO Premium plugin. -->","yoast_head_json":{"title":"Compara Ondato vs Sumsub, Onfido y m\u00e1s | KYC y AML","description":"\u00bfBuscas una mejor soluci\u00f3n KYC y AML? Compara Ondato con Sumsub, Onfido y otros. Verificaci\u00f3n m\u00e1s r\u00e1pida, cumplimiento total y ahorro de costes.","robots":{"index":"index","follow":"follow","max-snippet":"max-snippet:-1","max-image-preview":"max-image-preview:large","max-video-preview":"max-video-preview:-1"},"canonical":"https:\/\/ondato.com\/es\/por-que-ondato-es-una-mejor-alternativa\/","og_locale":"es_ES","og_type":"article","og_title":"Por qu\u00e9 Ondato es una mejor alternativa","og_description":"\u00bfBuscas una mejor soluci\u00f3n KYC y AML? Compara Ondato con Sumsub, Onfido y otros. Verificaci\u00f3n m\u00e1s r\u00e1pida, cumplimiento total y ahorro de costes.","og_url":"https:\/\/ondato.com\/es\/por-que-ondato-es-una-mejor-alternativa\/","og_site_name":"Ondato","article_publisher":"https:\/\/www.facebook.com\/OndatoKYC","article_modified_time":"2026-05-14T11:53:40+00:00","og_image":[{"width":1200,"height":630,"url":"https:\/\/ondato.com\/wp-content\/uploads\/2024\/01\/v01_Thumbnails_Why-Ondato.png","type":"image\/png"}],"twitter_card":"summary_large_image","twitter_image":"https:\/\/ondato.com\/wp-content\/uploads\/2024\/01\/v01_Thumbnails_Why-Ondato.png","twitter_site":"@OndatoKYC","twitter_misc":{"Tiempo de lectura":"1 minuto"},"schema":{"@context":"https:\/\/schema.org","@graph":[{"@type":"WebPage","@id":"https:\/\/ondato.com\/es\/por-que-ondato-es-una-mejor-alternativa\/","url":"https:\/\/ondato.com\/es\/por-que-ondato-es-una-mejor-alternativa\/","name":"Compara Ondato vs Sumsub, Onfido y m\u00e1s | KYC y AML","isPartOf":{"@id":"https:\/\/ondato.com\/es\/#website"},"primaryImageOfPage":{"@id":"https:\/\/ondato.com\/es\/por-que-ondato-es-una-mejor-alternativa\/#primaryimage"},"image":{"@id":"https:\/\/ondato.com\/es\/por-que-ondato-es-una-mejor-alternativa\/#primaryimage"},"thumbnailUrl":"https:\/\/ondato.com\/wp-content\/uploads\/2025\/01\/v01-2_Why-Ondato-Hero-1.webp","datePublished":"2024-01-22T13:11:32+00:00","dateModified":"2026-05-14T11:53:40+00:00","description":"\u00bfBuscas una mejor soluci\u00f3n KYC y AML? Compara Ondato con Sumsub, Onfido y otros. Verificaci\u00f3n m\u00e1s r\u00e1pida, cumplimiento total y ahorro de costes.","breadcrumb":{"@id":"https:\/\/ondato.com\/es\/por-que-ondato-es-una-mejor-alternativa\/#breadcrumb"},"inLanguage":"es","potentialAction":[{"@type":"ReadAction","target":["https:\/\/ondato.com\/es\/por-que-ondato-es-una-mejor-alternativa\/"]}]},{"@type":"ImageObject","inLanguage":"es","@id":"https:\/\/ondato.com\/es\/por-que-ondato-es-una-mejor-alternativa\/#primaryimage","url":"https:\/\/ondato.com\/wp-content\/uploads\/2025\/01\/v01-2_Why-Ondato-Hero-1.webp","contentUrl":"https:\/\/ondato.com\/wp-content\/uploads\/2025\/01\/v01-2_Why-Ondato-Hero-1.webp","width":553,"height":384},{"@type":"BreadcrumbList","@id":"https:\/\/ondato.com\/es\/por-que-ondato-es-una-mejor-alternativa\/#breadcrumb","itemListElement":[{"@type":"ListItem","position":1,"name":"Inicio","item":"https:\/\/ondato.com\/es\/"},{"@type":"ListItem","position":2,"name":"Por qu\u00e9 Ondato es una mejor alternativa"}]},{"@type":"WebSite","@id":"https:\/\/ondato.com\/es\/#website","url":"https:\/\/ondato.com\/es\/","name":"Ondato","description":"Suite integral y rentable para la gesti\u00f3n del cumplimiento normativo","publisher":{"@id":"https:\/\/ondato.com\/es\/#organization"},"potentialAction":[{"@type":"SearchAction","target":{"@type":"EntryPoint","urlTemplate":"https:\/\/ondato.com\/es\/?s={search_term_string}"},"query-input":{"@type":"PropertyValueSpecification","valueRequired":true,"valueName":"search_term_string"}}],"inLanguage":"es"},{"@type":"Organization","@id":"https:\/\/ondato.com\/es\/#organization","name":"Ondato","url":"https:\/\/ondato.com\/es\/","logo":{"@type":"ImageObject","inLanguage":"es","@id":"https:\/\/ondato.com\/es\/#\/schema\/logo\/image\/","url":"https:\/\/ondato.com\/wp-content\/uploads\/2022\/08\/v01_Profile-photo-1.png","contentUrl":"https:\/\/ondato.com\/wp-content\/uploads\/2022\/08\/v01_Profile-photo-1.png","width":1080,"height":1080,"caption":"Ondato"},"image":{"@id":"https:\/\/ondato.com\/es\/#\/schema\/logo\/image\/"},"sameAs":["https:\/\/www.facebook.com\/OndatoKYC","https:\/\/x.com\/OndatoKYC","https:\/\/www.linkedin.com\/company\/12576605\/","https:\/\/www.youtube.com\/channel\/UC4eMJhSGAf5hRO4YxnzrFFw"]}]}},"_links":{"self":[{"href":"https:\/\/ondato.com\/es\/wp-json\/wp\/v2\/pages\/153021","targetHints":{"allow":["GET"]}}],"collection":[{"href":"https:\/\/ondato.com\/es\/wp-json\/wp\/v2\/pages"}],"about":[{"href":"https:\/\/ondato.com\/es\/wp-json\/wp\/v2\/types\/page"}],"author":[{"embeddable":true,"href":"https:\/\/ondato.com\/es\/wp-json\/wp\/v2\/users\/1"}],"replies":[{"embeddable":true,"href":"https:\/\/ondato.com\/es\/wp-json\/wp\/v2\/comments?post=153021"}],"version-history":[{"count":0,"href":"https:\/\/ondato.com\/es\/wp-json\/wp\/v2\/pages\/153021\/revisions"}],"wp:featuredmedia":[{"embeddable":true,"href":"https:\/\/ondato.com\/es\/wp-json\/wp\/v2\/media\/141296"}],"wp:attachment":[{"href":"https:\/\/ondato.com\/es\/wp-json\/wp\/v2\/media?parent=153021"}],"curies":[{"name":"wp","href":"https:\/\/api.w.org\/{rel}","templated":true}]}}