{"id":60222,"date":"2023-03-09T10:06:54","date_gmt":"2023-03-09T07:06:54","guid":{"rendered":"https:\/\/ondatolive.wpenginepowered.com\/?page_id=60222"},"modified":"2023-05-16T10:40:48","modified_gmt":"2023-05-16T08:40:48","slug":"automatyczna-weryfikacja-tozsamosci","status":"publish","type":"page","link":"https:\/\/ondato.com\/pl\/automatyczna-weryfikacja-tozsamosci\/","title":{"rendered":"Automatyczna weryfikacja to\u017csamo\u015bci"},"content":{"rendered":"\n<p>Metoda weryfikacji to\u017csamo\u015bci w czasie rzeczywistym, kt\u00f3ra wymaga jedynie zrobienia zdj\u0119cia. Rozwi\u0105zanie proste dla u\u017cytkownik\u00f3w, a jednocze\u015bnie na tyle rozbudowane, aby zapobiega\u0107 oszustwom i zapewni\u0107 zgodno\u015b\u0107 z przepisami.<\/p>\n","protected":false},"excerpt":{"rendered":"<p>Metoda weryfikacji to\u017csamo\u015bci w czasie rzeczywistym, kt\u00f3ra wymaga jedynie zrobienia zdj\u0119cia. Rozwi\u0105zanie proste dla u\u017cytkownik\u00f3w, a jednocze\u015bnie na tyle rozbudowane, aby zapobiega\u0107 oszustwom i zapewni\u0107 zgodno\u015b\u0107 z przepisami.<\/p>\n","protected":false},"author":1,"featured_media":58230,"parent":0,"menu_order":0,"comment_status":"closed","ping_status":"closed","template":"templates-modules\/identify_automated.php","meta":{"_acf_changed":false,"inline_featured_image":false,"footnotes":""},"class_list":["post-60222","page","type-page","status-publish","has-post-thumbnail","hentry"],"acf":[],"yoast_head":"<!-- This site is optimized with the Yoast SEO Premium plugin v25.6 (Yoast SEO v27.3) - https:\/\/yoast.com\/product\/yoast-seo-premium-wordpress\/ -->\n<title>Automatyczna weryfikacja to\u017csamo\u015bci | Ondato<\/title>\n<meta name=\"description\" content=\"Automatyczna weryfikacja to\u017csamo\u015bci przy u\u017cyciu selfie i dokumentu to\u017csamo\u015bci klienta. Jeden z najszybszych sposob\u00f3w na skonfigurowanie systemu weryfikacji to\u017csamo\u015bci zgodnego z wymogami dotycz\u0105cymi proces\u00f3w AML.\" \/>\n<meta name=\"robots\" content=\"noindex, nofollow\" \/>\n<meta property=\"og:locale\" content=\"pl_PL\" \/>\n<meta property=\"og:type\" content=\"article\" \/>\n<meta property=\"og:title\" content=\"Automatyczna weryfikacja to\u017csamo\u015bci\" \/>\n<meta property=\"og:description\" content=\"Automatyczna weryfikacja to\u017csamo\u015bci przy u\u017cyciu selfie i dokumentu to\u017csamo\u015bci klienta. Jeden z najszybszych sposob\u00f3w na skonfigurowanie systemu weryfikacji to\u017csamo\u015bci zgodnego z wymogami dotycz\u0105cymi proces\u00f3w AML.\" \/>\n<meta property=\"og:url\" content=\"https:\/\/ondato.com\/pl\/automatyczna-weryfikacja-tozsamosci\/\" \/>\n<meta property=\"og:site_name\" content=\"Ondato\" \/>\n<meta property=\"article:publisher\" content=\"https:\/\/www.facebook.com\/OndatoKYC\" \/>\n<meta property=\"article:modified_time\" content=\"2023-05-16T08:40:48+00:00\" \/>\n<meta name=\"twitter:card\" content=\"summary_large_image\" \/>\n<meta name=\"twitter:site\" content=\"@OndatoKYC\" \/>\n<meta name=\"twitter:label1\" content=\"Szacowany czas czytania\" \/>\n\t<meta name=\"twitter:data1\" content=\"1 minuta\" \/>\n<script type=\"application\/ld+json\" class=\"yoast-schema-graph\">{\"@context\":\"https:\\\/\\\/schema.org\",\"@graph\":[{\"@type\":\"WebPage\",\"@id\":\"https:\\\/\\\/ondato.com\\\/pl\\\/automatyczna-weryfikacja-tozsamosci\\\/\",\"url\":\"https:\\\/\\\/ondato.com\\\/pl\\\/automatyczna-weryfikacja-tozsamosci\\\/\",\"name\":\"Automatyczna weryfikacja to\u017csamo\u015bci | Ondato\",\"isPartOf\":{\"@id\":\"https:\\\/\\\/ondato.com\\\/pl\\\/#website\"},\"primaryImageOfPage\":{\"@id\":\"https:\\\/\\\/ondato.com\\\/pl\\\/automatyczna-weryfikacja-tozsamosci\\\/#primaryimage\"},\"image\":{\"@id\":\"https:\\\/\\\/ondato.com\\\/pl\\\/automatyczna-weryfikacja-tozsamosci\\\/#primaryimage\"},\"thumbnailUrl\":\"https:\\\/\\\/ondato.com\\\/wp-content\\\/uploads\\\/2022\\\/03\\\/Icon-Automated-identity-verification-black.svg\",\"datePublished\":\"2023-03-09T07:06:54+00:00\",\"dateModified\":\"2023-05-16T08:40:48+00:00\",\"description\":\"Automatyczna weryfikacja to\u017csamo\u015bci przy u\u017cyciu selfie i dokumentu to\u017csamo\u015bci klienta. Jeden z najszybszych sposob\u00f3w na skonfigurowanie systemu weryfikacji to\u017csamo\u015bci zgodnego z wymogami dotycz\u0105cymi proces\u00f3w AML.\",\"breadcrumb\":{\"@id\":\"https:\\\/\\\/ondato.com\\\/pl\\\/automatyczna-weryfikacja-tozsamosci\\\/#breadcrumb\"},\"inLanguage\":\"pl-PL\",\"potentialAction\":[{\"@type\":\"ReadAction\",\"target\":[\"https:\\\/\\\/ondato.com\\\/pl\\\/automatyczna-weryfikacja-tozsamosci\\\/\"]}]},{\"@type\":\"ImageObject\",\"inLanguage\":\"pl-PL\",\"@id\":\"https:\\\/\\\/ondato.com\\\/pl\\\/automatyczna-weryfikacja-tozsamosci\\\/#primaryimage\",\"url\":\"https:\\\/\\\/ondato.com\\\/wp-content\\\/uploads\\\/2022\\\/03\\\/Icon-Automated-identity-verification-black.svg\",\"contentUrl\":\"https:\\\/\\\/ondato.com\\\/wp-content\\\/uploads\\\/2022\\\/03\\\/Icon-Automated-identity-verification-black.svg\"},{\"@type\":\"BreadcrumbList\",\"@id\":\"https:\\\/\\\/ondato.com\\\/pl\\\/automatyczna-weryfikacja-tozsamosci\\\/#breadcrumb\",\"itemListElement\":[{\"@type\":\"ListItem\",\"position\":1,\"name\":\"Home\",\"item\":\"https:\\\/\\\/ondato.com\\\/pl\\\/\"},{\"@type\":\"ListItem\",\"position\":2,\"name\":\"Automatyczna weryfikacja to\u017csamo\u015bci\"}]},{\"@type\":\"WebSite\",\"@id\":\"https:\\\/\\\/ondato.com\\\/pl\\\/#website\",\"url\":\"https:\\\/\\\/ondato.com\\\/pl\\\/\",\"name\":\"Ondato\",\"description\":\"complete and cost-effective compliance management suite\",\"publisher\":{\"@id\":\"https:\\\/\\\/ondato.com\\\/pl\\\/#organization\"},\"potentialAction\":[{\"@type\":\"SearchAction\",\"target\":{\"@type\":\"EntryPoint\",\"urlTemplate\":\"https:\\\/\\\/ondato.com\\\/pl\\\/?s={search_term_string}\"},\"query-input\":{\"@type\":\"PropertyValueSpecification\",\"valueRequired\":true,\"valueName\":\"search_term_string\"}}],\"inLanguage\":\"pl-PL\"},{\"@type\":\"Organization\",\"@id\":\"https:\\\/\\\/ondato.com\\\/pl\\\/#organization\",\"name\":\"Ondato\",\"url\":\"https:\\\/\\\/ondato.com\\\/pl\\\/\",\"logo\":{\"@type\":\"ImageObject\",\"inLanguage\":\"pl-PL\",\"@id\":\"https:\\\/\\\/ondato.com\\\/pl\\\/#\\\/schema\\\/logo\\\/image\\\/\",\"url\":\"https:\\\/\\\/ondato.com\\\/wp-content\\\/uploads\\\/2022\\\/08\\\/v01_Profile-photo-1.png\",\"contentUrl\":\"https:\\\/\\\/ondato.com\\\/wp-content\\\/uploads\\\/2022\\\/08\\\/v01_Profile-photo-1.png\",\"width\":1080,\"height\":1080,\"caption\":\"Ondato\"},\"image\":{\"@id\":\"https:\\\/\\\/ondato.com\\\/pl\\\/#\\\/schema\\\/logo\\\/image\\\/\"},\"sameAs\":[\"https:\\\/\\\/www.facebook.com\\\/OndatoKYC\",\"https:\\\/\\\/x.com\\\/OndatoKYC\",\"https:\\\/\\\/www.linkedin.com\\\/company\\\/12576605\\\/\",\"https:\\\/\\\/www.youtube.com\\\/channel\\\/UC4eMJhSGAf5hRO4YxnzrFFw\"]}]}<\/script>\n<!-- \/ Yoast SEO Premium plugin. -->","yoast_head_json":{"title":"Automatyczna weryfikacja to\u017csamo\u015bci | Ondato","description":"Automatyczna weryfikacja to\u017csamo\u015bci przy u\u017cyciu selfie i dokumentu to\u017csamo\u015bci klienta. Jeden z najszybszych sposob\u00f3w na skonfigurowanie systemu weryfikacji to\u017csamo\u015bci zgodnego z wymogami dotycz\u0105cymi proces\u00f3w AML.","robots":{"index":"noindex","follow":"nofollow"},"og_locale":"pl_PL","og_type":"article","og_title":"Automatyczna weryfikacja to\u017csamo\u015bci","og_description":"Automatyczna weryfikacja to\u017csamo\u015bci przy u\u017cyciu selfie i dokumentu to\u017csamo\u015bci klienta. Jeden z najszybszych sposob\u00f3w na skonfigurowanie systemu weryfikacji to\u017csamo\u015bci zgodnego z wymogami dotycz\u0105cymi proces\u00f3w AML.","og_url":"https:\/\/ondato.com\/pl\/automatyczna-weryfikacja-tozsamosci\/","og_site_name":"Ondato","article_publisher":"https:\/\/www.facebook.com\/OndatoKYC","article_modified_time":"2023-05-16T08:40:48+00:00","twitter_card":"summary_large_image","twitter_site":"@OndatoKYC","twitter_misc":{"Szacowany czas czytania":"1 minuta"},"schema":{"@context":"https:\/\/schema.org","@graph":[{"@type":"WebPage","@id":"https:\/\/ondato.com\/pl\/automatyczna-weryfikacja-tozsamosci\/","url":"https:\/\/ondato.com\/pl\/automatyczna-weryfikacja-tozsamosci\/","name":"Automatyczna weryfikacja to\u017csamo\u015bci | Ondato","isPartOf":{"@id":"https:\/\/ondato.com\/pl\/#website"},"primaryImageOfPage":{"@id":"https:\/\/ondato.com\/pl\/automatyczna-weryfikacja-tozsamosci\/#primaryimage"},"image":{"@id":"https:\/\/ondato.com\/pl\/automatyczna-weryfikacja-tozsamosci\/#primaryimage"},"thumbnailUrl":"https:\/\/ondato.com\/wp-content\/uploads\/2022\/03\/Icon-Automated-identity-verification-black.svg","datePublished":"2023-03-09T07:06:54+00:00","dateModified":"2023-05-16T08:40:48+00:00","description":"Automatyczna weryfikacja to\u017csamo\u015bci przy u\u017cyciu selfie i dokumentu to\u017csamo\u015bci klienta. Jeden z najszybszych sposob\u00f3w na skonfigurowanie systemu weryfikacji to\u017csamo\u015bci zgodnego z wymogami dotycz\u0105cymi proces\u00f3w AML.","breadcrumb":{"@id":"https:\/\/ondato.com\/pl\/automatyczna-weryfikacja-tozsamosci\/#breadcrumb"},"inLanguage":"pl-PL","potentialAction":[{"@type":"ReadAction","target":["https:\/\/ondato.com\/pl\/automatyczna-weryfikacja-tozsamosci\/"]}]},{"@type":"ImageObject","inLanguage":"pl-PL","@id":"https:\/\/ondato.com\/pl\/automatyczna-weryfikacja-tozsamosci\/#primaryimage","url":"https:\/\/ondato.com\/wp-content\/uploads\/2022\/03\/Icon-Automated-identity-verification-black.svg","contentUrl":"https:\/\/ondato.com\/wp-content\/uploads\/2022\/03\/Icon-Automated-identity-verification-black.svg"},{"@type":"BreadcrumbList","@id":"https:\/\/ondato.com\/pl\/automatyczna-weryfikacja-tozsamosci\/#breadcrumb","itemListElement":[{"@type":"ListItem","position":1,"name":"Home","item":"https:\/\/ondato.com\/pl\/"},{"@type":"ListItem","position":2,"name":"Automatyczna weryfikacja to\u017csamo\u015bci"}]},{"@type":"WebSite","@id":"https:\/\/ondato.com\/pl\/#website","url":"https:\/\/ondato.com\/pl\/","name":"Ondato","description":"complete and cost-effective compliance management suite","publisher":{"@id":"https:\/\/ondato.com\/pl\/#organization"},"potentialAction":[{"@type":"SearchAction","target":{"@type":"EntryPoint","urlTemplate":"https:\/\/ondato.com\/pl\/?s={search_term_string}"},"query-input":{"@type":"PropertyValueSpecification","valueRequired":true,"valueName":"search_term_string"}}],"inLanguage":"pl-PL"},{"@type":"Organization","@id":"https:\/\/ondato.com\/pl\/#organization","name":"Ondato","url":"https:\/\/ondato.com\/pl\/","logo":{"@type":"ImageObject","inLanguage":"pl-PL","@id":"https:\/\/ondato.com\/pl\/#\/schema\/logo\/image\/","url":"https:\/\/ondato.com\/wp-content\/uploads\/2022\/08\/v01_Profile-photo-1.png","contentUrl":"https:\/\/ondato.com\/wp-content\/uploads\/2022\/08\/v01_Profile-photo-1.png","width":1080,"height":1080,"caption":"Ondato"},"image":{"@id":"https:\/\/ondato.com\/pl\/#\/schema\/logo\/image\/"},"sameAs":["https:\/\/www.facebook.com\/OndatoKYC","https:\/\/x.com\/OndatoKYC","https:\/\/www.linkedin.com\/company\/12576605\/","https:\/\/www.youtube.com\/channel\/UC4eMJhSGAf5hRO4YxnzrFFw"]}]}},"_links":{"self":[{"href":"https:\/\/ondato.com\/pl\/wp-json\/wp\/v2\/pages\/60222","targetHints":{"allow":["GET"]}}],"collection":[{"href":"https:\/\/ondato.com\/pl\/wp-json\/wp\/v2\/pages"}],"about":[{"href":"https:\/\/ondato.com\/pl\/wp-json\/wp\/v2\/types\/page"}],"author":[{"embeddable":true,"href":"https:\/\/ondato.com\/pl\/wp-json\/wp\/v2\/users\/1"}],"replies":[{"embeddable":true,"href":"https:\/\/ondato.com\/pl\/wp-json\/wp\/v2\/comments?post=60222"}],"version-history":[{"count":0,"href":"https:\/\/ondato.com\/pl\/wp-json\/wp\/v2\/pages\/60222\/revisions"}],"wp:featuredmedia":[{"embeddable":true,"href":"https:\/\/ondato.com\/pl\/wp-json\/wp\/v2\/media\/58230"}],"wp:attachment":[{"href":"https:\/\/ondato.com\/pl\/wp-json\/wp\/v2\/media?parent=60222"}],"curies":[{"name":"wp","href":"https:\/\/api.w.org\/{rel}","templated":true}]}}