{"id":60224,"date":"2022-01-31T06:50:28","date_gmt":"2022-01-31T03:50:28","guid":{"rendered":"https:\/\/ondatolive.wpenginepowered.com\/?page_id=60224"},"modified":"2025-09-30T12:13:06","modified_gmt":"2025-09-30T09:13:06","slug":"wspomagana-weryfikacja-tozsamosci","status":"publish","type":"page","link":"https:\/\/ondato.com\/pl\/wspomagana-weryfikacja-tozsamosci\/","title":{"rendered":"Wspomagana weryfikacja to\u017csamo\u015bci"},"content":{"rendered":"\n<p>Zdalnie weryfikuj to\u017csamo\u015b\u0107 swoich klient\u00f3w pod nadzorem agenta KYC. Zadbaj o to, aby wdro\u017cenie klienta by\u0142o bezpieczne i spe\u0142nia\u0142o wszystkie wymagania dotycz\u0105ce zgodno\u015bci z przepisami.<\/p>\n","protected":false},"excerpt":{"rendered":"<p>Zdalnie weryfikuj to\u017csamo\u015b\u0107 swoich klient\u00f3w pod nadzorem agenta KYC. Zadbaj o to, aby wdro\u017cenie klienta by\u0142o bezpieczne i spe\u0142nia\u0142o wszystkie wymagania dotycz\u0105ce zgodno\u015bci z przepisami.<\/p>\n","protected":false},"author":1,"featured_media":58232,"parent":0,"menu_order":0,"comment_status":"closed","ping_status":"closed","template":"templates-modules\/identify_assisted.php","meta":{"_acf_changed":false,"inline_featured_image":false,"footnotes":""},"class_list":["post-60224","page","type-page","status-publish","has-post-thumbnail","hentry"],"acf":[],"yoast_head":"<!-- This site is optimized with the Yoast SEO Premium plugin v25.6 (Yoast SEO v27.3) - https:\/\/yoast.com\/product\/yoast-seo-premium-wordpress\/ -->\n<title>Wspomagana weryfikacja to\u017csamo\u015bci | Ondato<\/title>\n<meta name=\"description\" content=\"Zdalne po\u0142\u0105czenie wideo do weryfikacji to\u017csamo\u015bci prowadzone przez specjalist\u0119 w zakresie KYC. Jedna z najprostszych i najskuteczniejszych metod weryfikacji to\u017csamo\u015bci online.\" \/>\n<meta name=\"robots\" content=\"index, follow, max-snippet:-1, max-image-preview:large, max-video-preview:-1\" \/>\n<link rel=\"canonical\" href=\"https:\/\/ondato.com\/pl\/wspomagana-weryfikacja-tozsamosci\/\" \/>\n<meta property=\"og:locale\" content=\"pl_PL\" \/>\n<meta property=\"og:type\" content=\"article\" \/>\n<meta property=\"og:title\" content=\"Wspomagana weryfikacja to\u017csamo\u015bci\" \/>\n<meta property=\"og:description\" content=\"Zdalne po\u0142\u0105czenie wideo do weryfikacji to\u017csamo\u015bci prowadzone przez specjalist\u0119 w zakresie KYC. Jedna z najprostszych i najskuteczniejszych metod weryfikacji to\u017csamo\u015bci online.\" \/>\n<meta property=\"og:url\" content=\"https:\/\/ondato.com\/pl\/wspomagana-weryfikacja-tozsamosci\/\" \/>\n<meta property=\"og:site_name\" content=\"Ondato\" \/>\n<meta property=\"article:publisher\" content=\"https:\/\/www.facebook.com\/OndatoKYC\" \/>\n<meta property=\"article:modified_time\" content=\"2025-09-30T09:13:06+00:00\" \/>\n<meta name=\"twitter:card\" content=\"summary_large_image\" \/>\n<meta name=\"twitter:site\" content=\"@OndatoKYC\" \/>\n<meta name=\"twitter:label1\" content=\"Szacowany czas czytania\" \/>\n\t<meta name=\"twitter:data1\" content=\"1 minuta\" \/>\n<script type=\"application\/ld+json\" class=\"yoast-schema-graph\">{\"@context\":\"https:\\\/\\\/schema.org\",\"@graph\":[{\"@type\":\"WebPage\",\"@id\":\"https:\\\/\\\/ondato.com\\\/pl\\\/wspomagana-weryfikacja-tozsamosci\\\/\",\"url\":\"https:\\\/\\\/ondato.com\\\/pl\\\/wspomagana-weryfikacja-tozsamosci\\\/\",\"name\":\"Wspomagana weryfikacja to\u017csamo\u015bci | Ondato\",\"isPartOf\":{\"@id\":\"https:\\\/\\\/ondato.com\\\/pl\\\/#website\"},\"primaryImageOfPage\":{\"@id\":\"https:\\\/\\\/ondato.com\\\/pl\\\/wspomagana-weryfikacja-tozsamosci\\\/#primaryimage\"},\"image\":{\"@id\":\"https:\\\/\\\/ondato.com\\\/pl\\\/wspomagana-weryfikacja-tozsamosci\\\/#primaryimage\"},\"thumbnailUrl\":\"https:\\\/\\\/ondato.com\\\/wp-content\\\/uploads\\\/2022\\\/03\\\/Icon-Assisted-identity-verification-black.svg\",\"datePublished\":\"2022-01-31T03:50:28+00:00\",\"dateModified\":\"2025-09-30T09:13:06+00:00\",\"description\":\"Zdalne po\u0142\u0105czenie wideo do weryfikacji to\u017csamo\u015bci prowadzone przez specjalist\u0119 w zakresie KYC. Jedna z najprostszych i najskuteczniejszych metod weryfikacji to\u017csamo\u015bci online.\",\"breadcrumb\":{\"@id\":\"https:\\\/\\\/ondato.com\\\/pl\\\/wspomagana-weryfikacja-tozsamosci\\\/#breadcrumb\"},\"inLanguage\":\"pl-PL\",\"potentialAction\":[{\"@type\":\"ReadAction\",\"target\":[\"https:\\\/\\\/ondato.com\\\/pl\\\/wspomagana-weryfikacja-tozsamosci\\\/\"]}]},{\"@type\":\"ImageObject\",\"inLanguage\":\"pl-PL\",\"@id\":\"https:\\\/\\\/ondato.com\\\/pl\\\/wspomagana-weryfikacja-tozsamosci\\\/#primaryimage\",\"url\":\"https:\\\/\\\/ondato.com\\\/wp-content\\\/uploads\\\/2022\\\/03\\\/Icon-Assisted-identity-verification-black.svg\",\"contentUrl\":\"https:\\\/\\\/ondato.com\\\/wp-content\\\/uploads\\\/2022\\\/03\\\/Icon-Assisted-identity-verification-black.svg\"},{\"@type\":\"BreadcrumbList\",\"@id\":\"https:\\\/\\\/ondato.com\\\/pl\\\/wspomagana-weryfikacja-tozsamosci\\\/#breadcrumb\",\"itemListElement\":[{\"@type\":\"ListItem\",\"position\":1,\"name\":\"Home\",\"item\":\"https:\\\/\\\/ondato.com\\\/pl\\\/\"},{\"@type\":\"ListItem\",\"position\":2,\"name\":\"Wspomagana weryfikacja to\u017csamo\u015bci\"}]},{\"@type\":\"WebSite\",\"@id\":\"https:\\\/\\\/ondato.com\\\/pl\\\/#website\",\"url\":\"https:\\\/\\\/ondato.com\\\/pl\\\/\",\"name\":\"Ondato\",\"description\":\"complete and cost-effective compliance management suite\",\"publisher\":{\"@id\":\"https:\\\/\\\/ondato.com\\\/pl\\\/#organization\"},\"potentialAction\":[{\"@type\":\"SearchAction\",\"target\":{\"@type\":\"EntryPoint\",\"urlTemplate\":\"https:\\\/\\\/ondato.com\\\/pl\\\/?s={search_term_string}\"},\"query-input\":{\"@type\":\"PropertyValueSpecification\",\"valueRequired\":true,\"valueName\":\"search_term_string\"}}],\"inLanguage\":\"pl-PL\"},{\"@type\":\"Organization\",\"@id\":\"https:\\\/\\\/ondato.com\\\/pl\\\/#organization\",\"name\":\"Ondato\",\"url\":\"https:\\\/\\\/ondato.com\\\/pl\\\/\",\"logo\":{\"@type\":\"ImageObject\",\"inLanguage\":\"pl-PL\",\"@id\":\"https:\\\/\\\/ondato.com\\\/pl\\\/#\\\/schema\\\/logo\\\/image\\\/\",\"url\":\"https:\\\/\\\/ondato.com\\\/wp-content\\\/uploads\\\/2022\\\/08\\\/v01_Profile-photo-1.png\",\"contentUrl\":\"https:\\\/\\\/ondato.com\\\/wp-content\\\/uploads\\\/2022\\\/08\\\/v01_Profile-photo-1.png\",\"width\":1080,\"height\":1080,\"caption\":\"Ondato\"},\"image\":{\"@id\":\"https:\\\/\\\/ondato.com\\\/pl\\\/#\\\/schema\\\/logo\\\/image\\\/\"},\"sameAs\":[\"https:\\\/\\\/www.facebook.com\\\/OndatoKYC\",\"https:\\\/\\\/x.com\\\/OndatoKYC\",\"https:\\\/\\\/www.linkedin.com\\\/company\\\/12576605\\\/\",\"https:\\\/\\\/www.youtube.com\\\/channel\\\/UC4eMJhSGAf5hRO4YxnzrFFw\"]}]}<\/script>\n<!-- \/ Yoast SEO Premium plugin. -->","yoast_head_json":{"title":"Wspomagana weryfikacja to\u017csamo\u015bci | Ondato","description":"Zdalne po\u0142\u0105czenie wideo do weryfikacji to\u017csamo\u015bci prowadzone przez specjalist\u0119 w zakresie KYC. Jedna z najprostszych i najskuteczniejszych metod weryfikacji to\u017csamo\u015bci online.","robots":{"index":"index","follow":"follow","max-snippet":"max-snippet:-1","max-image-preview":"max-image-preview:large","max-video-preview":"max-video-preview:-1"},"canonical":"https:\/\/ondato.com\/pl\/wspomagana-weryfikacja-tozsamosci\/","og_locale":"pl_PL","og_type":"article","og_title":"Wspomagana weryfikacja to\u017csamo\u015bci","og_description":"Zdalne po\u0142\u0105czenie wideo do weryfikacji to\u017csamo\u015bci prowadzone przez specjalist\u0119 w zakresie KYC. Jedna z najprostszych i najskuteczniejszych metod weryfikacji to\u017csamo\u015bci online.","og_url":"https:\/\/ondato.com\/pl\/wspomagana-weryfikacja-tozsamosci\/","og_site_name":"Ondato","article_publisher":"https:\/\/www.facebook.com\/OndatoKYC","article_modified_time":"2025-09-30T09:13:06+00:00","twitter_card":"summary_large_image","twitter_site":"@OndatoKYC","twitter_misc":{"Szacowany czas czytania":"1 minuta"},"schema":{"@context":"https:\/\/schema.org","@graph":[{"@type":"WebPage","@id":"https:\/\/ondato.com\/pl\/wspomagana-weryfikacja-tozsamosci\/","url":"https:\/\/ondato.com\/pl\/wspomagana-weryfikacja-tozsamosci\/","name":"Wspomagana weryfikacja to\u017csamo\u015bci | Ondato","isPartOf":{"@id":"https:\/\/ondato.com\/pl\/#website"},"primaryImageOfPage":{"@id":"https:\/\/ondato.com\/pl\/wspomagana-weryfikacja-tozsamosci\/#primaryimage"},"image":{"@id":"https:\/\/ondato.com\/pl\/wspomagana-weryfikacja-tozsamosci\/#primaryimage"},"thumbnailUrl":"https:\/\/ondato.com\/wp-content\/uploads\/2022\/03\/Icon-Assisted-identity-verification-black.svg","datePublished":"2022-01-31T03:50:28+00:00","dateModified":"2025-09-30T09:13:06+00:00","description":"Zdalne po\u0142\u0105czenie wideo do weryfikacji to\u017csamo\u015bci prowadzone przez specjalist\u0119 w zakresie KYC. Jedna z najprostszych i najskuteczniejszych metod weryfikacji to\u017csamo\u015bci online.","breadcrumb":{"@id":"https:\/\/ondato.com\/pl\/wspomagana-weryfikacja-tozsamosci\/#breadcrumb"},"inLanguage":"pl-PL","potentialAction":[{"@type":"ReadAction","target":["https:\/\/ondato.com\/pl\/wspomagana-weryfikacja-tozsamosci\/"]}]},{"@type":"ImageObject","inLanguage":"pl-PL","@id":"https:\/\/ondato.com\/pl\/wspomagana-weryfikacja-tozsamosci\/#primaryimage","url":"https:\/\/ondato.com\/wp-content\/uploads\/2022\/03\/Icon-Assisted-identity-verification-black.svg","contentUrl":"https:\/\/ondato.com\/wp-content\/uploads\/2022\/03\/Icon-Assisted-identity-verification-black.svg"},{"@type":"BreadcrumbList","@id":"https:\/\/ondato.com\/pl\/wspomagana-weryfikacja-tozsamosci\/#breadcrumb","itemListElement":[{"@type":"ListItem","position":1,"name":"Home","item":"https:\/\/ondato.com\/pl\/"},{"@type":"ListItem","position":2,"name":"Wspomagana weryfikacja to\u017csamo\u015bci"}]},{"@type":"WebSite","@id":"https:\/\/ondato.com\/pl\/#website","url":"https:\/\/ondato.com\/pl\/","name":"Ondato","description":"complete and cost-effective compliance management suite","publisher":{"@id":"https:\/\/ondato.com\/pl\/#organization"},"potentialAction":[{"@type":"SearchAction","target":{"@type":"EntryPoint","urlTemplate":"https:\/\/ondato.com\/pl\/?s={search_term_string}"},"query-input":{"@type":"PropertyValueSpecification","valueRequired":true,"valueName":"search_term_string"}}],"inLanguage":"pl-PL"},{"@type":"Organization","@id":"https:\/\/ondato.com\/pl\/#organization","name":"Ondato","url":"https:\/\/ondato.com\/pl\/","logo":{"@type":"ImageObject","inLanguage":"pl-PL","@id":"https:\/\/ondato.com\/pl\/#\/schema\/logo\/image\/","url":"https:\/\/ondato.com\/wp-content\/uploads\/2022\/08\/v01_Profile-photo-1.png","contentUrl":"https:\/\/ondato.com\/wp-content\/uploads\/2022\/08\/v01_Profile-photo-1.png","width":1080,"height":1080,"caption":"Ondato"},"image":{"@id":"https:\/\/ondato.com\/pl\/#\/schema\/logo\/image\/"},"sameAs":["https:\/\/www.facebook.com\/OndatoKYC","https:\/\/x.com\/OndatoKYC","https:\/\/www.linkedin.com\/company\/12576605\/","https:\/\/www.youtube.com\/channel\/UC4eMJhSGAf5hRO4YxnzrFFw"]}]}},"_links":{"self":[{"href":"https:\/\/ondato.com\/pl\/wp-json\/wp\/v2\/pages\/60224","targetHints":{"allow":["GET"]}}],"collection":[{"href":"https:\/\/ondato.com\/pl\/wp-json\/wp\/v2\/pages"}],"about":[{"href":"https:\/\/ondato.com\/pl\/wp-json\/wp\/v2\/types\/page"}],"author":[{"embeddable":true,"href":"https:\/\/ondato.com\/pl\/wp-json\/wp\/v2\/users\/1"}],"replies":[{"embeddable":true,"href":"https:\/\/ondato.com\/pl\/wp-json\/wp\/v2\/comments?post=60224"}],"version-history":[{"count":0,"href":"https:\/\/ondato.com\/pl\/wp-json\/wp\/v2\/pages\/60224\/revisions"}],"wp:featuredmedia":[{"embeddable":true,"href":"https:\/\/ondato.com\/pl\/wp-json\/wp\/v2\/media\/58232"}],"wp:attachment":[{"href":"https:\/\/ondato.com\/pl\/wp-json\/wp\/v2\/media?parent=60224"}],"curies":[{"name":"wp","href":"https:\/\/api.w.org\/{rel}","templated":true}]}}