{"id":60228,"date":"2022-01-31T06:51:16","date_gmt":"2022-01-31T03:51:16","guid":{"rendered":"https:\/\/ondatolive.wpenginepowered.com\/?page_id=60228"},"modified":"2025-08-04T12:40:36","modified_gmt":"2025-08-04T09:40:36","slug":"zdalne-wdrazanie-firm-kyb","status":"publish","type":"page","link":"https:\/\/ondato.com\/pl\/zdalne-wdrazanie-firm-kyb\/","title":{"rendered":"Zdalne wdra\u017canie firm (KYB)"},"content":{"rendered":"\n<p>Poznaj us\u0142ug\u0119 Know Your Business (KYB) nowej generacji, kt\u00f3ra jest efektywna i zgodna ze wszystkimi przepisami dotycz\u0105cymi przeciwdzia\u0142ania praniu pieni\u0119dzy. Od sprawdzenia uprawnie\u0144 przedstawicieli po podpisywanie dokument\u00f3w, zbuduj w\u0142asny proces elektronicznej weryfikacji to\u017csamo\u015bci i w\u0142\u0105cz go z \u0142atwo\u015bci\u0105 do codziennej dzia\u0142alno\u015bci.<\/p>\n","protected":false},"excerpt":{"rendered":"<p>Poznaj us\u0142ug\u0119 Know Your Business (KYB) nowej generacji, kt\u00f3ra jest efektywna i zgodna ze wszystkimi przepisami dotycz\u0105cymi przeciwdzia\u0142ania praniu pieni\u0119dzy. Od sprawdzenia uprawnie\u0144 przedstawicieli po podpisywanie dokument\u00f3w, zbuduj w\u0142asny proces elektronicznej weryfikacji to\u017csamo\u015bci i w\u0142\u0105cz go z \u0142atwo\u015bci\u0105 do codziennej dzia\u0142alno\u015bci.<\/p>\n","protected":false},"author":1,"featured_media":58784,"parent":0,"menu_order":0,"comment_status":"closed","ping_status":"closed","template":"templates-modules\/business.php","meta":{"_acf_changed":false,"inline_featured_image":false,"footnotes":""},"class_list":["post-60228","page","type-page","status-publish","has-post-thumbnail","hentry"],"acf":[],"yoast_head":"<!-- This site is optimized with the Yoast SEO Premium plugin v25.6 (Yoast SEO v27.3) - https:\/\/yoast.com\/product\/yoast-seo-premium-wordpress\/ -->\n<title>Zdalne wdra\u017canie firm | Ondato<\/title>\n<meta name=\"description\" content=\"Najnowocze\u015bniejsze rozwi\u0105zania w zakresie wdra\u017cania podmiot\u00f3w prawnych z wbudowanymi funkcjami sztucznej inteligencji usprawniaj\u0105 proces wprowadzania i zarz\u0105dzanie cyklem \u017cycia klienta.\" \/>\n<meta name=\"robots\" content=\"index, follow, max-snippet:-1, max-image-preview:large, max-video-preview:-1\" \/>\n<link rel=\"canonical\" href=\"https:\/\/ondato.com\/pl\/zdalne-wdrazanie-firm-kyb\/\" \/>\n<meta property=\"og:locale\" content=\"pl_PL\" \/>\n<meta property=\"og:type\" content=\"article\" \/>\n<meta property=\"og:title\" content=\"Zdalne wdra\u017canie firm (KYB)\" \/>\n<meta property=\"og:description\" content=\"Najnowocze\u015bniejsze rozwi\u0105zania w zakresie wdra\u017cania podmiot\u00f3w prawnych z wbudowanymi funkcjami sztucznej inteligencji usprawniaj\u0105 proces wprowadzania i zarz\u0105dzanie cyklem \u017cycia klienta.\" \/>\n<meta property=\"og:url\" content=\"https:\/\/ondato.com\/pl\/zdalne-wdrazanie-firm-kyb\/\" \/>\n<meta property=\"og:site_name\" content=\"Ondato\" \/>\n<meta property=\"article:publisher\" content=\"https:\/\/www.facebook.com\/OndatoKYC\" \/>\n<meta property=\"article:modified_time\" content=\"2025-08-04T09:40:36+00:00\" \/>\n<meta name=\"twitter:card\" content=\"summary_large_image\" \/>\n<meta name=\"twitter:site\" content=\"@OndatoKYC\" \/>\n<meta name=\"twitter:label1\" content=\"Szacowany czas czytania\" \/>\n\t<meta name=\"twitter:data1\" content=\"1 minuta\" \/>\n<script type=\"application\/ld+json\" class=\"yoast-schema-graph\">{\"@context\":\"https:\\\/\\\/schema.org\",\"@graph\":[{\"@type\":\"WebPage\",\"@id\":\"https:\\\/\\\/ondato.com\\\/pl\\\/zdalne-wdrazanie-firm-kyb\\\/\",\"url\":\"https:\\\/\\\/ondato.com\\\/pl\\\/zdalne-wdrazanie-firm-kyb\\\/\",\"name\":\"Zdalne wdra\u017canie firm | Ondato\",\"isPartOf\":{\"@id\":\"https:\\\/\\\/ondato.com\\\/pl\\\/#website\"},\"primaryImageOfPage\":{\"@id\":\"https:\\\/\\\/ondato.com\\\/pl\\\/zdalne-wdrazanie-firm-kyb\\\/#primaryimage\"},\"image\":{\"@id\":\"https:\\\/\\\/ondato.com\\\/pl\\\/zdalne-wdrazanie-firm-kyb\\\/#primaryimage\"},\"thumbnailUrl\":\"https:\\\/\\\/ondato.com\\\/wp-content\\\/uploads\\\/2023\\\/01\\\/Business-onboarding-hero-illustration.svg\",\"datePublished\":\"2022-01-31T03:51:16+00:00\",\"dateModified\":\"2025-08-04T09:40:36+00:00\",\"description\":\"Najnowocze\u015bniejsze rozwi\u0105zania w zakresie wdra\u017cania podmiot\u00f3w prawnych z wbudowanymi funkcjami sztucznej inteligencji usprawniaj\u0105 proces wprowadzania i zarz\u0105dzanie cyklem \u017cycia klienta.\",\"breadcrumb\":{\"@id\":\"https:\\\/\\\/ondato.com\\\/pl\\\/zdalne-wdrazanie-firm-kyb\\\/#breadcrumb\"},\"inLanguage\":\"pl-PL\",\"potentialAction\":[{\"@type\":\"ReadAction\",\"target\":[\"https:\\\/\\\/ondato.com\\\/pl\\\/zdalne-wdrazanie-firm-kyb\\\/\"]}]},{\"@type\":\"ImageObject\",\"inLanguage\":\"pl-PL\",\"@id\":\"https:\\\/\\\/ondato.com\\\/pl\\\/zdalne-wdrazanie-firm-kyb\\\/#primaryimage\",\"url\":\"https:\\\/\\\/ondato.com\\\/wp-content\\\/uploads\\\/2023\\\/01\\\/Business-onboarding-hero-illustration.svg\",\"contentUrl\":\"https:\\\/\\\/ondato.com\\\/wp-content\\\/uploads\\\/2023\\\/01\\\/Business-onboarding-hero-illustration.svg\",\"width\":382,\"height\":200},{\"@type\":\"BreadcrumbList\",\"@id\":\"https:\\\/\\\/ondato.com\\\/pl\\\/zdalne-wdrazanie-firm-kyb\\\/#breadcrumb\",\"itemListElement\":[{\"@type\":\"ListItem\",\"position\":1,\"name\":\"Home\",\"item\":\"https:\\\/\\\/ondato.com\\\/pl\\\/\"},{\"@type\":\"ListItem\",\"position\":2,\"name\":\"Zdalne wdra\u017canie firm (KYB)\"}]},{\"@type\":\"WebSite\",\"@id\":\"https:\\\/\\\/ondato.com\\\/pl\\\/#website\",\"url\":\"https:\\\/\\\/ondato.com\\\/pl\\\/\",\"name\":\"Ondato\",\"description\":\"complete and cost-effective compliance management suite\",\"publisher\":{\"@id\":\"https:\\\/\\\/ondato.com\\\/pl\\\/#organization\"},\"potentialAction\":[{\"@type\":\"SearchAction\",\"target\":{\"@type\":\"EntryPoint\",\"urlTemplate\":\"https:\\\/\\\/ondato.com\\\/pl\\\/?s={search_term_string}\"},\"query-input\":{\"@type\":\"PropertyValueSpecification\",\"valueRequired\":true,\"valueName\":\"search_term_string\"}}],\"inLanguage\":\"pl-PL\"},{\"@type\":\"Organization\",\"@id\":\"https:\\\/\\\/ondato.com\\\/pl\\\/#organization\",\"name\":\"Ondato\",\"url\":\"https:\\\/\\\/ondato.com\\\/pl\\\/\",\"logo\":{\"@type\":\"ImageObject\",\"inLanguage\":\"pl-PL\",\"@id\":\"https:\\\/\\\/ondato.com\\\/pl\\\/#\\\/schema\\\/logo\\\/image\\\/\",\"url\":\"https:\\\/\\\/ondato.com\\\/wp-content\\\/uploads\\\/2022\\\/08\\\/v01_Profile-photo-1.png\",\"contentUrl\":\"https:\\\/\\\/ondato.com\\\/wp-content\\\/uploads\\\/2022\\\/08\\\/v01_Profile-photo-1.png\",\"width\":1080,\"height\":1080,\"caption\":\"Ondato\"},\"image\":{\"@id\":\"https:\\\/\\\/ondato.com\\\/pl\\\/#\\\/schema\\\/logo\\\/image\\\/\"},\"sameAs\":[\"https:\\\/\\\/www.facebook.com\\\/OndatoKYC\",\"https:\\\/\\\/x.com\\\/OndatoKYC\",\"https:\\\/\\\/www.linkedin.com\\\/company\\\/12576605\\\/\",\"https:\\\/\\\/www.youtube.com\\\/channel\\\/UC4eMJhSGAf5hRO4YxnzrFFw\"]}]}<\/script>\n<!-- \/ Yoast SEO Premium plugin. -->","yoast_head_json":{"title":"Zdalne wdra\u017canie firm | Ondato","description":"Najnowocze\u015bniejsze rozwi\u0105zania w zakresie wdra\u017cania podmiot\u00f3w prawnych z wbudowanymi funkcjami sztucznej inteligencji usprawniaj\u0105 proces wprowadzania i zarz\u0105dzanie cyklem \u017cycia klienta.","robots":{"index":"index","follow":"follow","max-snippet":"max-snippet:-1","max-image-preview":"max-image-preview:large","max-video-preview":"max-video-preview:-1"},"canonical":"https:\/\/ondato.com\/pl\/zdalne-wdrazanie-firm-kyb\/","og_locale":"pl_PL","og_type":"article","og_title":"Zdalne wdra\u017canie firm (KYB)","og_description":"Najnowocze\u015bniejsze rozwi\u0105zania w zakresie wdra\u017cania podmiot\u00f3w prawnych z wbudowanymi funkcjami sztucznej inteligencji usprawniaj\u0105 proces wprowadzania i zarz\u0105dzanie cyklem \u017cycia klienta.","og_url":"https:\/\/ondato.com\/pl\/zdalne-wdrazanie-firm-kyb\/","og_site_name":"Ondato","article_publisher":"https:\/\/www.facebook.com\/OndatoKYC","article_modified_time":"2025-08-04T09:40:36+00:00","twitter_card":"summary_large_image","twitter_site":"@OndatoKYC","twitter_misc":{"Szacowany czas czytania":"1 minuta"},"schema":{"@context":"https:\/\/schema.org","@graph":[{"@type":"WebPage","@id":"https:\/\/ondato.com\/pl\/zdalne-wdrazanie-firm-kyb\/","url":"https:\/\/ondato.com\/pl\/zdalne-wdrazanie-firm-kyb\/","name":"Zdalne wdra\u017canie firm | Ondato","isPartOf":{"@id":"https:\/\/ondato.com\/pl\/#website"},"primaryImageOfPage":{"@id":"https:\/\/ondato.com\/pl\/zdalne-wdrazanie-firm-kyb\/#primaryimage"},"image":{"@id":"https:\/\/ondato.com\/pl\/zdalne-wdrazanie-firm-kyb\/#primaryimage"},"thumbnailUrl":"https:\/\/ondato.com\/wp-content\/uploads\/2023\/01\/Business-onboarding-hero-illustration.svg","datePublished":"2022-01-31T03:51:16+00:00","dateModified":"2025-08-04T09:40:36+00:00","description":"Najnowocze\u015bniejsze rozwi\u0105zania w zakresie wdra\u017cania podmiot\u00f3w prawnych z wbudowanymi funkcjami sztucznej inteligencji usprawniaj\u0105 proces wprowadzania i zarz\u0105dzanie cyklem \u017cycia klienta.","breadcrumb":{"@id":"https:\/\/ondato.com\/pl\/zdalne-wdrazanie-firm-kyb\/#breadcrumb"},"inLanguage":"pl-PL","potentialAction":[{"@type":"ReadAction","target":["https:\/\/ondato.com\/pl\/zdalne-wdrazanie-firm-kyb\/"]}]},{"@type":"ImageObject","inLanguage":"pl-PL","@id":"https:\/\/ondato.com\/pl\/zdalne-wdrazanie-firm-kyb\/#primaryimage","url":"https:\/\/ondato.com\/wp-content\/uploads\/2023\/01\/Business-onboarding-hero-illustration.svg","contentUrl":"https:\/\/ondato.com\/wp-content\/uploads\/2023\/01\/Business-onboarding-hero-illustration.svg","width":382,"height":200},{"@type":"BreadcrumbList","@id":"https:\/\/ondato.com\/pl\/zdalne-wdrazanie-firm-kyb\/#breadcrumb","itemListElement":[{"@type":"ListItem","position":1,"name":"Home","item":"https:\/\/ondato.com\/pl\/"},{"@type":"ListItem","position":2,"name":"Zdalne wdra\u017canie firm (KYB)"}]},{"@type":"WebSite","@id":"https:\/\/ondato.com\/pl\/#website","url":"https:\/\/ondato.com\/pl\/","name":"Ondato","description":"complete and cost-effective compliance management suite","publisher":{"@id":"https:\/\/ondato.com\/pl\/#organization"},"potentialAction":[{"@type":"SearchAction","target":{"@type":"EntryPoint","urlTemplate":"https:\/\/ondato.com\/pl\/?s={search_term_string}"},"query-input":{"@type":"PropertyValueSpecification","valueRequired":true,"valueName":"search_term_string"}}],"inLanguage":"pl-PL"},{"@type":"Organization","@id":"https:\/\/ondato.com\/pl\/#organization","name":"Ondato","url":"https:\/\/ondato.com\/pl\/","logo":{"@type":"ImageObject","inLanguage":"pl-PL","@id":"https:\/\/ondato.com\/pl\/#\/schema\/logo\/image\/","url":"https:\/\/ondato.com\/wp-content\/uploads\/2022\/08\/v01_Profile-photo-1.png","contentUrl":"https:\/\/ondato.com\/wp-content\/uploads\/2022\/08\/v01_Profile-photo-1.png","width":1080,"height":1080,"caption":"Ondato"},"image":{"@id":"https:\/\/ondato.com\/pl\/#\/schema\/logo\/image\/"},"sameAs":["https:\/\/www.facebook.com\/OndatoKYC","https:\/\/x.com\/OndatoKYC","https:\/\/www.linkedin.com\/company\/12576605\/","https:\/\/www.youtube.com\/channel\/UC4eMJhSGAf5hRO4YxnzrFFw"]}]}},"_links":{"self":[{"href":"https:\/\/ondato.com\/pl\/wp-json\/wp\/v2\/pages\/60228","targetHints":{"allow":["GET"]}}],"collection":[{"href":"https:\/\/ondato.com\/pl\/wp-json\/wp\/v2\/pages"}],"about":[{"href":"https:\/\/ondato.com\/pl\/wp-json\/wp\/v2\/types\/page"}],"author":[{"embeddable":true,"href":"https:\/\/ondato.com\/pl\/wp-json\/wp\/v2\/users\/1"}],"replies":[{"embeddable":true,"href":"https:\/\/ondato.com\/pl\/wp-json\/wp\/v2\/comments?post=60228"}],"version-history":[{"count":0,"href":"https:\/\/ondato.com\/pl\/wp-json\/wp\/v2\/pages\/60228\/revisions"}],"wp:featuredmedia":[{"embeddable":true,"href":"https:\/\/ondato.com\/pl\/wp-json\/wp\/v2\/media\/58784"}],"wp:attachment":[{"href":"https:\/\/ondato.com\/pl\/wp-json\/wp\/v2\/media?parent=60228"}],"curies":[{"name":"wp","href":"https:\/\/api.w.org\/{rel}","templated":true}]}}