{"id":60232,"date":"2022-01-31T06:52:47","date_gmt":"2022-01-31T03:52:47","guid":{"rendered":"https:\/\/ondatolive.wpenginepowered.com\/?page_id=60232"},"modified":"2023-05-16T08:09:15","modified_gmt":"2023-05-16T06:09:15","slug":"platforma-danych-o-klientach-cdp","status":"publish","type":"page","link":"https:\/\/ondato.com\/pl\/platforma-danych-o-klientach-cdp\/","title":{"rendered":"Platforma danych o klientach (CDP)"},"content":{"rendered":"\n<p>\u0141atwo zarz\u0105dzaj baz\u0105 u\u017cytkownik\u00f3w ze scentralizowanego punktu bez wzgl\u0119du na to, czy masz do czynienia z osobami fizycznymi czy podmiotami prawnymi. Rozbudowany pulpit obejmuje wszystkie obszary, od monitorowania po narz\u0119dzia do komunikacji zewn\u0119trznej.<\/p>\n","protected":false},"excerpt":{"rendered":"<p>\u0141atwo zarz\u0105dzaj baz\u0105 u\u017cytkownik\u00f3w ze scentralizowanego punktu bez wzgl\u0119du na to, czy masz do czynienia z osobami fizycznymi czy podmiotami prawnymi. Rozbudowany pulpit obejmuje wszystkie obszary, od monitorowania po narz\u0119dzia do komunikacji zewn\u0119trznej.<\/p>\n","protected":false},"author":1,"featured_media":58788,"parent":0,"menu_order":0,"comment_status":"closed","ping_status":"closed","template":"templates-modules\/cdp.php","meta":{"_acf_changed":false,"inline_featured_image":false,"footnotes":""},"class_list":["post-60232","page","type-page","status-publish","has-post-thumbnail","hentry"],"acf":[],"yoast_head":"<!-- This site is optimized with the Yoast SEO Premium plugin v25.6 (Yoast SEO v27.3) - https:\/\/yoast.com\/product\/yoast-seo-premium-wordpress\/ -->\n<title>Platforma danych o klientach | Ondato<\/title>\n<meta name=\"description\" content=\"Zarz\u0105dzaj ca\u0142\u0105 baz\u0105 u\u017cytkownik\u00f3w ze scentralizowanego punktu. Uzyskaj analizy oparte na danych i nie daj si\u0119 zaskoczy\u0107 wyga\u015bni\u0119ciem wa\u017cno\u015bci dokument\u00f3w.\" \/>\n<meta name=\"robots\" content=\"index, follow, max-snippet:-1, max-image-preview:large, max-video-preview:-1\" \/>\n<link rel=\"canonical\" href=\"https:\/\/ondato.com\/pl\/platforma-danych-o-klientach-cdp\/\" \/>\n<meta property=\"og:locale\" content=\"pl_PL\" \/>\n<meta property=\"og:type\" content=\"article\" \/>\n<meta property=\"og:title\" content=\"Platforma danych o klientach (CDP)\" \/>\n<meta property=\"og:description\" content=\"Zarz\u0105dzaj ca\u0142\u0105 baz\u0105 u\u017cytkownik\u00f3w ze scentralizowanego punktu. Uzyskaj analizy oparte na danych i nie daj si\u0119 zaskoczy\u0107 wyga\u015bni\u0119ciem wa\u017cno\u015bci dokument\u00f3w.\" \/>\n<meta property=\"og:url\" content=\"https:\/\/ondato.com\/pl\/platforma-danych-o-klientach-cdp\/\" \/>\n<meta property=\"og:site_name\" content=\"Ondato\" \/>\n<meta property=\"article:publisher\" content=\"https:\/\/www.facebook.com\/OndatoKYC\" \/>\n<meta property=\"article:modified_time\" content=\"2023-05-16T06:09:15+00:00\" \/>\n<meta name=\"twitter:card\" content=\"summary_large_image\" \/>\n<meta name=\"twitter:site\" content=\"@OndatoKYC\" \/>\n<meta name=\"twitter:label1\" content=\"Szacowany czas czytania\" \/>\n\t<meta name=\"twitter:data1\" content=\"1 minuta\" \/>\n<script type=\"application\/ld+json\" class=\"yoast-schema-graph\">{\"@context\":\"https:\\\/\\\/schema.org\",\"@graph\":[{\"@type\":\"WebPage\",\"@id\":\"https:\\\/\\\/ondato.com\\\/pl\\\/platforma-danych-o-klientach-cdp\\\/\",\"url\":\"https:\\\/\\\/ondato.com\\\/pl\\\/platforma-danych-o-klientach-cdp\\\/\",\"name\":\"Platforma danych o klientach | Ondato\",\"isPartOf\":{\"@id\":\"https:\\\/\\\/ondato.com\\\/pl\\\/#website\"},\"primaryImageOfPage\":{\"@id\":\"https:\\\/\\\/ondato.com\\\/pl\\\/platforma-danych-o-klientach-cdp\\\/#primaryimage\"},\"image\":{\"@id\":\"https:\\\/\\\/ondato.com\\\/pl\\\/platforma-danych-o-klientach-cdp\\\/#primaryimage\"},\"thumbnailUrl\":\"https:\\\/\\\/ondato.com\\\/wp-content\\\/uploads\\\/2023\\\/01\\\/Custumer-data-platform-hero-illustration.svg\",\"datePublished\":\"2022-01-31T03:52:47+00:00\",\"dateModified\":\"2023-05-16T06:09:15+00:00\",\"description\":\"Zarz\u0105dzaj ca\u0142\u0105 baz\u0105 u\u017cytkownik\u00f3w ze scentralizowanego punktu. Uzyskaj analizy oparte na danych i nie daj si\u0119 zaskoczy\u0107 wyga\u015bni\u0119ciem wa\u017cno\u015bci dokument\u00f3w.\",\"breadcrumb\":{\"@id\":\"https:\\\/\\\/ondato.com\\\/pl\\\/platforma-danych-o-klientach-cdp\\\/#breadcrumb\"},\"inLanguage\":\"pl-PL\",\"potentialAction\":[{\"@type\":\"ReadAction\",\"target\":[\"https:\\\/\\\/ondato.com\\\/pl\\\/platforma-danych-o-klientach-cdp\\\/\"]}]},{\"@type\":\"ImageObject\",\"inLanguage\":\"pl-PL\",\"@id\":\"https:\\\/\\\/ondato.com\\\/pl\\\/platforma-danych-o-klientach-cdp\\\/#primaryimage\",\"url\":\"https:\\\/\\\/ondato.com\\\/wp-content\\\/uploads\\\/2023\\\/01\\\/Custumer-data-platform-hero-illustration.svg\",\"contentUrl\":\"https:\\\/\\\/ondato.com\\\/wp-content\\\/uploads\\\/2023\\\/01\\\/Custumer-data-platform-hero-illustration.svg\",\"width\":325,\"height\":230},{\"@type\":\"BreadcrumbList\",\"@id\":\"https:\\\/\\\/ondato.com\\\/pl\\\/platforma-danych-o-klientach-cdp\\\/#breadcrumb\",\"itemListElement\":[{\"@type\":\"ListItem\",\"position\":1,\"name\":\"Home\",\"item\":\"https:\\\/\\\/ondato.com\\\/pl\\\/\"},{\"@type\":\"ListItem\",\"position\":2,\"name\":\"Platforma danych o klientach (CDP)\"}]},{\"@type\":\"WebSite\",\"@id\":\"https:\\\/\\\/ondato.com\\\/pl\\\/#website\",\"url\":\"https:\\\/\\\/ondato.com\\\/pl\\\/\",\"name\":\"Ondato\",\"description\":\"complete and cost-effective compliance management suite\",\"publisher\":{\"@id\":\"https:\\\/\\\/ondato.com\\\/pl\\\/#organization\"},\"potentialAction\":[{\"@type\":\"SearchAction\",\"target\":{\"@type\":\"EntryPoint\",\"urlTemplate\":\"https:\\\/\\\/ondato.com\\\/pl\\\/?s={search_term_string}\"},\"query-input\":{\"@type\":\"PropertyValueSpecification\",\"valueRequired\":true,\"valueName\":\"search_term_string\"}}],\"inLanguage\":\"pl-PL\"},{\"@type\":\"Organization\",\"@id\":\"https:\\\/\\\/ondato.com\\\/pl\\\/#organization\",\"name\":\"Ondato\",\"url\":\"https:\\\/\\\/ondato.com\\\/pl\\\/\",\"logo\":{\"@type\":\"ImageObject\",\"inLanguage\":\"pl-PL\",\"@id\":\"https:\\\/\\\/ondato.com\\\/pl\\\/#\\\/schema\\\/logo\\\/image\\\/\",\"url\":\"https:\\\/\\\/ondato.com\\\/wp-content\\\/uploads\\\/2022\\\/08\\\/v01_Profile-photo-1.png\",\"contentUrl\":\"https:\\\/\\\/ondato.com\\\/wp-content\\\/uploads\\\/2022\\\/08\\\/v01_Profile-photo-1.png\",\"width\":1080,\"height\":1080,\"caption\":\"Ondato\"},\"image\":{\"@id\":\"https:\\\/\\\/ondato.com\\\/pl\\\/#\\\/schema\\\/logo\\\/image\\\/\"},\"sameAs\":[\"https:\\\/\\\/www.facebook.com\\\/OndatoKYC\",\"https:\\\/\\\/x.com\\\/OndatoKYC\",\"https:\\\/\\\/www.linkedin.com\\\/company\\\/12576605\\\/\",\"https:\\\/\\\/www.youtube.com\\\/channel\\\/UC4eMJhSGAf5hRO4YxnzrFFw\"]}]}<\/script>\n<!-- \/ Yoast SEO Premium plugin. -->","yoast_head_json":{"title":"Platforma danych o klientach | Ondato","description":"Zarz\u0105dzaj ca\u0142\u0105 baz\u0105 u\u017cytkownik\u00f3w ze scentralizowanego punktu. Uzyskaj analizy oparte na danych i nie daj si\u0119 zaskoczy\u0107 wyga\u015bni\u0119ciem wa\u017cno\u015bci dokument\u00f3w.","robots":{"index":"index","follow":"follow","max-snippet":"max-snippet:-1","max-image-preview":"max-image-preview:large","max-video-preview":"max-video-preview:-1"},"canonical":"https:\/\/ondato.com\/pl\/platforma-danych-o-klientach-cdp\/","og_locale":"pl_PL","og_type":"article","og_title":"Platforma danych o klientach (CDP)","og_description":"Zarz\u0105dzaj ca\u0142\u0105 baz\u0105 u\u017cytkownik\u00f3w ze scentralizowanego punktu. Uzyskaj analizy oparte na danych i nie daj si\u0119 zaskoczy\u0107 wyga\u015bni\u0119ciem wa\u017cno\u015bci dokument\u00f3w.","og_url":"https:\/\/ondato.com\/pl\/platforma-danych-o-klientach-cdp\/","og_site_name":"Ondato","article_publisher":"https:\/\/www.facebook.com\/OndatoKYC","article_modified_time":"2023-05-16T06:09:15+00:00","twitter_card":"summary_large_image","twitter_site":"@OndatoKYC","twitter_misc":{"Szacowany czas czytania":"1 minuta"},"schema":{"@context":"https:\/\/schema.org","@graph":[{"@type":"WebPage","@id":"https:\/\/ondato.com\/pl\/platforma-danych-o-klientach-cdp\/","url":"https:\/\/ondato.com\/pl\/platforma-danych-o-klientach-cdp\/","name":"Platforma danych o klientach | Ondato","isPartOf":{"@id":"https:\/\/ondato.com\/pl\/#website"},"primaryImageOfPage":{"@id":"https:\/\/ondato.com\/pl\/platforma-danych-o-klientach-cdp\/#primaryimage"},"image":{"@id":"https:\/\/ondato.com\/pl\/platforma-danych-o-klientach-cdp\/#primaryimage"},"thumbnailUrl":"https:\/\/ondato.com\/wp-content\/uploads\/2023\/01\/Custumer-data-platform-hero-illustration.svg","datePublished":"2022-01-31T03:52:47+00:00","dateModified":"2023-05-16T06:09:15+00:00","description":"Zarz\u0105dzaj ca\u0142\u0105 baz\u0105 u\u017cytkownik\u00f3w ze scentralizowanego punktu. Uzyskaj analizy oparte na danych i nie daj si\u0119 zaskoczy\u0107 wyga\u015bni\u0119ciem wa\u017cno\u015bci dokument\u00f3w.","breadcrumb":{"@id":"https:\/\/ondato.com\/pl\/platforma-danych-o-klientach-cdp\/#breadcrumb"},"inLanguage":"pl-PL","potentialAction":[{"@type":"ReadAction","target":["https:\/\/ondato.com\/pl\/platforma-danych-o-klientach-cdp\/"]}]},{"@type":"ImageObject","inLanguage":"pl-PL","@id":"https:\/\/ondato.com\/pl\/platforma-danych-o-klientach-cdp\/#primaryimage","url":"https:\/\/ondato.com\/wp-content\/uploads\/2023\/01\/Custumer-data-platform-hero-illustration.svg","contentUrl":"https:\/\/ondato.com\/wp-content\/uploads\/2023\/01\/Custumer-data-platform-hero-illustration.svg","width":325,"height":230},{"@type":"BreadcrumbList","@id":"https:\/\/ondato.com\/pl\/platforma-danych-o-klientach-cdp\/#breadcrumb","itemListElement":[{"@type":"ListItem","position":1,"name":"Home","item":"https:\/\/ondato.com\/pl\/"},{"@type":"ListItem","position":2,"name":"Platforma danych o klientach (CDP)"}]},{"@type":"WebSite","@id":"https:\/\/ondato.com\/pl\/#website","url":"https:\/\/ondato.com\/pl\/","name":"Ondato","description":"complete and cost-effective compliance management suite","publisher":{"@id":"https:\/\/ondato.com\/pl\/#organization"},"potentialAction":[{"@type":"SearchAction","target":{"@type":"EntryPoint","urlTemplate":"https:\/\/ondato.com\/pl\/?s={search_term_string}"},"query-input":{"@type":"PropertyValueSpecification","valueRequired":true,"valueName":"search_term_string"}}],"inLanguage":"pl-PL"},{"@type":"Organization","@id":"https:\/\/ondato.com\/pl\/#organization","name":"Ondato","url":"https:\/\/ondato.com\/pl\/","logo":{"@type":"ImageObject","inLanguage":"pl-PL","@id":"https:\/\/ondato.com\/pl\/#\/schema\/logo\/image\/","url":"https:\/\/ondato.com\/wp-content\/uploads\/2022\/08\/v01_Profile-photo-1.png","contentUrl":"https:\/\/ondato.com\/wp-content\/uploads\/2022\/08\/v01_Profile-photo-1.png","width":1080,"height":1080,"caption":"Ondato"},"image":{"@id":"https:\/\/ondato.com\/pl\/#\/schema\/logo\/image\/"},"sameAs":["https:\/\/www.facebook.com\/OndatoKYC","https:\/\/x.com\/OndatoKYC","https:\/\/www.linkedin.com\/company\/12576605\/","https:\/\/www.youtube.com\/channel\/UC4eMJhSGAf5hRO4YxnzrFFw"]}]}},"_links":{"self":[{"href":"https:\/\/ondato.com\/pl\/wp-json\/wp\/v2\/pages\/60232","targetHints":{"allow":["GET"]}}],"collection":[{"href":"https:\/\/ondato.com\/pl\/wp-json\/wp\/v2\/pages"}],"about":[{"href":"https:\/\/ondato.com\/pl\/wp-json\/wp\/v2\/types\/page"}],"author":[{"embeddable":true,"href":"https:\/\/ondato.com\/pl\/wp-json\/wp\/v2\/users\/1"}],"replies":[{"embeddable":true,"href":"https:\/\/ondato.com\/pl\/wp-json\/wp\/v2\/comments?post=60232"}],"version-history":[{"count":0,"href":"https:\/\/ondato.com\/pl\/wp-json\/wp\/v2\/pages\/60232\/revisions"}],"wp:featuredmedia":[{"embeddable":true,"href":"https:\/\/ondato.com\/pl\/wp-json\/wp\/v2\/media\/58788"}],"wp:attachment":[{"href":"https:\/\/ondato.com\/pl\/wp-json\/wp\/v2\/media?parent=60232"}],"curies":[{"name":"wp","href":"https:\/\/api.w.org\/{rel}","templated":true}]}}