{"id":60236,"date":"2022-01-31T06:54:10","date_gmt":"2022-01-31T04:54:10","guid":{"rendered":"https:\/\/ondatolive.wpenginepowered.com\/?page_id=60236"},"modified":"2025-11-19T11:49:33","modified_gmt":"2025-11-19T08:49:33","slug":"uwierzytelnianie-za-pomoca-podpisu-elektronicznego","status":"publish","type":"page","link":"https:\/\/ondato.com\/pl\/uwierzytelnianie\/uwierzytelnianie-za-pomoca-podpisu-elektronicznego\/","title":{"rendered":"Uwierzytelnianie za pomoc\u0105 podpisu elektronicznego"},"content":{"rendered":"\n<p>Szybko uwierzytelniaj u\u017cytkownik\u00f3w za pomoc\u0105 kwalifikowanego podpisu elektronicznego, zapewniaj\u0105c wysoki poziom bezpiecze\u0144stwa.<\/p>\n","protected":false},"excerpt":{"rendered":"<p>Szybko uwierzytelniaj u\u017cytkownik\u00f3w za pomoc\u0105 kwalifikowanego podpisu elektronicznego, zapewniaj\u0105c wysoki poziom bezpiecze\u0144stwa.<\/p>\n","protected":false},"author":1,"featured_media":58247,"parent":60247,"menu_order":0,"comment_status":"closed","ping_status":"closed","template":"templates-modules\/module-esig.php","meta":{"_acf_changed":false,"inline_featured_image":false,"footnotes":""},"class_list":["post-60236","page","type-page","status-publish","has-post-thumbnail","hentry"],"acf":[],"yoast_head":"<!-- This site is optimized with the Yoast SEO Premium plugin v25.6 (Yoast SEO v27.3) - https:\/\/yoast.com\/product\/yoast-seo-premium-wordpress\/ -->\n<title>Uwierzytelnianie za pomoc\u0105 podpisu elektronicznego | Ondato<\/title>\n<meta name=\"description\" content=\"U\u017cywaj kwalifikowanego podpisu elektronicznego jako metody uwierzytelniania to\u017csamo\u015bci. Zapewnij wysoki standard bezpiecze\u0144stwa dla u\u017cytkownik\u00f3w, kt\u00f3rzy ju\u017c z niego korzystaj\u0105.\" \/>\n<meta name=\"robots\" content=\"index, follow, max-snippet:-1, max-image-preview:large, max-video-preview:-1\" \/>\n<link rel=\"canonical\" href=\"https:\/\/ondato.com\/pl\/uwierzytelnianie\/uwierzytelnianie-za-pomoca-podpisu-elektronicznego\/\" \/>\n<meta property=\"og:locale\" content=\"pl_PL\" \/>\n<meta property=\"og:type\" content=\"article\" \/>\n<meta property=\"og:title\" content=\"Uwierzytelnianie za pomoc\u0105 podpisu elektronicznego\" \/>\n<meta property=\"og:description\" content=\"U\u017cywaj kwalifikowanego podpisu elektronicznego jako metody uwierzytelniania to\u017csamo\u015bci. Zapewnij wysoki standard bezpiecze\u0144stwa dla u\u017cytkownik\u00f3w, kt\u00f3rzy ju\u017c z niego korzystaj\u0105.\" \/>\n<meta property=\"og:url\" content=\"https:\/\/ondato.com\/pl\/uwierzytelnianie\/uwierzytelnianie-za-pomoca-podpisu-elektronicznego\/\" \/>\n<meta property=\"og:site_name\" content=\"Ondato\" \/>\n<meta property=\"article:publisher\" content=\"https:\/\/www.facebook.com\/OndatoKYC\" \/>\n<meta property=\"article:modified_time\" content=\"2025-11-19T08:49:33+00:00\" \/>\n<meta name=\"twitter:card\" content=\"summary_large_image\" \/>\n<meta name=\"twitter:site\" content=\"@OndatoKYC\" \/>\n<meta name=\"twitter:label1\" content=\"Szacowany czas czytania\" \/>\n\t<meta name=\"twitter:data1\" content=\"1 minuta\" \/>\n<script type=\"application\/ld+json\" class=\"yoast-schema-graph\">{\"@context\":\"https:\\\/\\\/schema.org\",\"@graph\":[{\"@type\":\"WebPage\",\"@id\":\"https:\\\/\\\/ondato.com\\\/pl\\\/uwierzytelnianie\\\/uwierzytelnianie-za-pomoca-podpisu-elektronicznego\\\/\",\"url\":\"https:\\\/\\\/ondato.com\\\/pl\\\/uwierzytelnianie\\\/uwierzytelnianie-za-pomoca-podpisu-elektronicznego\\\/\",\"name\":\"Uwierzytelnianie za pomoc\u0105 podpisu elektronicznego | Ondato\",\"isPartOf\":{\"@id\":\"https:\\\/\\\/ondato.com\\\/pl\\\/#website\"},\"primaryImageOfPage\":{\"@id\":\"https:\\\/\\\/ondato.com\\\/pl\\\/uwierzytelnianie\\\/uwierzytelnianie-za-pomoca-podpisu-elektronicznego\\\/#primaryimage\"},\"image\":{\"@id\":\"https:\\\/\\\/ondato.com\\\/pl\\\/uwierzytelnianie\\\/uwierzytelnianie-za-pomoca-podpisu-elektronicznego\\\/#primaryimage\"},\"thumbnailUrl\":\"https:\\\/\\\/ondato.com\\\/wp-content\\\/uploads\\\/2022\\\/03\\\/Icon-esignature-black.svg\",\"datePublished\":\"2022-01-31T04:54:10+00:00\",\"dateModified\":\"2025-11-19T08:49:33+00:00\",\"description\":\"U\u017cywaj kwalifikowanego podpisu elektronicznego jako metody uwierzytelniania to\u017csamo\u015bci. Zapewnij wysoki standard bezpiecze\u0144stwa dla u\u017cytkownik\u00f3w, kt\u00f3rzy ju\u017c z niego korzystaj\u0105.\",\"breadcrumb\":{\"@id\":\"https:\\\/\\\/ondato.com\\\/pl\\\/uwierzytelnianie\\\/uwierzytelnianie-za-pomoca-podpisu-elektronicznego\\\/#breadcrumb\"},\"inLanguage\":\"pl-PL\",\"potentialAction\":[{\"@type\":\"ReadAction\",\"target\":[\"https:\\\/\\\/ondato.com\\\/pl\\\/uwierzytelnianie\\\/uwierzytelnianie-za-pomoca-podpisu-elektronicznego\\\/\"]}]},{\"@type\":\"ImageObject\",\"inLanguage\":\"pl-PL\",\"@id\":\"https:\\\/\\\/ondato.com\\\/pl\\\/uwierzytelnianie\\\/uwierzytelnianie-za-pomoca-podpisu-elektronicznego\\\/#primaryimage\",\"url\":\"https:\\\/\\\/ondato.com\\\/wp-content\\\/uploads\\\/2022\\\/03\\\/Icon-esignature-black.svg\",\"contentUrl\":\"https:\\\/\\\/ondato.com\\\/wp-content\\\/uploads\\\/2022\\\/03\\\/Icon-esignature-black.svg\"},{\"@type\":\"BreadcrumbList\",\"@id\":\"https:\\\/\\\/ondato.com\\\/pl\\\/uwierzytelnianie\\\/uwierzytelnianie-za-pomoca-podpisu-elektronicznego\\\/#breadcrumb\",\"itemListElement\":[{\"@type\":\"ListItem\",\"position\":1,\"name\":\"Home\",\"item\":\"https:\\\/\\\/ondato.com\\\/pl\\\/\"},{\"@type\":\"ListItem\",\"position\":2,\"name\":\"Uwierzytelnianie\",\"item\":\"https:\\\/\\\/ondato.com\\\/pl\\\/uwierzytelnianie\\\/\"},{\"@type\":\"ListItem\",\"position\":3,\"name\":\"Uwierzytelnianie za pomoc\u0105 podpisu elektronicznego\"}]},{\"@type\":\"WebSite\",\"@id\":\"https:\\\/\\\/ondato.com\\\/pl\\\/#website\",\"url\":\"https:\\\/\\\/ondato.com\\\/pl\\\/\",\"name\":\"Ondato\",\"description\":\"complete and cost-effective compliance management suite\",\"publisher\":{\"@id\":\"https:\\\/\\\/ondato.com\\\/pl\\\/#organization\"},\"potentialAction\":[{\"@type\":\"SearchAction\",\"target\":{\"@type\":\"EntryPoint\",\"urlTemplate\":\"https:\\\/\\\/ondato.com\\\/pl\\\/?s={search_term_string}\"},\"query-input\":{\"@type\":\"PropertyValueSpecification\",\"valueRequired\":true,\"valueName\":\"search_term_string\"}}],\"inLanguage\":\"pl-PL\"},{\"@type\":\"Organization\",\"@id\":\"https:\\\/\\\/ondato.com\\\/pl\\\/#organization\",\"name\":\"Ondato\",\"url\":\"https:\\\/\\\/ondato.com\\\/pl\\\/\",\"logo\":{\"@type\":\"ImageObject\",\"inLanguage\":\"pl-PL\",\"@id\":\"https:\\\/\\\/ondato.com\\\/pl\\\/#\\\/schema\\\/logo\\\/image\\\/\",\"url\":\"https:\\\/\\\/ondato.com\\\/wp-content\\\/uploads\\\/2022\\\/08\\\/v01_Profile-photo-1.png\",\"contentUrl\":\"https:\\\/\\\/ondato.com\\\/wp-content\\\/uploads\\\/2022\\\/08\\\/v01_Profile-photo-1.png\",\"width\":1080,\"height\":1080,\"caption\":\"Ondato\"},\"image\":{\"@id\":\"https:\\\/\\\/ondato.com\\\/pl\\\/#\\\/schema\\\/logo\\\/image\\\/\"},\"sameAs\":[\"https:\\\/\\\/www.facebook.com\\\/OndatoKYC\",\"https:\\\/\\\/x.com\\\/OndatoKYC\",\"https:\\\/\\\/www.linkedin.com\\\/company\\\/12576605\\\/\",\"https:\\\/\\\/www.youtube.com\\\/channel\\\/UC4eMJhSGAf5hRO4YxnzrFFw\"]}]}<\/script>\n<!-- \/ Yoast SEO Premium plugin. -->","yoast_head_json":{"title":"Uwierzytelnianie za pomoc\u0105 podpisu elektronicznego | Ondato","description":"U\u017cywaj kwalifikowanego podpisu elektronicznego jako metody uwierzytelniania to\u017csamo\u015bci. Zapewnij wysoki standard bezpiecze\u0144stwa dla u\u017cytkownik\u00f3w, kt\u00f3rzy ju\u017c z niego korzystaj\u0105.","robots":{"index":"index","follow":"follow","max-snippet":"max-snippet:-1","max-image-preview":"max-image-preview:large","max-video-preview":"max-video-preview:-1"},"canonical":"https:\/\/ondato.com\/pl\/uwierzytelnianie\/uwierzytelnianie-za-pomoca-podpisu-elektronicznego\/","og_locale":"pl_PL","og_type":"article","og_title":"Uwierzytelnianie za pomoc\u0105 podpisu elektronicznego","og_description":"U\u017cywaj kwalifikowanego podpisu elektronicznego jako metody uwierzytelniania to\u017csamo\u015bci. Zapewnij wysoki standard bezpiecze\u0144stwa dla u\u017cytkownik\u00f3w, kt\u00f3rzy ju\u017c z niego korzystaj\u0105.","og_url":"https:\/\/ondato.com\/pl\/uwierzytelnianie\/uwierzytelnianie-za-pomoca-podpisu-elektronicznego\/","og_site_name":"Ondato","article_publisher":"https:\/\/www.facebook.com\/OndatoKYC","article_modified_time":"2025-11-19T08:49:33+00:00","twitter_card":"summary_large_image","twitter_site":"@OndatoKYC","twitter_misc":{"Szacowany czas czytania":"1 minuta"},"schema":{"@context":"https:\/\/schema.org","@graph":[{"@type":"WebPage","@id":"https:\/\/ondato.com\/pl\/uwierzytelnianie\/uwierzytelnianie-za-pomoca-podpisu-elektronicznego\/","url":"https:\/\/ondato.com\/pl\/uwierzytelnianie\/uwierzytelnianie-za-pomoca-podpisu-elektronicznego\/","name":"Uwierzytelnianie za pomoc\u0105 podpisu elektronicznego | Ondato","isPartOf":{"@id":"https:\/\/ondato.com\/pl\/#website"},"primaryImageOfPage":{"@id":"https:\/\/ondato.com\/pl\/uwierzytelnianie\/uwierzytelnianie-za-pomoca-podpisu-elektronicznego\/#primaryimage"},"image":{"@id":"https:\/\/ondato.com\/pl\/uwierzytelnianie\/uwierzytelnianie-za-pomoca-podpisu-elektronicznego\/#primaryimage"},"thumbnailUrl":"https:\/\/ondato.com\/wp-content\/uploads\/2022\/03\/Icon-esignature-black.svg","datePublished":"2022-01-31T04:54:10+00:00","dateModified":"2025-11-19T08:49:33+00:00","description":"U\u017cywaj kwalifikowanego podpisu elektronicznego jako metody uwierzytelniania to\u017csamo\u015bci. Zapewnij wysoki standard bezpiecze\u0144stwa dla u\u017cytkownik\u00f3w, kt\u00f3rzy ju\u017c z niego korzystaj\u0105.","breadcrumb":{"@id":"https:\/\/ondato.com\/pl\/uwierzytelnianie\/uwierzytelnianie-za-pomoca-podpisu-elektronicznego\/#breadcrumb"},"inLanguage":"pl-PL","potentialAction":[{"@type":"ReadAction","target":["https:\/\/ondato.com\/pl\/uwierzytelnianie\/uwierzytelnianie-za-pomoca-podpisu-elektronicznego\/"]}]},{"@type":"ImageObject","inLanguage":"pl-PL","@id":"https:\/\/ondato.com\/pl\/uwierzytelnianie\/uwierzytelnianie-za-pomoca-podpisu-elektronicznego\/#primaryimage","url":"https:\/\/ondato.com\/wp-content\/uploads\/2022\/03\/Icon-esignature-black.svg","contentUrl":"https:\/\/ondato.com\/wp-content\/uploads\/2022\/03\/Icon-esignature-black.svg"},{"@type":"BreadcrumbList","@id":"https:\/\/ondato.com\/pl\/uwierzytelnianie\/uwierzytelnianie-za-pomoca-podpisu-elektronicznego\/#breadcrumb","itemListElement":[{"@type":"ListItem","position":1,"name":"Home","item":"https:\/\/ondato.com\/pl\/"},{"@type":"ListItem","position":2,"name":"Uwierzytelnianie","item":"https:\/\/ondato.com\/pl\/uwierzytelnianie\/"},{"@type":"ListItem","position":3,"name":"Uwierzytelnianie za pomoc\u0105 podpisu elektronicznego"}]},{"@type":"WebSite","@id":"https:\/\/ondato.com\/pl\/#website","url":"https:\/\/ondato.com\/pl\/","name":"Ondato","description":"complete and cost-effective compliance management suite","publisher":{"@id":"https:\/\/ondato.com\/pl\/#organization"},"potentialAction":[{"@type":"SearchAction","target":{"@type":"EntryPoint","urlTemplate":"https:\/\/ondato.com\/pl\/?s={search_term_string}"},"query-input":{"@type":"PropertyValueSpecification","valueRequired":true,"valueName":"search_term_string"}}],"inLanguage":"pl-PL"},{"@type":"Organization","@id":"https:\/\/ondato.com\/pl\/#organization","name":"Ondato","url":"https:\/\/ondato.com\/pl\/","logo":{"@type":"ImageObject","inLanguage":"pl-PL","@id":"https:\/\/ondato.com\/pl\/#\/schema\/logo\/image\/","url":"https:\/\/ondato.com\/wp-content\/uploads\/2022\/08\/v01_Profile-photo-1.png","contentUrl":"https:\/\/ondato.com\/wp-content\/uploads\/2022\/08\/v01_Profile-photo-1.png","width":1080,"height":1080,"caption":"Ondato"},"image":{"@id":"https:\/\/ondato.com\/pl\/#\/schema\/logo\/image\/"},"sameAs":["https:\/\/www.facebook.com\/OndatoKYC","https:\/\/x.com\/OndatoKYC","https:\/\/www.linkedin.com\/company\/12576605\/","https:\/\/www.youtube.com\/channel\/UC4eMJhSGAf5hRO4YxnzrFFw"]}]}},"_links":{"self":[{"href":"https:\/\/ondato.com\/pl\/wp-json\/wp\/v2\/pages\/60236","targetHints":{"allow":["GET"]}}],"collection":[{"href":"https:\/\/ondato.com\/pl\/wp-json\/wp\/v2\/pages"}],"about":[{"href":"https:\/\/ondato.com\/pl\/wp-json\/wp\/v2\/types\/page"}],"author":[{"embeddable":true,"href":"https:\/\/ondato.com\/pl\/wp-json\/wp\/v2\/users\/1"}],"replies":[{"embeddable":true,"href":"https:\/\/ondato.com\/pl\/wp-json\/wp\/v2\/comments?post=60236"}],"version-history":[{"count":0,"href":"https:\/\/ondato.com\/pl\/wp-json\/wp\/v2\/pages\/60236\/revisions"}],"up":[{"embeddable":true,"href":"https:\/\/ondato.com\/pl\/wp-json\/wp\/v2\/pages\/60247"}],"wp:featuredmedia":[{"embeddable":true,"href":"https:\/\/ondato.com\/pl\/wp-json\/wp\/v2\/media\/58247"}],"wp:attachment":[{"href":"https:\/\/ondato.com\/pl\/wp-json\/wp\/v2\/media?parent=60236"}],"curies":[{"name":"wp","href":"https:\/\/api.w.org\/{rel}","templated":true}]}}