{"id":60239,"date":"2022-01-31T06:54:23","date_gmt":"2022-01-31T03:54:23","guid":{"rendered":"https:\/\/ondatolive.wpenginepowered.com\/?page_id=60239"},"modified":"2025-11-11T11:19:31","modified_gmt":"2025-11-11T08:19:31","slug":"uwierzytelnianie-biometryczne","status":"publish","type":"page","link":"https:\/\/ondato.com\/pl\/uwierzytelnianie\/uwierzytelnianie-biometryczne\/","title":{"rendered":"Uwierzytelnianie biometryczne"},"content":{"rendered":"\n<p>Zast\u0105p przestarza\u0142e metody uwierzytelniania biometri\u0105. Szybko i bezpiecznie weryfikuj u\u017cytkownik\u00f3w i zezw\u00f3l im na dost\u0119p do Twojego produktu lub us\u0142ugi.<\/p>\n","protected":false},"excerpt":{"rendered":"<p>Zast\u0105p przestarza\u0142e metody uwierzytelniania biometri\u0105. Szybko i bezpiecznie weryfikuj u\u017cytkownik\u00f3w i zezw\u00f3l im na dost\u0119p do Twojego produktu lub us\u0142ugi.<\/p>\n","protected":false},"author":1,"featured_media":58245,"parent":60247,"menu_order":0,"comment_status":"closed","ping_status":"closed","template":"templates-modules\/module-bio.php","meta":{"_acf_changed":false,"inline_featured_image":false,"footnotes":""},"class_list":["post-60239","page","type-page","status-publish","has-post-thumbnail","hentry"],"acf":[],"yoast_head":"<!-- This site is optimized with the Yoast SEO Premium plugin v25.6 (Yoast SEO v27.3) - https:\/\/yoast.com\/product\/yoast-seo-premium-wordpress\/ -->\n<title>Uwierzytelnianie biometryczne | Ondato<\/title>\n<meta name=\"description\" content=\"Usprawnij uwierzytelnianie dzi\u0119ki wykorzystaniu danych biometrycznych, aby uzyska\u0107 najlepsze, bezkonkurencyjne po\u0142\u0105czenie bezpiecze\u0144stwa i \u0142atwo\u015bci obs\u0142ugi dla Twoich klient\u00f3w.\" \/>\n<meta name=\"robots\" content=\"index, follow, max-snippet:-1, max-image-preview:large, max-video-preview:-1\" \/>\n<link rel=\"canonical\" href=\"https:\/\/ondato.com\/pl\/uwierzytelnianie\/uwierzytelnianie-biometryczne\/\" \/>\n<meta property=\"og:locale\" content=\"pl_PL\" \/>\n<meta property=\"og:type\" content=\"article\" \/>\n<meta property=\"og:title\" content=\"Uwierzytelnianie biometryczne\" \/>\n<meta property=\"og:description\" content=\"Usprawnij uwierzytelnianie dzi\u0119ki wykorzystaniu danych biometrycznych, aby uzyska\u0107 najlepsze, bezkonkurencyjne po\u0142\u0105czenie bezpiecze\u0144stwa i \u0142atwo\u015bci obs\u0142ugi dla Twoich klient\u00f3w.\" \/>\n<meta property=\"og:url\" content=\"https:\/\/ondato.com\/pl\/uwierzytelnianie\/uwierzytelnianie-biometryczne\/\" \/>\n<meta property=\"og:site_name\" content=\"Ondato\" \/>\n<meta property=\"article:publisher\" content=\"https:\/\/www.facebook.com\/OndatoKYC\" \/>\n<meta property=\"article:modified_time\" content=\"2025-11-11T08:19:31+00:00\" \/>\n<meta name=\"twitter:card\" content=\"summary_large_image\" \/>\n<meta name=\"twitter:site\" content=\"@OndatoKYC\" \/>\n<meta name=\"twitter:label1\" content=\"Szacowany czas czytania\" \/>\n\t<meta name=\"twitter:data1\" content=\"1 minuta\" \/>\n<script type=\"application\/ld+json\" class=\"yoast-schema-graph\">{\"@context\":\"https:\\\/\\\/schema.org\",\"@graph\":[{\"@type\":\"WebPage\",\"@id\":\"https:\\\/\\\/ondato.com\\\/pl\\\/uwierzytelnianie\\\/uwierzytelnianie-biometryczne\\\/\",\"url\":\"https:\\\/\\\/ondato.com\\\/pl\\\/uwierzytelnianie\\\/uwierzytelnianie-biometryczne\\\/\",\"name\":\"Uwierzytelnianie biometryczne | Ondato\",\"isPartOf\":{\"@id\":\"https:\\\/\\\/ondato.com\\\/pl\\\/#website\"},\"primaryImageOfPage\":{\"@id\":\"https:\\\/\\\/ondato.com\\\/pl\\\/uwierzytelnianie\\\/uwierzytelnianie-biometryczne\\\/#primaryimage\"},\"image\":{\"@id\":\"https:\\\/\\\/ondato.com\\\/pl\\\/uwierzytelnianie\\\/uwierzytelnianie-biometryczne\\\/#primaryimage\"},\"thumbnailUrl\":\"https:\\\/\\\/ondato.com\\\/wp-content\\\/uploads\\\/2022\\\/03\\\/Icon-biometric-authentication-black.svg\",\"datePublished\":\"2022-01-31T03:54:23+00:00\",\"dateModified\":\"2025-11-11T08:19:31+00:00\",\"description\":\"Usprawnij uwierzytelnianie dzi\u0119ki wykorzystaniu danych biometrycznych, aby uzyska\u0107 najlepsze, bezkonkurencyjne po\u0142\u0105czenie bezpiecze\u0144stwa i \u0142atwo\u015bci obs\u0142ugi dla Twoich klient\u00f3w.\",\"breadcrumb\":{\"@id\":\"https:\\\/\\\/ondato.com\\\/pl\\\/uwierzytelnianie\\\/uwierzytelnianie-biometryczne\\\/#breadcrumb\"},\"inLanguage\":\"pl-PL\",\"potentialAction\":[{\"@type\":\"ReadAction\",\"target\":[\"https:\\\/\\\/ondato.com\\\/pl\\\/uwierzytelnianie\\\/uwierzytelnianie-biometryczne\\\/\"]}]},{\"@type\":\"ImageObject\",\"inLanguage\":\"pl-PL\",\"@id\":\"https:\\\/\\\/ondato.com\\\/pl\\\/uwierzytelnianie\\\/uwierzytelnianie-biometryczne\\\/#primaryimage\",\"url\":\"https:\\\/\\\/ondato.com\\\/wp-content\\\/uploads\\\/2022\\\/03\\\/Icon-biometric-authentication-black.svg\",\"contentUrl\":\"https:\\\/\\\/ondato.com\\\/wp-content\\\/uploads\\\/2022\\\/03\\\/Icon-biometric-authentication-black.svg\"},{\"@type\":\"BreadcrumbList\",\"@id\":\"https:\\\/\\\/ondato.com\\\/pl\\\/uwierzytelnianie\\\/uwierzytelnianie-biometryczne\\\/#breadcrumb\",\"itemListElement\":[{\"@type\":\"ListItem\",\"position\":1,\"name\":\"Home\",\"item\":\"https:\\\/\\\/ondato.com\\\/pl\\\/\"},{\"@type\":\"ListItem\",\"position\":2,\"name\":\"Uwierzytelnianie\",\"item\":\"https:\\\/\\\/ondato.com\\\/pl\\\/uwierzytelnianie\\\/\"},{\"@type\":\"ListItem\",\"position\":3,\"name\":\"Uwierzytelnianie biometryczne\"}]},{\"@type\":\"WebSite\",\"@id\":\"https:\\\/\\\/ondato.com\\\/pl\\\/#website\",\"url\":\"https:\\\/\\\/ondato.com\\\/pl\\\/\",\"name\":\"Ondato\",\"description\":\"complete and cost-effective compliance management suite\",\"publisher\":{\"@id\":\"https:\\\/\\\/ondato.com\\\/pl\\\/#organization\"},\"potentialAction\":[{\"@type\":\"SearchAction\",\"target\":{\"@type\":\"EntryPoint\",\"urlTemplate\":\"https:\\\/\\\/ondato.com\\\/pl\\\/?s={search_term_string}\"},\"query-input\":{\"@type\":\"PropertyValueSpecification\",\"valueRequired\":true,\"valueName\":\"search_term_string\"}}],\"inLanguage\":\"pl-PL\"},{\"@type\":\"Organization\",\"@id\":\"https:\\\/\\\/ondato.com\\\/pl\\\/#organization\",\"name\":\"Ondato\",\"url\":\"https:\\\/\\\/ondato.com\\\/pl\\\/\",\"logo\":{\"@type\":\"ImageObject\",\"inLanguage\":\"pl-PL\",\"@id\":\"https:\\\/\\\/ondato.com\\\/pl\\\/#\\\/schema\\\/logo\\\/image\\\/\",\"url\":\"https:\\\/\\\/ondato.com\\\/wp-content\\\/uploads\\\/2022\\\/08\\\/v01_Profile-photo-1.png\",\"contentUrl\":\"https:\\\/\\\/ondato.com\\\/wp-content\\\/uploads\\\/2022\\\/08\\\/v01_Profile-photo-1.png\",\"width\":1080,\"height\":1080,\"caption\":\"Ondato\"},\"image\":{\"@id\":\"https:\\\/\\\/ondato.com\\\/pl\\\/#\\\/schema\\\/logo\\\/image\\\/\"},\"sameAs\":[\"https:\\\/\\\/www.facebook.com\\\/OndatoKYC\",\"https:\\\/\\\/x.com\\\/OndatoKYC\",\"https:\\\/\\\/www.linkedin.com\\\/company\\\/12576605\\\/\",\"https:\\\/\\\/www.youtube.com\\\/channel\\\/UC4eMJhSGAf5hRO4YxnzrFFw\"]}]}<\/script>\n<!-- \/ Yoast SEO Premium plugin. -->","yoast_head_json":{"title":"Uwierzytelnianie biometryczne | Ondato","description":"Usprawnij uwierzytelnianie dzi\u0119ki wykorzystaniu danych biometrycznych, aby uzyska\u0107 najlepsze, bezkonkurencyjne po\u0142\u0105czenie bezpiecze\u0144stwa i \u0142atwo\u015bci obs\u0142ugi dla Twoich klient\u00f3w.","robots":{"index":"index","follow":"follow","max-snippet":"max-snippet:-1","max-image-preview":"max-image-preview:large","max-video-preview":"max-video-preview:-1"},"canonical":"https:\/\/ondato.com\/pl\/uwierzytelnianie\/uwierzytelnianie-biometryczne\/","og_locale":"pl_PL","og_type":"article","og_title":"Uwierzytelnianie biometryczne","og_description":"Usprawnij uwierzytelnianie dzi\u0119ki wykorzystaniu danych biometrycznych, aby uzyska\u0107 najlepsze, bezkonkurencyjne po\u0142\u0105czenie bezpiecze\u0144stwa i \u0142atwo\u015bci obs\u0142ugi dla Twoich klient\u00f3w.","og_url":"https:\/\/ondato.com\/pl\/uwierzytelnianie\/uwierzytelnianie-biometryczne\/","og_site_name":"Ondato","article_publisher":"https:\/\/www.facebook.com\/OndatoKYC","article_modified_time":"2025-11-11T08:19:31+00:00","twitter_card":"summary_large_image","twitter_site":"@OndatoKYC","twitter_misc":{"Szacowany czas czytania":"1 minuta"},"schema":{"@context":"https:\/\/schema.org","@graph":[{"@type":"WebPage","@id":"https:\/\/ondato.com\/pl\/uwierzytelnianie\/uwierzytelnianie-biometryczne\/","url":"https:\/\/ondato.com\/pl\/uwierzytelnianie\/uwierzytelnianie-biometryczne\/","name":"Uwierzytelnianie biometryczne | Ondato","isPartOf":{"@id":"https:\/\/ondato.com\/pl\/#website"},"primaryImageOfPage":{"@id":"https:\/\/ondato.com\/pl\/uwierzytelnianie\/uwierzytelnianie-biometryczne\/#primaryimage"},"image":{"@id":"https:\/\/ondato.com\/pl\/uwierzytelnianie\/uwierzytelnianie-biometryczne\/#primaryimage"},"thumbnailUrl":"https:\/\/ondato.com\/wp-content\/uploads\/2022\/03\/Icon-biometric-authentication-black.svg","datePublished":"2022-01-31T03:54:23+00:00","dateModified":"2025-11-11T08:19:31+00:00","description":"Usprawnij uwierzytelnianie dzi\u0119ki wykorzystaniu danych biometrycznych, aby uzyska\u0107 najlepsze, bezkonkurencyjne po\u0142\u0105czenie bezpiecze\u0144stwa i \u0142atwo\u015bci obs\u0142ugi dla Twoich klient\u00f3w.","breadcrumb":{"@id":"https:\/\/ondato.com\/pl\/uwierzytelnianie\/uwierzytelnianie-biometryczne\/#breadcrumb"},"inLanguage":"pl-PL","potentialAction":[{"@type":"ReadAction","target":["https:\/\/ondato.com\/pl\/uwierzytelnianie\/uwierzytelnianie-biometryczne\/"]}]},{"@type":"ImageObject","inLanguage":"pl-PL","@id":"https:\/\/ondato.com\/pl\/uwierzytelnianie\/uwierzytelnianie-biometryczne\/#primaryimage","url":"https:\/\/ondato.com\/wp-content\/uploads\/2022\/03\/Icon-biometric-authentication-black.svg","contentUrl":"https:\/\/ondato.com\/wp-content\/uploads\/2022\/03\/Icon-biometric-authentication-black.svg"},{"@type":"BreadcrumbList","@id":"https:\/\/ondato.com\/pl\/uwierzytelnianie\/uwierzytelnianie-biometryczne\/#breadcrumb","itemListElement":[{"@type":"ListItem","position":1,"name":"Home","item":"https:\/\/ondato.com\/pl\/"},{"@type":"ListItem","position":2,"name":"Uwierzytelnianie","item":"https:\/\/ondato.com\/pl\/uwierzytelnianie\/"},{"@type":"ListItem","position":3,"name":"Uwierzytelnianie biometryczne"}]},{"@type":"WebSite","@id":"https:\/\/ondato.com\/pl\/#website","url":"https:\/\/ondato.com\/pl\/","name":"Ondato","description":"complete and cost-effective compliance management suite","publisher":{"@id":"https:\/\/ondato.com\/pl\/#organization"},"potentialAction":[{"@type":"SearchAction","target":{"@type":"EntryPoint","urlTemplate":"https:\/\/ondato.com\/pl\/?s={search_term_string}"},"query-input":{"@type":"PropertyValueSpecification","valueRequired":true,"valueName":"search_term_string"}}],"inLanguage":"pl-PL"},{"@type":"Organization","@id":"https:\/\/ondato.com\/pl\/#organization","name":"Ondato","url":"https:\/\/ondato.com\/pl\/","logo":{"@type":"ImageObject","inLanguage":"pl-PL","@id":"https:\/\/ondato.com\/pl\/#\/schema\/logo\/image\/","url":"https:\/\/ondato.com\/wp-content\/uploads\/2022\/08\/v01_Profile-photo-1.png","contentUrl":"https:\/\/ondato.com\/wp-content\/uploads\/2022\/08\/v01_Profile-photo-1.png","width":1080,"height":1080,"caption":"Ondato"},"image":{"@id":"https:\/\/ondato.com\/pl\/#\/schema\/logo\/image\/"},"sameAs":["https:\/\/www.facebook.com\/OndatoKYC","https:\/\/x.com\/OndatoKYC","https:\/\/www.linkedin.com\/company\/12576605\/","https:\/\/www.youtube.com\/channel\/UC4eMJhSGAf5hRO4YxnzrFFw"]}]}},"_links":{"self":[{"href":"https:\/\/ondato.com\/pl\/wp-json\/wp\/v2\/pages\/60239","targetHints":{"allow":["GET"]}}],"collection":[{"href":"https:\/\/ondato.com\/pl\/wp-json\/wp\/v2\/pages"}],"about":[{"href":"https:\/\/ondato.com\/pl\/wp-json\/wp\/v2\/types\/page"}],"author":[{"embeddable":true,"href":"https:\/\/ondato.com\/pl\/wp-json\/wp\/v2\/users\/1"}],"replies":[{"embeddable":true,"href":"https:\/\/ondato.com\/pl\/wp-json\/wp\/v2\/comments?post=60239"}],"version-history":[{"count":0,"href":"https:\/\/ondato.com\/pl\/wp-json\/wp\/v2\/pages\/60239\/revisions"}],"up":[{"embeddable":true,"href":"https:\/\/ondato.com\/pl\/wp-json\/wp\/v2\/pages\/60247"}],"wp:featuredmedia":[{"embeddable":true,"href":"https:\/\/ondato.com\/pl\/wp-json\/wp\/v2\/media\/58245"}],"wp:attachment":[{"href":"https:\/\/ondato.com\/pl\/wp-json\/wp\/v2\/media?parent=60239"}],"curies":[{"name":"wp","href":"https:\/\/api.w.org\/{rel}","templated":true}]}}