{"id":60242,"date":"2022-01-31T06:54:49","date_gmt":"2022-01-31T04:54:49","guid":{"rendered":"https:\/\/ondatolive.wpenginepowered.com\/?page_id=60242"},"modified":"2025-11-19T12:53:46","modified_gmt":"2025-11-19T09:53:46","slug":"bezpieczne-spotkania-zdalne","status":"publish","type":"page","link":"https:\/\/ondato.com\/pl\/uwierzytelnianie\/bezpieczne-spotkania-zdalne\/","title":{"rendered":"Bezpieczne spotkania zdalne"},"content":{"rendered":"\n<p>Chro\u0144 swoje spotkania online przed intruzami. Tylko wyznaczeni go\u015bcie mog\u0105 wej\u015b\u0107 do wirtualnego pokoju, dzi\u0119ki czemu zachowujesz wi\u0119ksz\u0105 kontrol\u0119 nad tym, kto uczestniczy w spotkaniu, i nad przekazywanymi poufnie informacjami.<\/p>\n","protected":false},"excerpt":{"rendered":"<p>Chro\u0144 swoje spotkania online przed intruzami. Tylko wyznaczeni go\u015bcie mog\u0105 wej\u015b\u0107 do wirtualnego pokoju, dzi\u0119ki czemu zachowujesz wi\u0119ksz\u0105 kontrol\u0119 nad tym, kto uczestniczy w spotkaniu, i nad przekazywanymi poufnie informacjami.<\/p>\n","protected":false},"author":1,"featured_media":58249,"parent":60247,"menu_order":0,"comment_status":"closed","ping_status":"closed","template":"templates-modules\/module-meetings.php","meta":{"_acf_changed":false,"inline_featured_image":false,"footnotes":""},"class_list":["post-60242","page","type-page","status-publish","has-post-thumbnail","hentry"],"acf":[],"yoast_head":"<!-- This site is optimized with the Yoast SEO Premium plugin v25.6 (Yoast SEO v27.3) - https:\/\/yoast.com\/product\/yoast-seo-premium-wordpress\/ -->\n<title>Bezpieczne spotkania zdalne | Ondato<\/title>\n<meta name=\"description\" content=\"Zachowaj \u015bcis\u0142\u0105 kontrol\u0119 nad tym, kto ma dost\u0119p do Twoich spotka\u0144 online i dodaj obowi\u0105zkowe uwierzytelnianie przed do\u0142\u0105czeniem go\u015bci.\" \/>\n<meta name=\"robots\" content=\"index, follow, max-snippet:-1, max-image-preview:large, max-video-preview:-1\" \/>\n<link rel=\"canonical\" href=\"https:\/\/ondato.com\/pl\/uwierzytelnianie\/bezpieczne-spotkania-zdalne\/\" \/>\n<meta property=\"og:locale\" content=\"pl_PL\" \/>\n<meta property=\"og:type\" content=\"article\" \/>\n<meta property=\"og:title\" content=\"Bezpieczne spotkania zdalne\" \/>\n<meta property=\"og:description\" content=\"Zachowaj \u015bcis\u0142\u0105 kontrol\u0119 nad tym, kto ma dost\u0119p do Twoich spotka\u0144 online i dodaj obowi\u0105zkowe uwierzytelnianie przed do\u0142\u0105czeniem go\u015bci.\" \/>\n<meta property=\"og:url\" content=\"https:\/\/ondato.com\/pl\/uwierzytelnianie\/bezpieczne-spotkania-zdalne\/\" \/>\n<meta property=\"og:site_name\" content=\"Ondato\" \/>\n<meta property=\"article:publisher\" content=\"https:\/\/www.facebook.com\/OndatoKYC\" \/>\n<meta property=\"article:modified_time\" content=\"2025-11-19T09:53:46+00:00\" \/>\n<meta name=\"twitter:card\" content=\"summary_large_image\" \/>\n<meta name=\"twitter:site\" content=\"@OndatoKYC\" \/>\n<meta name=\"twitter:label1\" content=\"Szacowany czas czytania\" \/>\n\t<meta name=\"twitter:data1\" content=\"1 minuta\" \/>\n<script type=\"application\/ld+json\" class=\"yoast-schema-graph\">{\"@context\":\"https:\\\/\\\/schema.org\",\"@graph\":[{\"@type\":\"WebPage\",\"@id\":\"https:\\\/\\\/ondato.com\\\/pl\\\/uwierzytelnianie\\\/bezpieczne-spotkania-zdalne\\\/\",\"url\":\"https:\\\/\\\/ondato.com\\\/pl\\\/uwierzytelnianie\\\/bezpieczne-spotkania-zdalne\\\/\",\"name\":\"Bezpieczne spotkania zdalne | Ondato\",\"isPartOf\":{\"@id\":\"https:\\\/\\\/ondato.com\\\/pl\\\/#website\"},\"primaryImageOfPage\":{\"@id\":\"https:\\\/\\\/ondato.com\\\/pl\\\/uwierzytelnianie\\\/bezpieczne-spotkania-zdalne\\\/#primaryimage\"},\"image\":{\"@id\":\"https:\\\/\\\/ondato.com\\\/pl\\\/uwierzytelnianie\\\/bezpieczne-spotkania-zdalne\\\/#primaryimage\"},\"thumbnailUrl\":\"https:\\\/\\\/ondato.com\\\/wp-content\\\/uploads\\\/2022\\\/03\\\/Icon-secure-meetings-black.svg\",\"datePublished\":\"2022-01-31T04:54:49+00:00\",\"dateModified\":\"2025-11-19T09:53:46+00:00\",\"description\":\"Zachowaj \u015bcis\u0142\u0105 kontrol\u0119 nad tym, kto ma dost\u0119p do Twoich spotka\u0144 online i dodaj obowi\u0105zkowe uwierzytelnianie przed do\u0142\u0105czeniem go\u015bci.\",\"breadcrumb\":{\"@id\":\"https:\\\/\\\/ondato.com\\\/pl\\\/uwierzytelnianie\\\/bezpieczne-spotkania-zdalne\\\/#breadcrumb\"},\"inLanguage\":\"pl-PL\",\"potentialAction\":[{\"@type\":\"ReadAction\",\"target\":[\"https:\\\/\\\/ondato.com\\\/pl\\\/uwierzytelnianie\\\/bezpieczne-spotkania-zdalne\\\/\"]}]},{\"@type\":\"ImageObject\",\"inLanguage\":\"pl-PL\",\"@id\":\"https:\\\/\\\/ondato.com\\\/pl\\\/uwierzytelnianie\\\/bezpieczne-spotkania-zdalne\\\/#primaryimage\",\"url\":\"https:\\\/\\\/ondato.com\\\/wp-content\\\/uploads\\\/2022\\\/03\\\/Icon-secure-meetings-black.svg\",\"contentUrl\":\"https:\\\/\\\/ondato.com\\\/wp-content\\\/uploads\\\/2022\\\/03\\\/Icon-secure-meetings-black.svg\"},{\"@type\":\"BreadcrumbList\",\"@id\":\"https:\\\/\\\/ondato.com\\\/pl\\\/uwierzytelnianie\\\/bezpieczne-spotkania-zdalne\\\/#breadcrumb\",\"itemListElement\":[{\"@type\":\"ListItem\",\"position\":1,\"name\":\"Home\",\"item\":\"https:\\\/\\\/ondato.com\\\/pl\\\/\"},{\"@type\":\"ListItem\",\"position\":2,\"name\":\"Uwierzytelnianie\",\"item\":\"https:\\\/\\\/ondato.com\\\/pl\\\/uwierzytelnianie\\\/\"},{\"@type\":\"ListItem\",\"position\":3,\"name\":\"Bezpieczne spotkania zdalne\"}]},{\"@type\":\"WebSite\",\"@id\":\"https:\\\/\\\/ondato.com\\\/pl\\\/#website\",\"url\":\"https:\\\/\\\/ondato.com\\\/pl\\\/\",\"name\":\"Ondato\",\"description\":\"complete and cost-effective compliance management suite\",\"publisher\":{\"@id\":\"https:\\\/\\\/ondato.com\\\/pl\\\/#organization\"},\"potentialAction\":[{\"@type\":\"SearchAction\",\"target\":{\"@type\":\"EntryPoint\",\"urlTemplate\":\"https:\\\/\\\/ondato.com\\\/pl\\\/?s={search_term_string}\"},\"query-input\":{\"@type\":\"PropertyValueSpecification\",\"valueRequired\":true,\"valueName\":\"search_term_string\"}}],\"inLanguage\":\"pl-PL\"},{\"@type\":\"Organization\",\"@id\":\"https:\\\/\\\/ondato.com\\\/pl\\\/#organization\",\"name\":\"Ondato\",\"url\":\"https:\\\/\\\/ondato.com\\\/pl\\\/\",\"logo\":{\"@type\":\"ImageObject\",\"inLanguage\":\"pl-PL\",\"@id\":\"https:\\\/\\\/ondato.com\\\/pl\\\/#\\\/schema\\\/logo\\\/image\\\/\",\"url\":\"https:\\\/\\\/ondato.com\\\/wp-content\\\/uploads\\\/2022\\\/08\\\/v01_Profile-photo-1.png\",\"contentUrl\":\"https:\\\/\\\/ondato.com\\\/wp-content\\\/uploads\\\/2022\\\/08\\\/v01_Profile-photo-1.png\",\"width\":1080,\"height\":1080,\"caption\":\"Ondato\"},\"image\":{\"@id\":\"https:\\\/\\\/ondato.com\\\/pl\\\/#\\\/schema\\\/logo\\\/image\\\/\"},\"sameAs\":[\"https:\\\/\\\/www.facebook.com\\\/OndatoKYC\",\"https:\\\/\\\/x.com\\\/OndatoKYC\",\"https:\\\/\\\/www.linkedin.com\\\/company\\\/12576605\\\/\",\"https:\\\/\\\/www.youtube.com\\\/channel\\\/UC4eMJhSGAf5hRO4YxnzrFFw\"]}]}<\/script>\n<!-- \/ Yoast SEO Premium plugin. -->","yoast_head_json":{"title":"Bezpieczne spotkania zdalne | Ondato","description":"Zachowaj \u015bcis\u0142\u0105 kontrol\u0119 nad tym, kto ma dost\u0119p do Twoich spotka\u0144 online i dodaj obowi\u0105zkowe uwierzytelnianie przed do\u0142\u0105czeniem go\u015bci.","robots":{"index":"index","follow":"follow","max-snippet":"max-snippet:-1","max-image-preview":"max-image-preview:large","max-video-preview":"max-video-preview:-1"},"canonical":"https:\/\/ondato.com\/pl\/uwierzytelnianie\/bezpieczne-spotkania-zdalne\/","og_locale":"pl_PL","og_type":"article","og_title":"Bezpieczne spotkania zdalne","og_description":"Zachowaj \u015bcis\u0142\u0105 kontrol\u0119 nad tym, kto ma dost\u0119p do Twoich spotka\u0144 online i dodaj obowi\u0105zkowe uwierzytelnianie przed do\u0142\u0105czeniem go\u015bci.","og_url":"https:\/\/ondato.com\/pl\/uwierzytelnianie\/bezpieczne-spotkania-zdalne\/","og_site_name":"Ondato","article_publisher":"https:\/\/www.facebook.com\/OndatoKYC","article_modified_time":"2025-11-19T09:53:46+00:00","twitter_card":"summary_large_image","twitter_site":"@OndatoKYC","twitter_misc":{"Szacowany czas czytania":"1 minuta"},"schema":{"@context":"https:\/\/schema.org","@graph":[{"@type":"WebPage","@id":"https:\/\/ondato.com\/pl\/uwierzytelnianie\/bezpieczne-spotkania-zdalne\/","url":"https:\/\/ondato.com\/pl\/uwierzytelnianie\/bezpieczne-spotkania-zdalne\/","name":"Bezpieczne spotkania zdalne | Ondato","isPartOf":{"@id":"https:\/\/ondato.com\/pl\/#website"},"primaryImageOfPage":{"@id":"https:\/\/ondato.com\/pl\/uwierzytelnianie\/bezpieczne-spotkania-zdalne\/#primaryimage"},"image":{"@id":"https:\/\/ondato.com\/pl\/uwierzytelnianie\/bezpieczne-spotkania-zdalne\/#primaryimage"},"thumbnailUrl":"https:\/\/ondato.com\/wp-content\/uploads\/2022\/03\/Icon-secure-meetings-black.svg","datePublished":"2022-01-31T04:54:49+00:00","dateModified":"2025-11-19T09:53:46+00:00","description":"Zachowaj \u015bcis\u0142\u0105 kontrol\u0119 nad tym, kto ma dost\u0119p do Twoich spotka\u0144 online i dodaj obowi\u0105zkowe uwierzytelnianie przed do\u0142\u0105czeniem go\u015bci.","breadcrumb":{"@id":"https:\/\/ondato.com\/pl\/uwierzytelnianie\/bezpieczne-spotkania-zdalne\/#breadcrumb"},"inLanguage":"pl-PL","potentialAction":[{"@type":"ReadAction","target":["https:\/\/ondato.com\/pl\/uwierzytelnianie\/bezpieczne-spotkania-zdalne\/"]}]},{"@type":"ImageObject","inLanguage":"pl-PL","@id":"https:\/\/ondato.com\/pl\/uwierzytelnianie\/bezpieczne-spotkania-zdalne\/#primaryimage","url":"https:\/\/ondato.com\/wp-content\/uploads\/2022\/03\/Icon-secure-meetings-black.svg","contentUrl":"https:\/\/ondato.com\/wp-content\/uploads\/2022\/03\/Icon-secure-meetings-black.svg"},{"@type":"BreadcrumbList","@id":"https:\/\/ondato.com\/pl\/uwierzytelnianie\/bezpieczne-spotkania-zdalne\/#breadcrumb","itemListElement":[{"@type":"ListItem","position":1,"name":"Home","item":"https:\/\/ondato.com\/pl\/"},{"@type":"ListItem","position":2,"name":"Uwierzytelnianie","item":"https:\/\/ondato.com\/pl\/uwierzytelnianie\/"},{"@type":"ListItem","position":3,"name":"Bezpieczne spotkania zdalne"}]},{"@type":"WebSite","@id":"https:\/\/ondato.com\/pl\/#website","url":"https:\/\/ondato.com\/pl\/","name":"Ondato","description":"complete and cost-effective compliance management suite","publisher":{"@id":"https:\/\/ondato.com\/pl\/#organization"},"potentialAction":[{"@type":"SearchAction","target":{"@type":"EntryPoint","urlTemplate":"https:\/\/ondato.com\/pl\/?s={search_term_string}"},"query-input":{"@type":"PropertyValueSpecification","valueRequired":true,"valueName":"search_term_string"}}],"inLanguage":"pl-PL"},{"@type":"Organization","@id":"https:\/\/ondato.com\/pl\/#organization","name":"Ondato","url":"https:\/\/ondato.com\/pl\/","logo":{"@type":"ImageObject","inLanguage":"pl-PL","@id":"https:\/\/ondato.com\/pl\/#\/schema\/logo\/image\/","url":"https:\/\/ondato.com\/wp-content\/uploads\/2022\/08\/v01_Profile-photo-1.png","contentUrl":"https:\/\/ondato.com\/wp-content\/uploads\/2022\/08\/v01_Profile-photo-1.png","width":1080,"height":1080,"caption":"Ondato"},"image":{"@id":"https:\/\/ondato.com\/pl\/#\/schema\/logo\/image\/"},"sameAs":["https:\/\/www.facebook.com\/OndatoKYC","https:\/\/x.com\/OndatoKYC","https:\/\/www.linkedin.com\/company\/12576605\/","https:\/\/www.youtube.com\/channel\/UC4eMJhSGAf5hRO4YxnzrFFw"]}]}},"_links":{"self":[{"href":"https:\/\/ondato.com\/pl\/wp-json\/wp\/v2\/pages\/60242","targetHints":{"allow":["GET"]}}],"collection":[{"href":"https:\/\/ondato.com\/pl\/wp-json\/wp\/v2\/pages"}],"about":[{"href":"https:\/\/ondato.com\/pl\/wp-json\/wp\/v2\/types\/page"}],"author":[{"embeddable":true,"href":"https:\/\/ondato.com\/pl\/wp-json\/wp\/v2\/users\/1"}],"replies":[{"embeddable":true,"href":"https:\/\/ondato.com\/pl\/wp-json\/wp\/v2\/comments?post=60242"}],"version-history":[{"count":0,"href":"https:\/\/ondato.com\/pl\/wp-json\/wp\/v2\/pages\/60242\/revisions"}],"up":[{"embeddable":true,"href":"https:\/\/ondato.com\/pl\/wp-json\/wp\/v2\/pages\/60247"}],"wp:featuredmedia":[{"embeddable":true,"href":"https:\/\/ondato.com\/pl\/wp-json\/wp\/v2\/media\/58249"}],"wp:attachment":[{"href":"https:\/\/ondato.com\/pl\/wp-json\/wp\/v2\/media?parent=60242"}],"curies":[{"name":"wp","href":"https:\/\/api.w.org\/{rel}","templated":true}]}}