{"id":60243,"date":"2022-01-31T06:55:00","date_gmt":"2022-01-31T04:55:00","guid":{"rendered":"https:\/\/ondatolive.wpenginepowered.com\/?page_id=60243"},"modified":"2024-07-12T13:16:09","modified_gmt":"2024-07-12T11:16:09","slug":"weryfikacja-wieku","status":"publish","type":"page","link":"https:\/\/ondato.com\/pl\/uwierzytelnianie\/weryfikacja-wieku\/","title":{"rendered":"Weryfikacja wieku"},"content":{"rendered":"\n<p>Nasz system automatycznie rozpoznaje wiek danej osoby na podstawie zdj\u0119cia lub wideo, umieszczaj\u0105c u\u017cytkownika w dok\u0142adnej grupie wiekowej z 95% pewno\u015bci\u0105.<\/p>\n","protected":false},"excerpt":{"rendered":"<p>Nasz system automatycznie rozpoznaje wiek danej osoby na podstawie zdj\u0119cia lub wideo, umieszczaj\u0105c u\u017cytkownika w dok\u0142adnej grupie wiekowej z 95% pewno\u015bci\u0105.<\/p>\n","protected":false},"author":1,"featured_media":58243,"parent":60247,"menu_order":0,"comment_status":"closed","ping_status":"closed","template":"templates-modules\/module-age.php","meta":{"_acf_changed":false,"inline_featured_image":false,"footnotes":""},"class_list":["post-60243","page","type-page","status-publish","has-post-thumbnail","hentry"],"acf":[],"yoast_head":"<!-- This site is optimized with the Yoast SEO Premium plugin v25.6 (Yoast SEO v27.3) - https:\/\/yoast.com\/product\/yoast-seo-premium-wordpress\/ -->\n<title>Weryfikacja wieku | Ondato<\/title>\n<meta name=\"description\" content=\"Wykryj grup\u0119 wiekow\u0105 swojego klienta bez potrzeby potwierdzania dokumentu lub ustaw t\u0119 kontrol\u0119 jako etap wdro\u017cenia przed sprawdzeniem to\u017csamo\u015bci.\" \/>\n<meta name=\"robots\" content=\"index, follow, max-snippet:-1, max-image-preview:large, max-video-preview:-1\" \/>\n<link rel=\"canonical\" href=\"https:\/\/ondato.com\/pl\/uwierzytelnianie\/weryfikacja-wieku\/\" \/>\n<meta property=\"og:locale\" content=\"pl_PL\" \/>\n<meta property=\"og:type\" content=\"article\" \/>\n<meta property=\"og:title\" content=\"Weryfikacja wieku\" \/>\n<meta property=\"og:description\" content=\"Wykryj grup\u0119 wiekow\u0105 swojego klienta bez potrzeby potwierdzania dokumentu lub ustaw t\u0119 kontrol\u0119 jako etap wdro\u017cenia przed sprawdzeniem to\u017csamo\u015bci.\" \/>\n<meta property=\"og:url\" content=\"https:\/\/ondato.com\/pl\/uwierzytelnianie\/weryfikacja-wieku\/\" \/>\n<meta property=\"og:site_name\" content=\"Ondato\" \/>\n<meta property=\"article:publisher\" content=\"https:\/\/www.facebook.com\/OndatoKYC\" \/>\n<meta property=\"article:modified_time\" content=\"2024-07-12T11:16:09+00:00\" \/>\n<meta name=\"twitter:card\" content=\"summary_large_image\" \/>\n<meta name=\"twitter:site\" content=\"@OndatoKYC\" \/>\n<meta name=\"twitter:label1\" content=\"Szacowany czas czytania\" \/>\n\t<meta name=\"twitter:data1\" content=\"1 minuta\" \/>\n<script type=\"application\/ld+json\" class=\"yoast-schema-graph\">{\"@context\":\"https:\\\/\\\/schema.org\",\"@graph\":[{\"@type\":\"WebPage\",\"@id\":\"https:\\\/\\\/ondato.com\\\/pl\\\/uwierzytelnianie\\\/weryfikacja-wieku\\\/\",\"url\":\"https:\\\/\\\/ondato.com\\\/pl\\\/uwierzytelnianie\\\/weryfikacja-wieku\\\/\",\"name\":\"Weryfikacja wieku | Ondato\",\"isPartOf\":{\"@id\":\"https:\\\/\\\/ondato.com\\\/pl\\\/#website\"},\"primaryImageOfPage\":{\"@id\":\"https:\\\/\\\/ondato.com\\\/pl\\\/uwierzytelnianie\\\/weryfikacja-wieku\\\/#primaryimage\"},\"image\":{\"@id\":\"https:\\\/\\\/ondato.com\\\/pl\\\/uwierzytelnianie\\\/weryfikacja-wieku\\\/#primaryimage\"},\"thumbnailUrl\":\"https:\\\/\\\/ondato.com\\\/wp-content\\\/uploads\\\/2022\\\/03\\\/Icon-age-verification-black.svg\",\"datePublished\":\"2022-01-31T04:55:00+00:00\",\"dateModified\":\"2024-07-12T11:16:09+00:00\",\"description\":\"Wykryj grup\u0119 wiekow\u0105 swojego klienta bez potrzeby potwierdzania dokumentu lub ustaw t\u0119 kontrol\u0119 jako etap wdro\u017cenia przed sprawdzeniem to\u017csamo\u015bci.\",\"breadcrumb\":{\"@id\":\"https:\\\/\\\/ondato.com\\\/pl\\\/uwierzytelnianie\\\/weryfikacja-wieku\\\/#breadcrumb\"},\"inLanguage\":\"pl-PL\",\"potentialAction\":[{\"@type\":\"ReadAction\",\"target\":[\"https:\\\/\\\/ondato.com\\\/pl\\\/uwierzytelnianie\\\/weryfikacja-wieku\\\/\"]}]},{\"@type\":\"ImageObject\",\"inLanguage\":\"pl-PL\",\"@id\":\"https:\\\/\\\/ondato.com\\\/pl\\\/uwierzytelnianie\\\/weryfikacja-wieku\\\/#primaryimage\",\"url\":\"https:\\\/\\\/ondato.com\\\/wp-content\\\/uploads\\\/2022\\\/03\\\/Icon-age-verification-black.svg\",\"contentUrl\":\"https:\\\/\\\/ondato.com\\\/wp-content\\\/uploads\\\/2022\\\/03\\\/Icon-age-verification-black.svg\"},{\"@type\":\"BreadcrumbList\",\"@id\":\"https:\\\/\\\/ondato.com\\\/pl\\\/uwierzytelnianie\\\/weryfikacja-wieku\\\/#breadcrumb\",\"itemListElement\":[{\"@type\":\"ListItem\",\"position\":1,\"name\":\"Home\",\"item\":\"https:\\\/\\\/ondato.com\\\/pl\\\/\"},{\"@type\":\"ListItem\",\"position\":2,\"name\":\"Uwierzytelnianie\",\"item\":\"https:\\\/\\\/ondato.com\\\/pl\\\/uwierzytelnianie\\\/\"},{\"@type\":\"ListItem\",\"position\":3,\"name\":\"Weryfikacja wieku\"}]},{\"@type\":\"WebSite\",\"@id\":\"https:\\\/\\\/ondato.com\\\/pl\\\/#website\",\"url\":\"https:\\\/\\\/ondato.com\\\/pl\\\/\",\"name\":\"Ondato\",\"description\":\"complete and cost-effective compliance management suite\",\"publisher\":{\"@id\":\"https:\\\/\\\/ondato.com\\\/pl\\\/#organization\"},\"potentialAction\":[{\"@type\":\"SearchAction\",\"target\":{\"@type\":\"EntryPoint\",\"urlTemplate\":\"https:\\\/\\\/ondato.com\\\/pl\\\/?s={search_term_string}\"},\"query-input\":{\"@type\":\"PropertyValueSpecification\",\"valueRequired\":true,\"valueName\":\"search_term_string\"}}],\"inLanguage\":\"pl-PL\"},{\"@type\":\"Organization\",\"@id\":\"https:\\\/\\\/ondato.com\\\/pl\\\/#organization\",\"name\":\"Ondato\",\"url\":\"https:\\\/\\\/ondato.com\\\/pl\\\/\",\"logo\":{\"@type\":\"ImageObject\",\"inLanguage\":\"pl-PL\",\"@id\":\"https:\\\/\\\/ondato.com\\\/pl\\\/#\\\/schema\\\/logo\\\/image\\\/\",\"url\":\"https:\\\/\\\/ondato.com\\\/wp-content\\\/uploads\\\/2022\\\/08\\\/v01_Profile-photo-1.png\",\"contentUrl\":\"https:\\\/\\\/ondato.com\\\/wp-content\\\/uploads\\\/2022\\\/08\\\/v01_Profile-photo-1.png\",\"width\":1080,\"height\":1080,\"caption\":\"Ondato\"},\"image\":{\"@id\":\"https:\\\/\\\/ondato.com\\\/pl\\\/#\\\/schema\\\/logo\\\/image\\\/\"},\"sameAs\":[\"https:\\\/\\\/www.facebook.com\\\/OndatoKYC\",\"https:\\\/\\\/x.com\\\/OndatoKYC\",\"https:\\\/\\\/www.linkedin.com\\\/company\\\/12576605\\\/\",\"https:\\\/\\\/www.youtube.com\\\/channel\\\/UC4eMJhSGAf5hRO4YxnzrFFw\"]}]}<\/script>\n<!-- \/ Yoast SEO Premium plugin. -->","yoast_head_json":{"title":"Weryfikacja wieku | Ondato","description":"Wykryj grup\u0119 wiekow\u0105 swojego klienta bez potrzeby potwierdzania dokumentu lub ustaw t\u0119 kontrol\u0119 jako etap wdro\u017cenia przed sprawdzeniem to\u017csamo\u015bci.","robots":{"index":"index","follow":"follow","max-snippet":"max-snippet:-1","max-image-preview":"max-image-preview:large","max-video-preview":"max-video-preview:-1"},"canonical":"https:\/\/ondato.com\/pl\/uwierzytelnianie\/weryfikacja-wieku\/","og_locale":"pl_PL","og_type":"article","og_title":"Weryfikacja wieku","og_description":"Wykryj grup\u0119 wiekow\u0105 swojego klienta bez potrzeby potwierdzania dokumentu lub ustaw t\u0119 kontrol\u0119 jako etap wdro\u017cenia przed sprawdzeniem to\u017csamo\u015bci.","og_url":"https:\/\/ondato.com\/pl\/uwierzytelnianie\/weryfikacja-wieku\/","og_site_name":"Ondato","article_publisher":"https:\/\/www.facebook.com\/OndatoKYC","article_modified_time":"2024-07-12T11:16:09+00:00","twitter_card":"summary_large_image","twitter_site":"@OndatoKYC","twitter_misc":{"Szacowany czas czytania":"1 minuta"},"schema":{"@context":"https:\/\/schema.org","@graph":[{"@type":"WebPage","@id":"https:\/\/ondato.com\/pl\/uwierzytelnianie\/weryfikacja-wieku\/","url":"https:\/\/ondato.com\/pl\/uwierzytelnianie\/weryfikacja-wieku\/","name":"Weryfikacja wieku | Ondato","isPartOf":{"@id":"https:\/\/ondato.com\/pl\/#website"},"primaryImageOfPage":{"@id":"https:\/\/ondato.com\/pl\/uwierzytelnianie\/weryfikacja-wieku\/#primaryimage"},"image":{"@id":"https:\/\/ondato.com\/pl\/uwierzytelnianie\/weryfikacja-wieku\/#primaryimage"},"thumbnailUrl":"https:\/\/ondato.com\/wp-content\/uploads\/2022\/03\/Icon-age-verification-black.svg","datePublished":"2022-01-31T04:55:00+00:00","dateModified":"2024-07-12T11:16:09+00:00","description":"Wykryj grup\u0119 wiekow\u0105 swojego klienta bez potrzeby potwierdzania dokumentu lub ustaw t\u0119 kontrol\u0119 jako etap wdro\u017cenia przed sprawdzeniem to\u017csamo\u015bci.","breadcrumb":{"@id":"https:\/\/ondato.com\/pl\/uwierzytelnianie\/weryfikacja-wieku\/#breadcrumb"},"inLanguage":"pl-PL","potentialAction":[{"@type":"ReadAction","target":["https:\/\/ondato.com\/pl\/uwierzytelnianie\/weryfikacja-wieku\/"]}]},{"@type":"ImageObject","inLanguage":"pl-PL","@id":"https:\/\/ondato.com\/pl\/uwierzytelnianie\/weryfikacja-wieku\/#primaryimage","url":"https:\/\/ondato.com\/wp-content\/uploads\/2022\/03\/Icon-age-verification-black.svg","contentUrl":"https:\/\/ondato.com\/wp-content\/uploads\/2022\/03\/Icon-age-verification-black.svg"},{"@type":"BreadcrumbList","@id":"https:\/\/ondato.com\/pl\/uwierzytelnianie\/weryfikacja-wieku\/#breadcrumb","itemListElement":[{"@type":"ListItem","position":1,"name":"Home","item":"https:\/\/ondato.com\/pl\/"},{"@type":"ListItem","position":2,"name":"Uwierzytelnianie","item":"https:\/\/ondato.com\/pl\/uwierzytelnianie\/"},{"@type":"ListItem","position":3,"name":"Weryfikacja wieku"}]},{"@type":"WebSite","@id":"https:\/\/ondato.com\/pl\/#website","url":"https:\/\/ondato.com\/pl\/","name":"Ondato","description":"complete and cost-effective compliance management suite","publisher":{"@id":"https:\/\/ondato.com\/pl\/#organization"},"potentialAction":[{"@type":"SearchAction","target":{"@type":"EntryPoint","urlTemplate":"https:\/\/ondato.com\/pl\/?s={search_term_string}"},"query-input":{"@type":"PropertyValueSpecification","valueRequired":true,"valueName":"search_term_string"}}],"inLanguage":"pl-PL"},{"@type":"Organization","@id":"https:\/\/ondato.com\/pl\/#organization","name":"Ondato","url":"https:\/\/ondato.com\/pl\/","logo":{"@type":"ImageObject","inLanguage":"pl-PL","@id":"https:\/\/ondato.com\/pl\/#\/schema\/logo\/image\/","url":"https:\/\/ondato.com\/wp-content\/uploads\/2022\/08\/v01_Profile-photo-1.png","contentUrl":"https:\/\/ondato.com\/wp-content\/uploads\/2022\/08\/v01_Profile-photo-1.png","width":1080,"height":1080,"caption":"Ondato"},"image":{"@id":"https:\/\/ondato.com\/pl\/#\/schema\/logo\/image\/"},"sameAs":["https:\/\/www.facebook.com\/OndatoKYC","https:\/\/x.com\/OndatoKYC","https:\/\/www.linkedin.com\/company\/12576605\/","https:\/\/www.youtube.com\/channel\/UC4eMJhSGAf5hRO4YxnzrFFw"]}]}},"_links":{"self":[{"href":"https:\/\/ondato.com\/pl\/wp-json\/wp\/v2\/pages\/60243","targetHints":{"allow":["GET"]}}],"collection":[{"href":"https:\/\/ondato.com\/pl\/wp-json\/wp\/v2\/pages"}],"about":[{"href":"https:\/\/ondato.com\/pl\/wp-json\/wp\/v2\/types\/page"}],"author":[{"embeddable":true,"href":"https:\/\/ondato.com\/pl\/wp-json\/wp\/v2\/users\/1"}],"replies":[{"embeddable":true,"href":"https:\/\/ondato.com\/pl\/wp-json\/wp\/v2\/comments?post=60243"}],"version-history":[{"count":0,"href":"https:\/\/ondato.com\/pl\/wp-json\/wp\/v2\/pages\/60243\/revisions"}],"up":[{"embeddable":true,"href":"https:\/\/ondato.com\/pl\/wp-json\/wp\/v2\/pages\/60247"}],"wp:featuredmedia":[{"embeddable":true,"href":"https:\/\/ondato.com\/pl\/wp-json\/wp\/v2\/media\/58243"}],"wp:attachment":[{"href":"https:\/\/ondato.com\/pl\/wp-json\/wp\/v2\/media?parent=60243"}],"curies":[{"name":"wp","href":"https:\/\/api.w.org\/{rel}","templated":true}]}}