{"id":60247,"date":"2023-03-09T10:19:51","date_gmt":"2023-03-09T07:19:51","guid":{"rendered":"https:\/\/ondatolive.wpenginepowered.com\/?page_id=60247"},"modified":"2025-12-23T14:00:43","modified_gmt":"2025-12-23T11:00:43","slug":"uwierzytelnianie","status":"publish","type":"page","link":"https:\/\/ondato.com\/pl\/uwierzytelnianie\/","title":{"rendered":"Uwierzytelnianie"},"content":{"rendered":"\n<p>Spraw, aby powr\u00f3t u\u017cytkownika by\u0142 \u0142atwiejszy, zachowuj\u0105c bezpiecze\u0144stwo uwierzytelniania. Wykorzystaj w pe\u0142ni posiadane ju\u017c dane i sprawd\u017a u\u017cytkownika podczas uwierzytelniania wielosk\u0142adnikowego za pomoc\u0105 r\u00f3\u017cnych narz\u0119dzi, bez utrudniania tego procesu.<\/p>\n","protected":false},"excerpt":{"rendered":"<p>Spraw, aby powr\u00f3t u\u017cytkownika by\u0142 \u0142atwiejszy, zachowuj\u0105c bezpiecze\u0144stwo uwierzytelniania. Wykorzystaj w pe\u0142ni posiadane ju\u017c dane i sprawd\u017a u\u017cytkownika podczas uwierzytelniania wielosk\u0142adnikowego za pomoc\u0105 r\u00f3\u017cnych narz\u0119dzi, bez utrudniania tego procesu.<\/p>\n","protected":false},"author":1,"featured_media":58793,"parent":0,"menu_order":0,"comment_status":"closed","ping_status":"closed","template":"templates-modules\/auth.php","meta":{"_acf_changed":false,"inline_featured_image":false,"footnotes":""},"class_list":["post-60247","page","type-page","status-publish","has-post-thumbnail","hentry"],"acf":[],"yoast_head":"<!-- This site is optimized with the Yoast SEO Premium plugin v25.6 (Yoast SEO v27.3) - https:\/\/yoast.com\/product\/yoast-seo-premium-wordpress\/ -->\n<title>Narz\u0119dzia uwierzytelniania | Ondato<\/title>\n<meta name=\"description\" content=\"Usprawnij proces dla powracaj\u0105cego u\u017cytkownika dzi\u0119ki konfigurowalnym modu\u0142om, aby Twoja metoda weryfikacji by\u0142a tak bezpieczna i elastyczna, jak chcesz.\" \/>\n<meta name=\"robots\" content=\"index, follow, max-snippet:-1, max-image-preview:large, max-video-preview:-1\" \/>\n<link rel=\"canonical\" href=\"https:\/\/ondato.com\/pl\/uwierzytelnianie\/\" \/>\n<meta property=\"og:locale\" content=\"pl_PL\" \/>\n<meta property=\"og:type\" content=\"article\" \/>\n<meta property=\"og:title\" content=\"Uwierzytelnianie\" \/>\n<meta property=\"og:description\" content=\"Usprawnij proces dla powracaj\u0105cego u\u017cytkownika dzi\u0119ki konfigurowalnym modu\u0142om, aby Twoja metoda weryfikacji by\u0142a tak bezpieczna i elastyczna, jak chcesz.\" \/>\n<meta property=\"og:url\" content=\"https:\/\/ondato.com\/pl\/uwierzytelnianie\/\" \/>\n<meta property=\"og:site_name\" content=\"Ondato\" \/>\n<meta property=\"article:publisher\" content=\"https:\/\/www.facebook.com\/OndatoKYC\" \/>\n<meta property=\"article:modified_time\" content=\"2025-12-23T11:00:43+00:00\" \/>\n<meta name=\"twitter:card\" content=\"summary_large_image\" \/>\n<meta name=\"twitter:site\" content=\"@OndatoKYC\" \/>\n<meta name=\"twitter:label1\" content=\"Szacowany czas czytania\" \/>\n\t<meta name=\"twitter:data1\" content=\"1 minuta\" \/>\n<script type=\"application\/ld+json\" class=\"yoast-schema-graph\">{\"@context\":\"https:\\\/\\\/schema.org\",\"@graph\":[{\"@type\":\"WebPage\",\"@id\":\"https:\\\/\\\/ondato.com\\\/pl\\\/uwierzytelnianie\\\/\",\"url\":\"https:\\\/\\\/ondato.com\\\/pl\\\/uwierzytelnianie\\\/\",\"name\":\"Narz\u0119dzia uwierzytelniania | Ondato\",\"isPartOf\":{\"@id\":\"https:\\\/\\\/ondato.com\\\/pl\\\/#website\"},\"primaryImageOfPage\":{\"@id\":\"https:\\\/\\\/ondato.com\\\/pl\\\/uwierzytelnianie\\\/#primaryimage\"},\"image\":{\"@id\":\"https:\\\/\\\/ondato.com\\\/pl\\\/uwierzytelnianie\\\/#primaryimage\"},\"thumbnailUrl\":\"https:\\\/\\\/ondato.com\\\/wp-content\\\/uploads\\\/2023\\\/01\\\/Authentication-hero-illustration.svg\",\"datePublished\":\"2023-03-09T07:19:51+00:00\",\"dateModified\":\"2025-12-23T11:00:43+00:00\",\"description\":\"Usprawnij proces dla powracaj\u0105cego u\u017cytkownika dzi\u0119ki konfigurowalnym modu\u0142om, aby Twoja metoda weryfikacji by\u0142a tak bezpieczna i elastyczna, jak chcesz.\",\"breadcrumb\":{\"@id\":\"https:\\\/\\\/ondato.com\\\/pl\\\/uwierzytelnianie\\\/#breadcrumb\"},\"inLanguage\":\"pl-PL\",\"potentialAction\":[{\"@type\":\"ReadAction\",\"target\":[\"https:\\\/\\\/ondato.com\\\/pl\\\/uwierzytelnianie\\\/\"]}]},{\"@type\":\"ImageObject\",\"inLanguage\":\"pl-PL\",\"@id\":\"https:\\\/\\\/ondato.com\\\/pl\\\/uwierzytelnianie\\\/#primaryimage\",\"url\":\"https:\\\/\\\/ondato.com\\\/wp-content\\\/uploads\\\/2023\\\/01\\\/Authentication-hero-illustration.svg\",\"contentUrl\":\"https:\\\/\\\/ondato.com\\\/wp-content\\\/uploads\\\/2023\\\/01\\\/Authentication-hero-illustration.svg\",\"width\":321,\"height\":244},{\"@type\":\"BreadcrumbList\",\"@id\":\"https:\\\/\\\/ondato.com\\\/pl\\\/uwierzytelnianie\\\/#breadcrumb\",\"itemListElement\":[{\"@type\":\"ListItem\",\"position\":1,\"name\":\"Home\",\"item\":\"https:\\\/\\\/ondato.com\\\/pl\\\/\"},{\"@type\":\"ListItem\",\"position\":2,\"name\":\"Uwierzytelnianie\"}]},{\"@type\":\"WebSite\",\"@id\":\"https:\\\/\\\/ondato.com\\\/pl\\\/#website\",\"url\":\"https:\\\/\\\/ondato.com\\\/pl\\\/\",\"name\":\"Ondato\",\"description\":\"complete and cost-effective compliance management suite\",\"publisher\":{\"@id\":\"https:\\\/\\\/ondato.com\\\/pl\\\/#organization\"},\"potentialAction\":[{\"@type\":\"SearchAction\",\"target\":{\"@type\":\"EntryPoint\",\"urlTemplate\":\"https:\\\/\\\/ondato.com\\\/pl\\\/?s={search_term_string}\"},\"query-input\":{\"@type\":\"PropertyValueSpecification\",\"valueRequired\":true,\"valueName\":\"search_term_string\"}}],\"inLanguage\":\"pl-PL\"},{\"@type\":\"Organization\",\"@id\":\"https:\\\/\\\/ondato.com\\\/pl\\\/#organization\",\"name\":\"Ondato\",\"url\":\"https:\\\/\\\/ondato.com\\\/pl\\\/\",\"logo\":{\"@type\":\"ImageObject\",\"inLanguage\":\"pl-PL\",\"@id\":\"https:\\\/\\\/ondato.com\\\/pl\\\/#\\\/schema\\\/logo\\\/image\\\/\",\"url\":\"https:\\\/\\\/ondato.com\\\/wp-content\\\/uploads\\\/2022\\\/08\\\/v01_Profile-photo-1.png\",\"contentUrl\":\"https:\\\/\\\/ondato.com\\\/wp-content\\\/uploads\\\/2022\\\/08\\\/v01_Profile-photo-1.png\",\"width\":1080,\"height\":1080,\"caption\":\"Ondato\"},\"image\":{\"@id\":\"https:\\\/\\\/ondato.com\\\/pl\\\/#\\\/schema\\\/logo\\\/image\\\/\"},\"sameAs\":[\"https:\\\/\\\/www.facebook.com\\\/OndatoKYC\",\"https:\\\/\\\/x.com\\\/OndatoKYC\",\"https:\\\/\\\/www.linkedin.com\\\/company\\\/12576605\\\/\",\"https:\\\/\\\/www.youtube.com\\\/channel\\\/UC4eMJhSGAf5hRO4YxnzrFFw\"]}]}<\/script>\n<!-- \/ Yoast SEO Premium plugin. -->","yoast_head_json":{"title":"Narz\u0119dzia uwierzytelniania | Ondato","description":"Usprawnij proces dla powracaj\u0105cego u\u017cytkownika dzi\u0119ki konfigurowalnym modu\u0142om, aby Twoja metoda weryfikacji by\u0142a tak bezpieczna i elastyczna, jak chcesz.","robots":{"index":"index","follow":"follow","max-snippet":"max-snippet:-1","max-image-preview":"max-image-preview:large","max-video-preview":"max-video-preview:-1"},"canonical":"https:\/\/ondato.com\/pl\/uwierzytelnianie\/","og_locale":"pl_PL","og_type":"article","og_title":"Uwierzytelnianie","og_description":"Usprawnij proces dla powracaj\u0105cego u\u017cytkownika dzi\u0119ki konfigurowalnym modu\u0142om, aby Twoja metoda weryfikacji by\u0142a tak bezpieczna i elastyczna, jak chcesz.","og_url":"https:\/\/ondato.com\/pl\/uwierzytelnianie\/","og_site_name":"Ondato","article_publisher":"https:\/\/www.facebook.com\/OndatoKYC","article_modified_time":"2025-12-23T11:00:43+00:00","twitter_card":"summary_large_image","twitter_site":"@OndatoKYC","twitter_misc":{"Szacowany czas czytania":"1 minuta"},"schema":{"@context":"https:\/\/schema.org","@graph":[{"@type":"WebPage","@id":"https:\/\/ondato.com\/pl\/uwierzytelnianie\/","url":"https:\/\/ondato.com\/pl\/uwierzytelnianie\/","name":"Narz\u0119dzia uwierzytelniania | Ondato","isPartOf":{"@id":"https:\/\/ondato.com\/pl\/#website"},"primaryImageOfPage":{"@id":"https:\/\/ondato.com\/pl\/uwierzytelnianie\/#primaryimage"},"image":{"@id":"https:\/\/ondato.com\/pl\/uwierzytelnianie\/#primaryimage"},"thumbnailUrl":"https:\/\/ondato.com\/wp-content\/uploads\/2023\/01\/Authentication-hero-illustration.svg","datePublished":"2023-03-09T07:19:51+00:00","dateModified":"2025-12-23T11:00:43+00:00","description":"Usprawnij proces dla powracaj\u0105cego u\u017cytkownika dzi\u0119ki konfigurowalnym modu\u0142om, aby Twoja metoda weryfikacji by\u0142a tak bezpieczna i elastyczna, jak chcesz.","breadcrumb":{"@id":"https:\/\/ondato.com\/pl\/uwierzytelnianie\/#breadcrumb"},"inLanguage":"pl-PL","potentialAction":[{"@type":"ReadAction","target":["https:\/\/ondato.com\/pl\/uwierzytelnianie\/"]}]},{"@type":"ImageObject","inLanguage":"pl-PL","@id":"https:\/\/ondato.com\/pl\/uwierzytelnianie\/#primaryimage","url":"https:\/\/ondato.com\/wp-content\/uploads\/2023\/01\/Authentication-hero-illustration.svg","contentUrl":"https:\/\/ondato.com\/wp-content\/uploads\/2023\/01\/Authentication-hero-illustration.svg","width":321,"height":244},{"@type":"BreadcrumbList","@id":"https:\/\/ondato.com\/pl\/uwierzytelnianie\/#breadcrumb","itemListElement":[{"@type":"ListItem","position":1,"name":"Home","item":"https:\/\/ondato.com\/pl\/"},{"@type":"ListItem","position":2,"name":"Uwierzytelnianie"}]},{"@type":"WebSite","@id":"https:\/\/ondato.com\/pl\/#website","url":"https:\/\/ondato.com\/pl\/","name":"Ondato","description":"complete and cost-effective compliance management suite","publisher":{"@id":"https:\/\/ondato.com\/pl\/#organization"},"potentialAction":[{"@type":"SearchAction","target":{"@type":"EntryPoint","urlTemplate":"https:\/\/ondato.com\/pl\/?s={search_term_string}"},"query-input":{"@type":"PropertyValueSpecification","valueRequired":true,"valueName":"search_term_string"}}],"inLanguage":"pl-PL"},{"@type":"Organization","@id":"https:\/\/ondato.com\/pl\/#organization","name":"Ondato","url":"https:\/\/ondato.com\/pl\/","logo":{"@type":"ImageObject","inLanguage":"pl-PL","@id":"https:\/\/ondato.com\/pl\/#\/schema\/logo\/image\/","url":"https:\/\/ondato.com\/wp-content\/uploads\/2022\/08\/v01_Profile-photo-1.png","contentUrl":"https:\/\/ondato.com\/wp-content\/uploads\/2022\/08\/v01_Profile-photo-1.png","width":1080,"height":1080,"caption":"Ondato"},"image":{"@id":"https:\/\/ondato.com\/pl\/#\/schema\/logo\/image\/"},"sameAs":["https:\/\/www.facebook.com\/OndatoKYC","https:\/\/x.com\/OndatoKYC","https:\/\/www.linkedin.com\/company\/12576605\/","https:\/\/www.youtube.com\/channel\/UC4eMJhSGAf5hRO4YxnzrFFw"]}]}},"_links":{"self":[{"href":"https:\/\/ondato.com\/pl\/wp-json\/wp\/v2\/pages\/60247","targetHints":{"allow":["GET"]}}],"collection":[{"href":"https:\/\/ondato.com\/pl\/wp-json\/wp\/v2\/pages"}],"about":[{"href":"https:\/\/ondato.com\/pl\/wp-json\/wp\/v2\/types\/page"}],"author":[{"embeddable":true,"href":"https:\/\/ondato.com\/pl\/wp-json\/wp\/v2\/users\/1"}],"replies":[{"embeddable":true,"href":"https:\/\/ondato.com\/pl\/wp-json\/wp\/v2\/comments?post=60247"}],"version-history":[{"count":0,"href":"https:\/\/ondato.com\/pl\/wp-json\/wp\/v2\/pages\/60247\/revisions"}],"wp:featuredmedia":[{"embeddable":true,"href":"https:\/\/ondato.com\/pl\/wp-json\/wp\/v2\/media\/58793"}],"wp:attachment":[{"href":"https:\/\/ondato.com\/pl\/wp-json\/wp\/v2\/media?parent=60247"}],"curies":[{"name":"wp","href":"https:\/\/api.w.org\/{rel}","templated":true}]}}