{"id":60409,"date":"2022-12-20T10:00:17","date_gmt":"2022-12-20T07:00:17","guid":{"rendered":"https:\/\/ondatolive.wpenginepowered.com\/?page_id=60409"},"modified":"2026-02-24T16:26:21","modified_gmt":"2026-02-24T13:26:21","slug":"dom-2023","status":"publish","type":"page","link":"https:\/\/ondato.com\/pl\/","title":{"rendered":"Dom 2023"},"content":{"rendered":"\nRozwi\u0105zania Ondato Saas usprawniaj\u0105 procesy zgodno\u015bci KYC od weryfikacji to\u017csamo\u015bci i onboardingu biznesowego do ca\u0142ego cyklu \u017cycia klienta i zarz\u0105dzania opartego na u\u017cytkownikach.\n","protected":false},"excerpt":{"rendered":"<p>Rozwi\u0105zania Ondato Saas usprawniaj\u0105 procesy zgodno\u015bci KYC od weryfikacji to\u017csamo\u015bci i onboardingu biznesowego do ca\u0142ego cyklu \u017cycia klienta i zarz\u0105dzania opartego na u\u017cytkownikach.<\/p>\n","protected":false},"author":1,"featured_media":141274,"parent":0,"menu_order":0,"comment_status":"closed","ping_status":"closed","template":"templates\/homepage2023.php","meta":{"_acf_changed":true,"inline_featured_image":false,"footnotes":""},"class_list":["post-60409","page","type-page","status-publish","has-post-thumbnail","hentry"],"acf":[],"yoast_head":"<!-- This site is optimized with the Yoast SEO Premium plugin v25.6 (Yoast SEO v27.4) - https:\/\/yoast.com\/product\/yoast-seo-premium-wordpress\/ -->\n<title>Ondato | Kompleksowy system operacyjny dla KYC &amp; AML compliance<\/title>\n<meta name=\"description\" content=\"Ondato dostarcza kompleksowe rozwi\u0105zania eKYC i AML, aby usprawni\u0107 procesy zgodno\u015bci. Zwalczaj oszustwa i wprowadzaj na pok\u0142ad klient\u00f3w o wysokiej jako\u015bci.\" \/>\n<meta name=\"robots\" content=\"index, follow, max-snippet:-1, max-image-preview:large, max-video-preview:-1\" \/>\n<link rel=\"canonical\" href=\"https:\/\/ondato.com\/pl\/\" \/>\n<meta property=\"og:locale\" content=\"pl_PL\" \/>\n<meta property=\"og:type\" content=\"article\" \/>\n<meta property=\"og:title\" content=\"Dom 2023\" \/>\n<meta property=\"og:description\" content=\"Ondato dostarcza kompleksowe rozwi\u0105zania eKYC i AML, aby usprawni\u0107 procesy zgodno\u015bci. Zwalczaj oszustwa i wprowadzaj na pok\u0142ad klient\u00f3w o wysokiej jako\u015bci.\" \/>\n<meta property=\"og:url\" content=\"https:\/\/ondato.com\/pl\/\" \/>\n<meta property=\"og:site_name\" content=\"Ondato\" \/>\n<meta property=\"article:publisher\" content=\"https:\/\/www.facebook.com\/OndatoKYC\" \/>\n<meta property=\"article:modified_time\" content=\"2026-02-24T13:26:21+00:00\" \/>\n<meta property=\"og:image\" content=\"https:\/\/ondato.com\/wp-content\/uploads\/2025\/01\/v04-3_Hero-image.webp\" \/>\n\t<meta property=\"og:image:width\" content=\"670\" \/>\n\t<meta property=\"og:image:height\" content=\"377\" \/>\n\t<meta property=\"og:image:type\" content=\"image\/webp\" \/>\n<meta name=\"twitter:card\" content=\"summary_large_image\" \/>\n<meta name=\"twitter:site\" content=\"@OndatoKYC\" \/>\n<meta name=\"twitter:label1\" content=\"Szacowany czas czytania\" \/>\n\t<meta name=\"twitter:data1\" content=\"1 minuta\" \/>\n<script type=\"application\/ld+json\" class=\"yoast-schema-graph\">{\"@context\":\"https:\\\/\\\/schema.org\",\"@graph\":[{\"@type\":\"WebPage\",\"@id\":\"https:\\\/\\\/ondato.com\\\/pl\\\/\",\"url\":\"https:\\\/\\\/ondato.com\\\/pl\\\/\",\"name\":\"Ondato | Kompleksowy system operacyjny dla KYC & AML compliance\",\"isPartOf\":{\"@id\":\"https:\\\/\\\/ondato.com\\\/pl\\\/#website\"},\"primaryImageOfPage\":{\"@id\":\"https:\\\/\\\/ondato.com\\\/pl\\\/#primaryimage\"},\"image\":{\"@id\":\"https:\\\/\\\/ondato.com\\\/pl\\\/#primaryimage\"},\"thumbnailUrl\":\"https:\\\/\\\/ondato.com\\\/wp-content\\\/uploads\\\/2025\\\/01\\\/v04-3_Hero-image.webp\",\"datePublished\":\"2022-12-20T07:00:17+00:00\",\"dateModified\":\"2026-02-24T13:26:21+00:00\",\"description\":\"Ondato dostarcza kompleksowe rozwi\u0105zania eKYC i AML, aby usprawni\u0107 procesy zgodno\u015bci. Zwalczaj oszustwa i wprowadzaj na pok\u0142ad klient\u00f3w o wysokiej jako\u015bci.\",\"breadcrumb\":{\"@id\":\"https:\\\/\\\/ondato.com\\\/pl\\\/#breadcrumb\"},\"inLanguage\":\"pl-PL\",\"potentialAction\":[{\"@type\":\"ReadAction\",\"target\":[\"https:\\\/\\\/ondato.com\\\/pl\\\/\"]}]},{\"@type\":\"ImageObject\",\"inLanguage\":\"pl-PL\",\"@id\":\"https:\\\/\\\/ondato.com\\\/pl\\\/#primaryimage\",\"url\":\"https:\\\/\\\/ondato.com\\\/wp-content\\\/uploads\\\/2025\\\/01\\\/v04-3_Hero-image.webp\",\"contentUrl\":\"https:\\\/\\\/ondato.com\\\/wp-content\\\/uploads\\\/2025\\\/01\\\/v04-3_Hero-image.webp\",\"width\":670,\"height\":377},{\"@type\":\"BreadcrumbList\",\"@id\":\"https:\\\/\\\/ondato.com\\\/pl\\\/#breadcrumb\",\"itemListElement\":[{\"@type\":\"ListItem\",\"position\":1,\"name\":\"Home\",\"item\":\"https:\\\/\\\/ondato.com\\\/pl\\\/\"},{\"@type\":\"ListItem\",\"position\":2,\"name\":\"Dom 2023\"}]},{\"@type\":\"WebSite\",\"@id\":\"https:\\\/\\\/ondato.com\\\/pl\\\/#website\",\"url\":\"https:\\\/\\\/ondato.com\\\/pl\\\/\",\"name\":\"Ondato\",\"description\":\"complete and cost-effective compliance management suite\",\"publisher\":{\"@id\":\"https:\\\/\\\/ondato.com\\\/pl\\\/#organization\"},\"potentialAction\":[{\"@type\":\"SearchAction\",\"target\":{\"@type\":\"EntryPoint\",\"urlTemplate\":\"https:\\\/\\\/ondato.com\\\/pl\\\/?s={search_term_string}\"},\"query-input\":{\"@type\":\"PropertyValueSpecification\",\"valueRequired\":true,\"valueName\":\"search_term_string\"}}],\"inLanguage\":\"pl-PL\"},{\"@type\":\"Organization\",\"@id\":\"https:\\\/\\\/ondato.com\\\/pl\\\/#organization\",\"name\":\"Ondato\",\"url\":\"https:\\\/\\\/ondato.com\\\/pl\\\/\",\"logo\":{\"@type\":\"ImageObject\",\"inLanguage\":\"pl-PL\",\"@id\":\"https:\\\/\\\/ondato.com\\\/pl\\\/#\\\/schema\\\/logo\\\/image\\\/\",\"url\":\"https:\\\/\\\/ondato.com\\\/wp-content\\\/uploads\\\/2022\\\/08\\\/v01_Profile-photo-1.png\",\"contentUrl\":\"https:\\\/\\\/ondato.com\\\/wp-content\\\/uploads\\\/2022\\\/08\\\/v01_Profile-photo-1.png\",\"width\":1080,\"height\":1080,\"caption\":\"Ondato\"},\"image\":{\"@id\":\"https:\\\/\\\/ondato.com\\\/pl\\\/#\\\/schema\\\/logo\\\/image\\\/\"},\"sameAs\":[\"https:\\\/\\\/www.facebook.com\\\/OndatoKYC\",\"https:\\\/\\\/x.com\\\/OndatoKYC\",\"https:\\\/\\\/www.linkedin.com\\\/company\\\/12576605\\\/\",\"https:\\\/\\\/www.youtube.com\\\/channel\\\/UC4eMJhSGAf5hRO4YxnzrFFw\"]}]}<\/script>\n<!-- \/ Yoast SEO Premium plugin. -->","yoast_head_json":{"title":"Ondato | Kompleksowy system operacyjny dla KYC & AML compliance","description":"Ondato dostarcza kompleksowe rozwi\u0105zania eKYC i AML, aby usprawni\u0107 procesy zgodno\u015bci. Zwalczaj oszustwa i wprowadzaj na pok\u0142ad klient\u00f3w o wysokiej jako\u015bci.","robots":{"index":"index","follow":"follow","max-snippet":"max-snippet:-1","max-image-preview":"max-image-preview:large","max-video-preview":"max-video-preview:-1"},"canonical":"https:\/\/ondato.com\/pl\/","og_locale":"pl_PL","og_type":"article","og_title":"Dom 2023","og_description":"Ondato dostarcza kompleksowe rozwi\u0105zania eKYC i AML, aby usprawni\u0107 procesy zgodno\u015bci. Zwalczaj oszustwa i wprowadzaj na pok\u0142ad klient\u00f3w o wysokiej jako\u015bci.","og_url":"https:\/\/ondato.com\/pl\/","og_site_name":"Ondato","article_publisher":"https:\/\/www.facebook.com\/OndatoKYC","article_modified_time":"2026-02-24T13:26:21+00:00","og_image":[{"width":670,"height":377,"url":"https:\/\/ondato.com\/wp-content\/uploads\/2025\/01\/v04-3_Hero-image.webp","type":"image\/webp"}],"twitter_card":"summary_large_image","twitter_site":"@OndatoKYC","twitter_misc":{"Szacowany czas czytania":"1 minuta"},"schema":{"@context":"https:\/\/schema.org","@graph":[{"@type":"WebPage","@id":"https:\/\/ondato.com\/pl\/","url":"https:\/\/ondato.com\/pl\/","name":"Ondato | Kompleksowy system operacyjny dla KYC & AML compliance","isPartOf":{"@id":"https:\/\/ondato.com\/pl\/#website"},"primaryImageOfPage":{"@id":"https:\/\/ondato.com\/pl\/#primaryimage"},"image":{"@id":"https:\/\/ondato.com\/pl\/#primaryimage"},"thumbnailUrl":"https:\/\/ondato.com\/wp-content\/uploads\/2025\/01\/v04-3_Hero-image.webp","datePublished":"2022-12-20T07:00:17+00:00","dateModified":"2026-02-24T13:26:21+00:00","description":"Ondato dostarcza kompleksowe rozwi\u0105zania eKYC i AML, aby usprawni\u0107 procesy zgodno\u015bci. Zwalczaj oszustwa i wprowadzaj na pok\u0142ad klient\u00f3w o wysokiej jako\u015bci.","breadcrumb":{"@id":"https:\/\/ondato.com\/pl\/#breadcrumb"},"inLanguage":"pl-PL","potentialAction":[{"@type":"ReadAction","target":["https:\/\/ondato.com\/pl\/"]}]},{"@type":"ImageObject","inLanguage":"pl-PL","@id":"https:\/\/ondato.com\/pl\/#primaryimage","url":"https:\/\/ondato.com\/wp-content\/uploads\/2025\/01\/v04-3_Hero-image.webp","contentUrl":"https:\/\/ondato.com\/wp-content\/uploads\/2025\/01\/v04-3_Hero-image.webp","width":670,"height":377},{"@type":"BreadcrumbList","@id":"https:\/\/ondato.com\/pl\/#breadcrumb","itemListElement":[{"@type":"ListItem","position":1,"name":"Home","item":"https:\/\/ondato.com\/pl\/"},{"@type":"ListItem","position":2,"name":"Dom 2023"}]},{"@type":"WebSite","@id":"https:\/\/ondato.com\/pl\/#website","url":"https:\/\/ondato.com\/pl\/","name":"Ondato","description":"complete and cost-effective compliance management suite","publisher":{"@id":"https:\/\/ondato.com\/pl\/#organization"},"potentialAction":[{"@type":"SearchAction","target":{"@type":"EntryPoint","urlTemplate":"https:\/\/ondato.com\/pl\/?s={search_term_string}"},"query-input":{"@type":"PropertyValueSpecification","valueRequired":true,"valueName":"search_term_string"}}],"inLanguage":"pl-PL"},{"@type":"Organization","@id":"https:\/\/ondato.com\/pl\/#organization","name":"Ondato","url":"https:\/\/ondato.com\/pl\/","logo":{"@type":"ImageObject","inLanguage":"pl-PL","@id":"https:\/\/ondato.com\/pl\/#\/schema\/logo\/image\/","url":"https:\/\/ondato.com\/wp-content\/uploads\/2022\/08\/v01_Profile-photo-1.png","contentUrl":"https:\/\/ondato.com\/wp-content\/uploads\/2022\/08\/v01_Profile-photo-1.png","width":1080,"height":1080,"caption":"Ondato"},"image":{"@id":"https:\/\/ondato.com\/pl\/#\/schema\/logo\/image\/"},"sameAs":["https:\/\/www.facebook.com\/OndatoKYC","https:\/\/x.com\/OndatoKYC","https:\/\/www.linkedin.com\/company\/12576605\/","https:\/\/www.youtube.com\/channel\/UC4eMJhSGAf5hRO4YxnzrFFw"]}]}},"_links":{"self":[{"href":"https:\/\/ondato.com\/pl\/wp-json\/wp\/v2\/pages\/60409","targetHints":{"allow":["GET"]}}],"collection":[{"href":"https:\/\/ondato.com\/pl\/wp-json\/wp\/v2\/pages"}],"about":[{"href":"https:\/\/ondato.com\/pl\/wp-json\/wp\/v2\/types\/page"}],"author":[{"embeddable":true,"href":"https:\/\/ondato.com\/pl\/wp-json\/wp\/v2\/users\/1"}],"replies":[{"embeddable":true,"href":"https:\/\/ondato.com\/pl\/wp-json\/wp\/v2\/comments?post=60409"}],"version-history":[{"count":0,"href":"https:\/\/ondato.com\/pl\/wp-json\/wp\/v2\/pages\/60409\/revisions"}],"wp:featuredmedia":[{"embeddable":true,"href":"https:\/\/ondato.com\/pl\/wp-json\/wp\/v2\/media\/141274"}],"wp:attachment":[{"href":"https:\/\/ondato.com\/pl\/wp-json\/wp\/v2\/media?parent=60409"}],"curies":[{"name":"wp","href":"https:\/\/api.w.org\/{rel}","templated":true}]}}