{"id":60473,"date":"2022-05-12T13:48:04","date_gmt":"2022-05-12T11:48:04","guid":{"rendered":"https:\/\/ondatolive.wpenginepowered.com\/?page_id=60473"},"modified":"2023-05-16T14:01:27","modified_gmt":"2023-05-16T12:01:27","slug":"poznaj-swoja-firme","status":"publish","type":"page","link":"https:\/\/ondato.com\/pl\/poznaj-swojego-klienta\/poznaj-swoja-firme\/","title":{"rendered":"Poznaj swoj\u0105 firm\u0119"},"content":{"rendered":"\n<p>Wybierz plan, kt\u00f3ry odpowiada Twoim potrzebom i umo\u017cliwia usprawnienie proces\u00f3w zwi\u0105zanych z KYB.<\/p>\n","protected":false},"excerpt":{"rendered":"<p>Wybierz plan, kt\u00f3ry odpowiada Twoim potrzebom i umo\u017cliwia usprawnienie proces\u00f3w zwi\u0105zanych z KYB.<\/p>\n","protected":false},"author":4,"featured_media":0,"parent":60474,"menu_order":0,"comment_status":"closed","ping_status":"closed","template":"templates\/plans-pricing.php","meta":{"_acf_changed":false,"inline_featured_image":false,"footnotes":""},"class_list":["post-60473","page","type-page","status-publish","hentry"],"acf":[],"yoast_head":"<!-- This site is optimized with the Yoast SEO Premium plugin v25.6 (Yoast SEO v27.5) - https:\/\/yoast.com\/product\/yoast-seo-premium-wordpress\/ -->\n<title>Poznaj swoj\u0105 firm\u0119 | Ondato<\/title>\n<meta name=\"description\" content=\"Stw\u00f3rz usprawniony proces KYB, korzystaj\u0105c z naszego konkurencyjnego cennika lub skontaktuj si\u0119 z nami, aby uzgodni\u0107 cen\u0119 dostosowan\u0105 do Twojego unikalnego modelu biznesowego.\" \/>\n<meta name=\"robots\" content=\"index, follow, max-snippet:-1, max-image-preview:large, max-video-preview:-1\" \/>\n<link rel=\"canonical\" href=\"https:\/\/ondato.com\/pl\/poznaj-swojego-klienta\/poznaj-swoja-firme\/\" \/>\n<meta property=\"og:locale\" content=\"pl_PL\" \/>\n<meta property=\"og:type\" content=\"article\" \/>\n<meta property=\"og:title\" content=\"Poznaj swoj\u0105 firm\u0119\" \/>\n<meta property=\"og:description\" content=\"Stw\u00f3rz usprawniony proces KYB, korzystaj\u0105c z naszego konkurencyjnego cennika lub skontaktuj si\u0119 z nami, aby uzgodni\u0107 cen\u0119 dostosowan\u0105 do Twojego unikalnego modelu biznesowego.\" \/>\n<meta property=\"og:url\" content=\"https:\/\/ondato.com\/pl\/poznaj-swojego-klienta\/poznaj-swoja-firme\/\" \/>\n<meta property=\"og:site_name\" content=\"Ondato\" \/>\n<meta property=\"article:publisher\" content=\"https:\/\/www.facebook.com\/OndatoKYC\" \/>\n<meta property=\"article:modified_time\" content=\"2023-05-16T12:01:27+00:00\" \/>\n<meta name=\"twitter:card\" content=\"summary_large_image\" \/>\n<meta name=\"twitter:site\" content=\"@OndatoKYC\" \/>\n<meta name=\"twitter:label1\" content=\"Szacowany czas czytania\" \/>\n\t<meta name=\"twitter:data1\" content=\"1 minuta\" \/>\n<script type=\"application\/ld+json\" class=\"yoast-schema-graph\">{\"@context\":\"https:\\\/\\\/schema.org\",\"@graph\":[{\"@type\":\"WebPage\",\"@id\":\"https:\\\/\\\/ondato.com\\\/pl\\\/poznaj-swojego-klienta\\\/poznaj-swoja-firme\\\/\",\"url\":\"https:\\\/\\\/ondato.com\\\/pl\\\/poznaj-swojego-klienta\\\/poznaj-swoja-firme\\\/\",\"name\":\"Poznaj swoj\u0105 firm\u0119 | Ondato\",\"isPartOf\":{\"@id\":\"https:\\\/\\\/ondato.com\\\/pl\\\/#website\"},\"datePublished\":\"2022-05-12T11:48:04+00:00\",\"dateModified\":\"2023-05-16T12:01:27+00:00\",\"description\":\"Stw\u00f3rz usprawniony proces KYB, korzystaj\u0105c z naszego konkurencyjnego cennika lub skontaktuj si\u0119 z nami, aby uzgodni\u0107 cen\u0119 dostosowan\u0105 do Twojego unikalnego modelu biznesowego.\",\"breadcrumb\":{\"@id\":\"https:\\\/\\\/ondato.com\\\/pl\\\/poznaj-swojego-klienta\\\/poznaj-swoja-firme\\\/#breadcrumb\"},\"inLanguage\":\"pl-PL\",\"potentialAction\":[{\"@type\":\"ReadAction\",\"target\":[\"https:\\\/\\\/ondato.com\\\/pl\\\/poznaj-swojego-klienta\\\/poznaj-swoja-firme\\\/\"]}]},{\"@type\":\"BreadcrumbList\",\"@id\":\"https:\\\/\\\/ondato.com\\\/pl\\\/poznaj-swojego-klienta\\\/poznaj-swoja-firme\\\/#breadcrumb\",\"itemListElement\":[{\"@type\":\"ListItem\",\"position\":1,\"name\":\"Home\",\"item\":\"https:\\\/\\\/ondato.com\\\/pl\\\/\"},{\"@type\":\"ListItem\",\"position\":2,\"name\":\"Poznaj swojego klienta\",\"item\":\"https:\\\/\\\/ondato.com\\\/pl\\\/poznaj-swojego-klienta\\\/\"},{\"@type\":\"ListItem\",\"position\":3,\"name\":\"Poznaj swoj\u0105 firm\u0119\"}]},{\"@type\":\"WebSite\",\"@id\":\"https:\\\/\\\/ondato.com\\\/pl\\\/#website\",\"url\":\"https:\\\/\\\/ondato.com\\\/pl\\\/\",\"name\":\"Ondato\",\"description\":\"complete and cost-effective compliance management suite\",\"publisher\":{\"@id\":\"https:\\\/\\\/ondato.com\\\/pl\\\/#organization\"},\"potentialAction\":[{\"@type\":\"SearchAction\",\"target\":{\"@type\":\"EntryPoint\",\"urlTemplate\":\"https:\\\/\\\/ondato.com\\\/pl\\\/?s={search_term_string}\"},\"query-input\":{\"@type\":\"PropertyValueSpecification\",\"valueRequired\":true,\"valueName\":\"search_term_string\"}}],\"inLanguage\":\"pl-PL\"},{\"@type\":\"Organization\",\"@id\":\"https:\\\/\\\/ondato.com\\\/pl\\\/#organization\",\"name\":\"Ondato\",\"url\":\"https:\\\/\\\/ondato.com\\\/pl\\\/\",\"logo\":{\"@type\":\"ImageObject\",\"inLanguage\":\"pl-PL\",\"@id\":\"https:\\\/\\\/ondato.com\\\/pl\\\/#\\\/schema\\\/logo\\\/image\\\/\",\"url\":\"https:\\\/\\\/ondato.com\\\/wp-content\\\/uploads\\\/2022\\\/08\\\/v01_Profile-photo-1.png\",\"contentUrl\":\"https:\\\/\\\/ondato.com\\\/wp-content\\\/uploads\\\/2022\\\/08\\\/v01_Profile-photo-1.png\",\"width\":1080,\"height\":1080,\"caption\":\"Ondato\"},\"image\":{\"@id\":\"https:\\\/\\\/ondato.com\\\/pl\\\/#\\\/schema\\\/logo\\\/image\\\/\"},\"sameAs\":[\"https:\\\/\\\/www.facebook.com\\\/OndatoKYC\",\"https:\\\/\\\/x.com\\\/OndatoKYC\",\"https:\\\/\\\/www.linkedin.com\\\/company\\\/12576605\\\/\",\"https:\\\/\\\/www.youtube.com\\\/channel\\\/UC4eMJhSGAf5hRO4YxnzrFFw\"]}]}<\/script>\n<!-- \/ Yoast SEO Premium plugin. -->","yoast_head_json":{"title":"Poznaj swoj\u0105 firm\u0119 | Ondato","description":"Stw\u00f3rz usprawniony proces KYB, korzystaj\u0105c z naszego konkurencyjnego cennika lub skontaktuj si\u0119 z nami, aby uzgodni\u0107 cen\u0119 dostosowan\u0105 do Twojego unikalnego modelu biznesowego.","robots":{"index":"index","follow":"follow","max-snippet":"max-snippet:-1","max-image-preview":"max-image-preview:large","max-video-preview":"max-video-preview:-1"},"canonical":"https:\/\/ondato.com\/pl\/poznaj-swojego-klienta\/poznaj-swoja-firme\/","og_locale":"pl_PL","og_type":"article","og_title":"Poznaj swoj\u0105 firm\u0119","og_description":"Stw\u00f3rz usprawniony proces KYB, korzystaj\u0105c z naszego konkurencyjnego cennika lub skontaktuj si\u0119 z nami, aby uzgodni\u0107 cen\u0119 dostosowan\u0105 do Twojego unikalnego modelu biznesowego.","og_url":"https:\/\/ondato.com\/pl\/poznaj-swojego-klienta\/poznaj-swoja-firme\/","og_site_name":"Ondato","article_publisher":"https:\/\/www.facebook.com\/OndatoKYC","article_modified_time":"2023-05-16T12:01:27+00:00","twitter_card":"summary_large_image","twitter_site":"@OndatoKYC","twitter_misc":{"Szacowany czas czytania":"1 minuta"},"schema":{"@context":"https:\/\/schema.org","@graph":[{"@type":"WebPage","@id":"https:\/\/ondato.com\/pl\/poznaj-swojego-klienta\/poznaj-swoja-firme\/","url":"https:\/\/ondato.com\/pl\/poznaj-swojego-klienta\/poznaj-swoja-firme\/","name":"Poznaj swoj\u0105 firm\u0119 | Ondato","isPartOf":{"@id":"https:\/\/ondato.com\/pl\/#website"},"datePublished":"2022-05-12T11:48:04+00:00","dateModified":"2023-05-16T12:01:27+00:00","description":"Stw\u00f3rz usprawniony proces KYB, korzystaj\u0105c z naszego konkurencyjnego cennika lub skontaktuj si\u0119 z nami, aby uzgodni\u0107 cen\u0119 dostosowan\u0105 do Twojego unikalnego modelu biznesowego.","breadcrumb":{"@id":"https:\/\/ondato.com\/pl\/poznaj-swojego-klienta\/poznaj-swoja-firme\/#breadcrumb"},"inLanguage":"pl-PL","potentialAction":[{"@type":"ReadAction","target":["https:\/\/ondato.com\/pl\/poznaj-swojego-klienta\/poznaj-swoja-firme\/"]}]},{"@type":"BreadcrumbList","@id":"https:\/\/ondato.com\/pl\/poznaj-swojego-klienta\/poznaj-swoja-firme\/#breadcrumb","itemListElement":[{"@type":"ListItem","position":1,"name":"Home","item":"https:\/\/ondato.com\/pl\/"},{"@type":"ListItem","position":2,"name":"Poznaj swojego klienta","item":"https:\/\/ondato.com\/pl\/poznaj-swojego-klienta\/"},{"@type":"ListItem","position":3,"name":"Poznaj swoj\u0105 firm\u0119"}]},{"@type":"WebSite","@id":"https:\/\/ondato.com\/pl\/#website","url":"https:\/\/ondato.com\/pl\/","name":"Ondato","description":"complete and cost-effective compliance management suite","publisher":{"@id":"https:\/\/ondato.com\/pl\/#organization"},"potentialAction":[{"@type":"SearchAction","target":{"@type":"EntryPoint","urlTemplate":"https:\/\/ondato.com\/pl\/?s={search_term_string}"},"query-input":{"@type":"PropertyValueSpecification","valueRequired":true,"valueName":"search_term_string"}}],"inLanguage":"pl-PL"},{"@type":"Organization","@id":"https:\/\/ondato.com\/pl\/#organization","name":"Ondato","url":"https:\/\/ondato.com\/pl\/","logo":{"@type":"ImageObject","inLanguage":"pl-PL","@id":"https:\/\/ondato.com\/pl\/#\/schema\/logo\/image\/","url":"https:\/\/ondato.com\/wp-content\/uploads\/2022\/08\/v01_Profile-photo-1.png","contentUrl":"https:\/\/ondato.com\/wp-content\/uploads\/2022\/08\/v01_Profile-photo-1.png","width":1080,"height":1080,"caption":"Ondato"},"image":{"@id":"https:\/\/ondato.com\/pl\/#\/schema\/logo\/image\/"},"sameAs":["https:\/\/www.facebook.com\/OndatoKYC","https:\/\/x.com\/OndatoKYC","https:\/\/www.linkedin.com\/company\/12576605\/","https:\/\/www.youtube.com\/channel\/UC4eMJhSGAf5hRO4YxnzrFFw"]}]}},"_links":{"self":[{"href":"https:\/\/ondato.com\/pl\/wp-json\/wp\/v2\/pages\/60473","targetHints":{"allow":["GET"]}}],"collection":[{"href":"https:\/\/ondato.com\/pl\/wp-json\/wp\/v2\/pages"}],"about":[{"href":"https:\/\/ondato.com\/pl\/wp-json\/wp\/v2\/types\/page"}],"author":[{"embeddable":true,"href":"https:\/\/ondato.com\/pl\/wp-json\/wp\/v2\/users\/4"}],"replies":[{"embeddable":true,"href":"https:\/\/ondato.com\/pl\/wp-json\/wp\/v2\/comments?post=60473"}],"version-history":[{"count":0,"href":"https:\/\/ondato.com\/pl\/wp-json\/wp\/v2\/pages\/60473\/revisions"}],"up":[{"embeddable":true,"href":"https:\/\/ondato.com\/pl\/wp-json\/wp\/v2\/pages\/60474"}],"wp:attachment":[{"href":"https:\/\/ondato.com\/pl\/wp-json\/wp\/v2\/media?parent=60473"}],"curies":[{"name":"wp","href":"https:\/\/api.w.org\/{rel}","templated":true}]}}