{"id":60477,"date":"2022-01-19T12:57:19","date_gmt":"2022-01-19T09:57:19","guid":{"rendered":"https:\/\/ondatolive.wpenginepowered.com\/?page_id=60477"},"modified":"2025-02-19T11:06:50","modified_gmt":"2025-02-19T09:06:50","slug":"bezpieczenstwo","status":"publish","type":"page","link":"https:\/\/ondato.com\/pl\/bezpieczenstwo\/","title":{"rendered":"Bezpiecze\u0144stwo"},"content":{"rendered":"\n<p>Najwy\u017cszym priorytetem firmy Ondato jest bezpiecze\u0144stwo. To jest najwa\u017cniejsze w naszej misji. Staramy si\u0119 dostarcza\u0107 technologie, kt\u00f3re sprawiaj\u0105, \u017ce korzystanie z Internetu jest bezpieczne. Dlatego staramy si\u0119 wprowadza\u0107 technologie, kt\u00f3re s\u0105 przede wszystkim bezpieczne w u\u017cyciu. Serwery danych i infrastruktura informatyczna s\u0105 chronione dzi\u0119ki ca\u0142odobowemu monitoringowi.<\/p>\n","protected":false},"excerpt":{"rendered":"<p>Najwy\u017cszym priorytetem firmy Ondato jest bezpiecze\u0144stwo. To jest najwa\u017cniejsze w naszej misji. Staramy si\u0119 dostarcza\u0107 technologie, kt\u00f3re sprawiaj\u0105, \u017ce korzystanie z Internetu jest bezpieczne. Dlatego staramy si\u0119 wprowadza\u0107 technologie, kt\u00f3re s\u0105 przede wszystkim bezpieczne w u\u017cyciu. Serwery danych i infrastruktura informatyczna s\u0105 chronione dzi\u0119ki ca\u0142odobowemu monitoringowi.<\/p>\n","protected":false},"author":1,"featured_media":101603,"parent":0,"menu_order":0,"comment_status":"closed","ping_status":"closed","template":"templates\/security.php","meta":{"_acf_changed":false,"inline_featured_image":false,"footnotes":""},"class_list":["post-60477","page","type-page","status-publish","has-post-thumbnail","hentry"],"acf":[],"yoast_head":"<!-- This site is optimized with the Yoast SEO Premium plugin v25.6 (Yoast SEO v27.3) - https:\/\/yoast.com\/product\/yoast-seo-premium-wordpress\/ -->\n<title>Przewodnik po bezpiecze\u0144stwie | Ondato<\/title>\n<meta name=\"description\" content=\"Przeczytaj o stosowanych przez nas technologiach. Zawsze staramy si\u0119 dba\u0107 o najwy\u017csze standardy bezpiecze\u0144stwa informatycznego i zapewnia\u0107 najwy\u017csz\u0105 jako\u015b\u0107 us\u0142ug.\" \/>\n<meta name=\"robots\" content=\"index, follow, max-snippet:-1, max-image-preview:large, max-video-preview:-1\" \/>\n<link rel=\"canonical\" href=\"https:\/\/ondato.com\/pl\/bezpieczenstwo\/\" \/>\n<meta property=\"og:locale\" content=\"pl_PL\" \/>\n<meta property=\"og:type\" content=\"article\" \/>\n<meta property=\"og:title\" content=\"Bezpiecze\u0144stwo\" \/>\n<meta property=\"og:description\" content=\"Przeczytaj o stosowanych przez nas technologiach. Zawsze staramy si\u0119 dba\u0107 o najwy\u017csze standardy bezpiecze\u0144stwa informatycznego i zapewnia\u0107 najwy\u017csz\u0105 jako\u015b\u0107 us\u0142ug.\" \/>\n<meta property=\"og:url\" content=\"https:\/\/ondato.com\/pl\/bezpieczenstwo\/\" \/>\n<meta property=\"og:site_name\" content=\"Ondato\" \/>\n<meta property=\"article:publisher\" content=\"https:\/\/www.facebook.com\/OndatoKYC\" \/>\n<meta property=\"article:modified_time\" content=\"2025-02-19T09:06:50+00:00\" \/>\n<meta name=\"twitter:card\" content=\"summary_large_image\" \/>\n<meta name=\"twitter:site\" content=\"@OndatoKYC\" \/>\n<meta name=\"twitter:label1\" content=\"Szacowany czas czytania\" \/>\n\t<meta name=\"twitter:data1\" content=\"1 minuta\" \/>\n<script type=\"application\/ld+json\" class=\"yoast-schema-graph\">{\"@context\":\"https:\\\/\\\/schema.org\",\"@graph\":[{\"@type\":\"WebPage\",\"@id\":\"https:\\\/\\\/ondato.com\\\/pl\\\/bezpieczenstwo\\\/\",\"url\":\"https:\\\/\\\/ondato.com\\\/pl\\\/bezpieczenstwo\\\/\",\"name\":\"Przewodnik po bezpiecze\u0144stwie | Ondato\",\"isPartOf\":{\"@id\":\"https:\\\/\\\/ondato.com\\\/pl\\\/#website\"},\"primaryImageOfPage\":{\"@id\":\"https:\\\/\\\/ondato.com\\\/pl\\\/bezpieczenstwo\\\/#primaryimage\"},\"image\":{\"@id\":\"https:\\\/\\\/ondato.com\\\/pl\\\/bezpieczenstwo\\\/#primaryimage\"},\"thumbnailUrl\":\"https:\\\/\\\/ondato.com\\\/wp-content\\\/uploads\\\/2024\\\/01\\\/Security-hero.svg\",\"datePublished\":\"2022-01-19T09:57:19+00:00\",\"dateModified\":\"2025-02-19T09:06:50+00:00\",\"description\":\"Przeczytaj o stosowanych przez nas technologiach. Zawsze staramy si\u0119 dba\u0107 o najwy\u017csze standardy bezpiecze\u0144stwa informatycznego i zapewnia\u0107 najwy\u017csz\u0105 jako\u015b\u0107 us\u0142ug.\",\"breadcrumb\":{\"@id\":\"https:\\\/\\\/ondato.com\\\/pl\\\/bezpieczenstwo\\\/#breadcrumb\"},\"inLanguage\":\"pl-PL\",\"potentialAction\":[{\"@type\":\"ReadAction\",\"target\":[\"https:\\\/\\\/ondato.com\\\/pl\\\/bezpieczenstwo\\\/\"]}]},{\"@type\":\"ImageObject\",\"inLanguage\":\"pl-PL\",\"@id\":\"https:\\\/\\\/ondato.com\\\/pl\\\/bezpieczenstwo\\\/#primaryimage\",\"url\":\"https:\\\/\\\/ondato.com\\\/wp-content\\\/uploads\\\/2024\\\/01\\\/Security-hero.svg\",\"contentUrl\":\"https:\\\/\\\/ondato.com\\\/wp-content\\\/uploads\\\/2024\\\/01\\\/Security-hero.svg\"},{\"@type\":\"BreadcrumbList\",\"@id\":\"https:\\\/\\\/ondato.com\\\/pl\\\/bezpieczenstwo\\\/#breadcrumb\",\"itemListElement\":[{\"@type\":\"ListItem\",\"position\":1,\"name\":\"Home\",\"item\":\"https:\\\/\\\/ondato.com\\\/pl\\\/\"},{\"@type\":\"ListItem\",\"position\":2,\"name\":\"Bezpiecze\u0144stwo\"}]},{\"@type\":\"WebSite\",\"@id\":\"https:\\\/\\\/ondato.com\\\/pl\\\/#website\",\"url\":\"https:\\\/\\\/ondato.com\\\/pl\\\/\",\"name\":\"Ondato\",\"description\":\"complete and cost-effective compliance management suite\",\"publisher\":{\"@id\":\"https:\\\/\\\/ondato.com\\\/pl\\\/#organization\"},\"potentialAction\":[{\"@type\":\"SearchAction\",\"target\":{\"@type\":\"EntryPoint\",\"urlTemplate\":\"https:\\\/\\\/ondato.com\\\/pl\\\/?s={search_term_string}\"},\"query-input\":{\"@type\":\"PropertyValueSpecification\",\"valueRequired\":true,\"valueName\":\"search_term_string\"}}],\"inLanguage\":\"pl-PL\"},{\"@type\":\"Organization\",\"@id\":\"https:\\\/\\\/ondato.com\\\/pl\\\/#organization\",\"name\":\"Ondato\",\"url\":\"https:\\\/\\\/ondato.com\\\/pl\\\/\",\"logo\":{\"@type\":\"ImageObject\",\"inLanguage\":\"pl-PL\",\"@id\":\"https:\\\/\\\/ondato.com\\\/pl\\\/#\\\/schema\\\/logo\\\/image\\\/\",\"url\":\"https:\\\/\\\/ondato.com\\\/wp-content\\\/uploads\\\/2022\\\/08\\\/v01_Profile-photo-1.png\",\"contentUrl\":\"https:\\\/\\\/ondato.com\\\/wp-content\\\/uploads\\\/2022\\\/08\\\/v01_Profile-photo-1.png\",\"width\":1080,\"height\":1080,\"caption\":\"Ondato\"},\"image\":{\"@id\":\"https:\\\/\\\/ondato.com\\\/pl\\\/#\\\/schema\\\/logo\\\/image\\\/\"},\"sameAs\":[\"https:\\\/\\\/www.facebook.com\\\/OndatoKYC\",\"https:\\\/\\\/x.com\\\/OndatoKYC\",\"https:\\\/\\\/www.linkedin.com\\\/company\\\/12576605\\\/\",\"https:\\\/\\\/www.youtube.com\\\/channel\\\/UC4eMJhSGAf5hRO4YxnzrFFw\"]}]}<\/script>\n<!-- \/ Yoast SEO Premium plugin. -->","yoast_head_json":{"title":"Przewodnik po bezpiecze\u0144stwie | Ondato","description":"Przeczytaj o stosowanych przez nas technologiach. Zawsze staramy si\u0119 dba\u0107 o najwy\u017csze standardy bezpiecze\u0144stwa informatycznego i zapewnia\u0107 najwy\u017csz\u0105 jako\u015b\u0107 us\u0142ug.","robots":{"index":"index","follow":"follow","max-snippet":"max-snippet:-1","max-image-preview":"max-image-preview:large","max-video-preview":"max-video-preview:-1"},"canonical":"https:\/\/ondato.com\/pl\/bezpieczenstwo\/","og_locale":"pl_PL","og_type":"article","og_title":"Bezpiecze\u0144stwo","og_description":"Przeczytaj o stosowanych przez nas technologiach. Zawsze staramy si\u0119 dba\u0107 o najwy\u017csze standardy bezpiecze\u0144stwa informatycznego i zapewnia\u0107 najwy\u017csz\u0105 jako\u015b\u0107 us\u0142ug.","og_url":"https:\/\/ondato.com\/pl\/bezpieczenstwo\/","og_site_name":"Ondato","article_publisher":"https:\/\/www.facebook.com\/OndatoKYC","article_modified_time":"2025-02-19T09:06:50+00:00","twitter_card":"summary_large_image","twitter_site":"@OndatoKYC","twitter_misc":{"Szacowany czas czytania":"1 minuta"},"schema":{"@context":"https:\/\/schema.org","@graph":[{"@type":"WebPage","@id":"https:\/\/ondato.com\/pl\/bezpieczenstwo\/","url":"https:\/\/ondato.com\/pl\/bezpieczenstwo\/","name":"Przewodnik po bezpiecze\u0144stwie | Ondato","isPartOf":{"@id":"https:\/\/ondato.com\/pl\/#website"},"primaryImageOfPage":{"@id":"https:\/\/ondato.com\/pl\/bezpieczenstwo\/#primaryimage"},"image":{"@id":"https:\/\/ondato.com\/pl\/bezpieczenstwo\/#primaryimage"},"thumbnailUrl":"https:\/\/ondato.com\/wp-content\/uploads\/2024\/01\/Security-hero.svg","datePublished":"2022-01-19T09:57:19+00:00","dateModified":"2025-02-19T09:06:50+00:00","description":"Przeczytaj o stosowanych przez nas technologiach. Zawsze staramy si\u0119 dba\u0107 o najwy\u017csze standardy bezpiecze\u0144stwa informatycznego i zapewnia\u0107 najwy\u017csz\u0105 jako\u015b\u0107 us\u0142ug.","breadcrumb":{"@id":"https:\/\/ondato.com\/pl\/bezpieczenstwo\/#breadcrumb"},"inLanguage":"pl-PL","potentialAction":[{"@type":"ReadAction","target":["https:\/\/ondato.com\/pl\/bezpieczenstwo\/"]}]},{"@type":"ImageObject","inLanguage":"pl-PL","@id":"https:\/\/ondato.com\/pl\/bezpieczenstwo\/#primaryimage","url":"https:\/\/ondato.com\/wp-content\/uploads\/2024\/01\/Security-hero.svg","contentUrl":"https:\/\/ondato.com\/wp-content\/uploads\/2024\/01\/Security-hero.svg"},{"@type":"BreadcrumbList","@id":"https:\/\/ondato.com\/pl\/bezpieczenstwo\/#breadcrumb","itemListElement":[{"@type":"ListItem","position":1,"name":"Home","item":"https:\/\/ondato.com\/pl\/"},{"@type":"ListItem","position":2,"name":"Bezpiecze\u0144stwo"}]},{"@type":"WebSite","@id":"https:\/\/ondato.com\/pl\/#website","url":"https:\/\/ondato.com\/pl\/","name":"Ondato","description":"complete and cost-effective compliance management suite","publisher":{"@id":"https:\/\/ondato.com\/pl\/#organization"},"potentialAction":[{"@type":"SearchAction","target":{"@type":"EntryPoint","urlTemplate":"https:\/\/ondato.com\/pl\/?s={search_term_string}"},"query-input":{"@type":"PropertyValueSpecification","valueRequired":true,"valueName":"search_term_string"}}],"inLanguage":"pl-PL"},{"@type":"Organization","@id":"https:\/\/ondato.com\/pl\/#organization","name":"Ondato","url":"https:\/\/ondato.com\/pl\/","logo":{"@type":"ImageObject","inLanguage":"pl-PL","@id":"https:\/\/ondato.com\/pl\/#\/schema\/logo\/image\/","url":"https:\/\/ondato.com\/wp-content\/uploads\/2022\/08\/v01_Profile-photo-1.png","contentUrl":"https:\/\/ondato.com\/wp-content\/uploads\/2022\/08\/v01_Profile-photo-1.png","width":1080,"height":1080,"caption":"Ondato"},"image":{"@id":"https:\/\/ondato.com\/pl\/#\/schema\/logo\/image\/"},"sameAs":["https:\/\/www.facebook.com\/OndatoKYC","https:\/\/x.com\/OndatoKYC","https:\/\/www.linkedin.com\/company\/12576605\/","https:\/\/www.youtube.com\/channel\/UC4eMJhSGAf5hRO4YxnzrFFw"]}]}},"_links":{"self":[{"href":"https:\/\/ondato.com\/pl\/wp-json\/wp\/v2\/pages\/60477","targetHints":{"allow":["GET"]}}],"collection":[{"href":"https:\/\/ondato.com\/pl\/wp-json\/wp\/v2\/pages"}],"about":[{"href":"https:\/\/ondato.com\/pl\/wp-json\/wp\/v2\/types\/page"}],"author":[{"embeddable":true,"href":"https:\/\/ondato.com\/pl\/wp-json\/wp\/v2\/users\/1"}],"replies":[{"embeddable":true,"href":"https:\/\/ondato.com\/pl\/wp-json\/wp\/v2\/comments?post=60477"}],"version-history":[{"count":0,"href":"https:\/\/ondato.com\/pl\/wp-json\/wp\/v2\/pages\/60477\/revisions"}],"wp:featuredmedia":[{"embeddable":true,"href":"https:\/\/ondato.com\/pl\/wp-json\/wp\/v2\/media\/101603"}],"wp:attachment":[{"href":"https:\/\/ondato.com\/pl\/wp-json\/wp\/v2\/media?parent=60477"}],"curies":[{"name":"wp","href":"https:\/\/api.w.org\/{rel}","templated":true}]}}