{"id":60482,"date":"2022-01-19T12:50:17","date_gmt":"2022-01-19T10:50:17","guid":{"rendered":"https:\/\/ondatolive.wpenginepowered.com\/?page_id=60482"},"modified":"2023-05-16T07:32:00","modified_gmt":"2023-05-16T05:32:00","slug":"kontakt","status":"publish","type":"page","link":"https:\/\/ondato.com\/pl\/kontakt\/","title":{"rendered":"Kontakt"},"content":{"rendered":"\n<p>Opowiedz nam o swojej dzia\u0142alno\u015bci, a my pomo\u017cemy Ci znale\u017a\u0107 rozwi\u0105zanie, kt\u00f3re b\u0119dzie najlepiej odpowiada\u0142o Twoim potrzebom. Skontaktuj si\u0119 z nami i przekonaj si\u0119, dlaczego setki firm wybra\u0142y w\u0142a\u015bnie nasze us\u0142ugi zarz\u0105dzania zgodno\u015bci\u0105.<\/p>\n","protected":false},"excerpt":{"rendered":"<p>Opowiedz nam o swojej dzia\u0142alno\u015bci, a my pomo\u017cemy Ci znale\u017a\u0107 rozwi\u0105zanie, kt\u00f3re b\u0119dzie najlepiej odpowiada\u0142o Twoim potrzebom. Skontaktuj si\u0119 z nami i przekonaj si\u0119, dlaczego setki firm wybra\u0142y w\u0142a\u015bnie nasze us\u0142ugi zarz\u0105dzania zgodno\u015bci\u0105.<\/p>\n","protected":false},"author":1,"featured_media":58153,"parent":0,"menu_order":0,"comment_status":"closed","ping_status":"closed","template":"templates\/contact.php","meta":{"_acf_changed":false,"inline_featured_image":false,"footnotes":""},"class_list":["post-60482","page","type-page","status-publish","has-post-thumbnail","hentry"],"acf":[],"yoast_head":"<!-- This site is optimized with the Yoast SEO Premium plugin v25.6 (Yoast SEO v27.3) - https:\/\/yoast.com\/product\/yoast-seo-premium-wordpress\/ -->\n<title>Kontakt | Ondato<\/title>\n<meta name=\"description\" content=\"Skontaktuj si\u0119 z nami, wype\u0142niaj\u0105c formularz, a my odezwiemy si\u0119 do Ciebie. Mo\u017cesz te\u017c odwiedzi\u0107 nas pod adresem 1 Canada Square, London E14 5AB.\" \/>\n<meta name=\"robots\" content=\"index, follow, max-snippet:-1, max-image-preview:large, max-video-preview:-1\" \/>\n<link rel=\"canonical\" href=\"https:\/\/ondato.com\/pl\/kontakt\/\" \/>\n<meta property=\"og:locale\" content=\"pl_PL\" \/>\n<meta property=\"og:type\" content=\"article\" \/>\n<meta property=\"og:title\" content=\"Kontakt\" \/>\n<meta property=\"og:description\" content=\"Skontaktuj si\u0119 z nami, wype\u0142niaj\u0105c formularz, a my odezwiemy si\u0119 do Ciebie. Mo\u017cesz te\u017c odwiedzi\u0107 nas pod adresem 1 Canada Square, London E14 5AB.\" \/>\n<meta property=\"og:url\" content=\"https:\/\/ondato.com\/pl\/kontakt\/\" \/>\n<meta property=\"og:site_name\" content=\"Ondato\" \/>\n<meta property=\"article:publisher\" content=\"https:\/\/www.facebook.com\/OndatoKYC\" \/>\n<meta property=\"article:modified_time\" content=\"2023-05-16T05:32:00+00:00\" \/>\n<meta property=\"og:image\" content=\"https:\/\/ondato.com\/wp-content\/uploads\/2022\/02\/contact-us.png\" \/>\n\t<meta property=\"og:image:width\" content=\"669\" \/>\n\t<meta property=\"og:image:height\" content=\"386\" \/>\n\t<meta property=\"og:image:type\" content=\"image\/png\" \/>\n<meta name=\"twitter:card\" content=\"summary_large_image\" \/>\n<meta name=\"twitter:site\" content=\"@OndatoKYC\" \/>\n<script type=\"application\/ld+json\" class=\"yoast-schema-graph\">{\"@context\":\"https:\\\/\\\/schema.org\",\"@graph\":[{\"@type\":\"WebPage\",\"@id\":\"https:\\\/\\\/ondato.com\\\/pl\\\/kontakt\\\/\",\"url\":\"https:\\\/\\\/ondato.com\\\/pl\\\/kontakt\\\/\",\"name\":\"Kontakt | Ondato\",\"isPartOf\":{\"@id\":\"https:\\\/\\\/ondato.com\\\/pl\\\/#website\"},\"primaryImageOfPage\":{\"@id\":\"https:\\\/\\\/ondato.com\\\/pl\\\/kontakt\\\/#primaryimage\"},\"image\":{\"@id\":\"https:\\\/\\\/ondato.com\\\/pl\\\/kontakt\\\/#primaryimage\"},\"thumbnailUrl\":\"https:\\\/\\\/ondato.com\\\/wp-content\\\/uploads\\\/2022\\\/02\\\/contact-us.png\",\"datePublished\":\"2022-01-19T10:50:17+00:00\",\"dateModified\":\"2023-05-16T05:32:00+00:00\",\"description\":\"Skontaktuj si\u0119 z nami, wype\u0142niaj\u0105c formularz, a my odezwiemy si\u0119 do Ciebie. Mo\u017cesz te\u017c odwiedzi\u0107 nas pod adresem 1 Canada Square, London E14 5AB.\",\"breadcrumb\":{\"@id\":\"https:\\\/\\\/ondato.com\\\/pl\\\/kontakt\\\/#breadcrumb\"},\"inLanguage\":\"pl-PL\",\"potentialAction\":[{\"@type\":\"ReadAction\",\"target\":[\"https:\\\/\\\/ondato.com\\\/pl\\\/kontakt\\\/\"]}]},{\"@type\":\"ImageObject\",\"inLanguage\":\"pl-PL\",\"@id\":\"https:\\\/\\\/ondato.com\\\/pl\\\/kontakt\\\/#primaryimage\",\"url\":\"https:\\\/\\\/ondato.com\\\/wp-content\\\/uploads\\\/2022\\\/02\\\/contact-us.png\",\"contentUrl\":\"https:\\\/\\\/ondato.com\\\/wp-content\\\/uploads\\\/2022\\\/02\\\/contact-us.png\",\"width\":669,\"height\":386},{\"@type\":\"BreadcrumbList\",\"@id\":\"https:\\\/\\\/ondato.com\\\/pl\\\/kontakt\\\/#breadcrumb\",\"itemListElement\":[{\"@type\":\"ListItem\",\"position\":1,\"name\":\"Home\",\"item\":\"https:\\\/\\\/ondato.com\\\/pl\\\/\"},{\"@type\":\"ListItem\",\"position\":2,\"name\":\"Kontakt\"}]},{\"@type\":\"WebSite\",\"@id\":\"https:\\\/\\\/ondato.com\\\/pl\\\/#website\",\"url\":\"https:\\\/\\\/ondato.com\\\/pl\\\/\",\"name\":\"Ondato\",\"description\":\"complete and cost-effective compliance management suite\",\"publisher\":{\"@id\":\"https:\\\/\\\/ondato.com\\\/pl\\\/#organization\"},\"potentialAction\":[{\"@type\":\"SearchAction\",\"target\":{\"@type\":\"EntryPoint\",\"urlTemplate\":\"https:\\\/\\\/ondato.com\\\/pl\\\/?s={search_term_string}\"},\"query-input\":{\"@type\":\"PropertyValueSpecification\",\"valueRequired\":true,\"valueName\":\"search_term_string\"}}],\"inLanguage\":\"pl-PL\"},{\"@type\":\"Organization\",\"@id\":\"https:\\\/\\\/ondato.com\\\/pl\\\/#organization\",\"name\":\"Ondato\",\"url\":\"https:\\\/\\\/ondato.com\\\/pl\\\/\",\"logo\":{\"@type\":\"ImageObject\",\"inLanguage\":\"pl-PL\",\"@id\":\"https:\\\/\\\/ondato.com\\\/pl\\\/#\\\/schema\\\/logo\\\/image\\\/\",\"url\":\"https:\\\/\\\/ondato.com\\\/wp-content\\\/uploads\\\/2022\\\/08\\\/v01_Profile-photo-1.png\",\"contentUrl\":\"https:\\\/\\\/ondato.com\\\/wp-content\\\/uploads\\\/2022\\\/08\\\/v01_Profile-photo-1.png\",\"width\":1080,\"height\":1080,\"caption\":\"Ondato\"},\"image\":{\"@id\":\"https:\\\/\\\/ondato.com\\\/pl\\\/#\\\/schema\\\/logo\\\/image\\\/\"},\"sameAs\":[\"https:\\\/\\\/www.facebook.com\\\/OndatoKYC\",\"https:\\\/\\\/x.com\\\/OndatoKYC\",\"https:\\\/\\\/www.linkedin.com\\\/company\\\/12576605\\\/\",\"https:\\\/\\\/www.youtube.com\\\/channel\\\/UC4eMJhSGAf5hRO4YxnzrFFw\"]}]}<\/script>\n<!-- \/ Yoast SEO Premium plugin. -->","yoast_head_json":{"title":"Kontakt | Ondato","description":"Skontaktuj si\u0119 z nami, wype\u0142niaj\u0105c formularz, a my odezwiemy si\u0119 do Ciebie. Mo\u017cesz te\u017c odwiedzi\u0107 nas pod adresem 1 Canada Square, London E14 5AB.","robots":{"index":"index","follow":"follow","max-snippet":"max-snippet:-1","max-image-preview":"max-image-preview:large","max-video-preview":"max-video-preview:-1"},"canonical":"https:\/\/ondato.com\/pl\/kontakt\/","og_locale":"pl_PL","og_type":"article","og_title":"Kontakt","og_description":"Skontaktuj si\u0119 z nami, wype\u0142niaj\u0105c formularz, a my odezwiemy si\u0119 do Ciebie. Mo\u017cesz te\u017c odwiedzi\u0107 nas pod adresem 1 Canada Square, London E14 5AB.","og_url":"https:\/\/ondato.com\/pl\/kontakt\/","og_site_name":"Ondato","article_publisher":"https:\/\/www.facebook.com\/OndatoKYC","article_modified_time":"2023-05-16T05:32:00+00:00","og_image":[{"width":669,"height":386,"url":"https:\/\/ondato.com\/wp-content\/uploads\/2022\/02\/contact-us.png","type":"image\/png"}],"twitter_card":"summary_large_image","twitter_site":"@OndatoKYC","schema":{"@context":"https:\/\/schema.org","@graph":[{"@type":"WebPage","@id":"https:\/\/ondato.com\/pl\/kontakt\/","url":"https:\/\/ondato.com\/pl\/kontakt\/","name":"Kontakt | Ondato","isPartOf":{"@id":"https:\/\/ondato.com\/pl\/#website"},"primaryImageOfPage":{"@id":"https:\/\/ondato.com\/pl\/kontakt\/#primaryimage"},"image":{"@id":"https:\/\/ondato.com\/pl\/kontakt\/#primaryimage"},"thumbnailUrl":"https:\/\/ondato.com\/wp-content\/uploads\/2022\/02\/contact-us.png","datePublished":"2022-01-19T10:50:17+00:00","dateModified":"2023-05-16T05:32:00+00:00","description":"Skontaktuj si\u0119 z nami, wype\u0142niaj\u0105c formularz, a my odezwiemy si\u0119 do Ciebie. Mo\u017cesz te\u017c odwiedzi\u0107 nas pod adresem 1 Canada Square, London E14 5AB.","breadcrumb":{"@id":"https:\/\/ondato.com\/pl\/kontakt\/#breadcrumb"},"inLanguage":"pl-PL","potentialAction":[{"@type":"ReadAction","target":["https:\/\/ondato.com\/pl\/kontakt\/"]}]},{"@type":"ImageObject","inLanguage":"pl-PL","@id":"https:\/\/ondato.com\/pl\/kontakt\/#primaryimage","url":"https:\/\/ondato.com\/wp-content\/uploads\/2022\/02\/contact-us.png","contentUrl":"https:\/\/ondato.com\/wp-content\/uploads\/2022\/02\/contact-us.png","width":669,"height":386},{"@type":"BreadcrumbList","@id":"https:\/\/ondato.com\/pl\/kontakt\/#breadcrumb","itemListElement":[{"@type":"ListItem","position":1,"name":"Home","item":"https:\/\/ondato.com\/pl\/"},{"@type":"ListItem","position":2,"name":"Kontakt"}]},{"@type":"WebSite","@id":"https:\/\/ondato.com\/pl\/#website","url":"https:\/\/ondato.com\/pl\/","name":"Ondato","description":"complete and cost-effective compliance management suite","publisher":{"@id":"https:\/\/ondato.com\/pl\/#organization"},"potentialAction":[{"@type":"SearchAction","target":{"@type":"EntryPoint","urlTemplate":"https:\/\/ondato.com\/pl\/?s={search_term_string}"},"query-input":{"@type":"PropertyValueSpecification","valueRequired":true,"valueName":"search_term_string"}}],"inLanguage":"pl-PL"},{"@type":"Organization","@id":"https:\/\/ondato.com\/pl\/#organization","name":"Ondato","url":"https:\/\/ondato.com\/pl\/","logo":{"@type":"ImageObject","inLanguage":"pl-PL","@id":"https:\/\/ondato.com\/pl\/#\/schema\/logo\/image\/","url":"https:\/\/ondato.com\/wp-content\/uploads\/2022\/08\/v01_Profile-photo-1.png","contentUrl":"https:\/\/ondato.com\/wp-content\/uploads\/2022\/08\/v01_Profile-photo-1.png","width":1080,"height":1080,"caption":"Ondato"},"image":{"@id":"https:\/\/ondato.com\/pl\/#\/schema\/logo\/image\/"},"sameAs":["https:\/\/www.facebook.com\/OndatoKYC","https:\/\/x.com\/OndatoKYC","https:\/\/www.linkedin.com\/company\/12576605\/","https:\/\/www.youtube.com\/channel\/UC4eMJhSGAf5hRO4YxnzrFFw"]}]}},"_links":{"self":[{"href":"https:\/\/ondato.com\/pl\/wp-json\/wp\/v2\/pages\/60482","targetHints":{"allow":["GET"]}}],"collection":[{"href":"https:\/\/ondato.com\/pl\/wp-json\/wp\/v2\/pages"}],"about":[{"href":"https:\/\/ondato.com\/pl\/wp-json\/wp\/v2\/types\/page"}],"author":[{"embeddable":true,"href":"https:\/\/ondato.com\/pl\/wp-json\/wp\/v2\/users\/1"}],"replies":[{"embeddable":true,"href":"https:\/\/ondato.com\/pl\/wp-json\/wp\/v2\/comments?post=60482"}],"version-history":[{"count":0,"href":"https:\/\/ondato.com\/pl\/wp-json\/wp\/v2\/pages\/60482\/revisions"}],"wp:featuredmedia":[{"embeddable":true,"href":"https:\/\/ondato.com\/pl\/wp-json\/wp\/v2\/media\/58153"}],"wp:attachment":[{"href":"https:\/\/ondato.com\/pl\/wp-json\/wp\/v2\/media?parent=60482"}],"curies":[{"name":"wp","href":"https:\/\/api.w.org\/{rel}","templated":true}]}}