{"id":60484,"date":"2022-01-19T12:46:43","date_gmt":"2022-01-19T09:46:43","guid":{"rendered":"https:\/\/ondatolive.wpenginepowered.com\/?page_id=60484"},"modified":"2026-02-24T16:27:00","modified_gmt":"2026-02-24T13:27:00","slug":"zarezerwuj","status":"publish","type":"page","link":"https:\/\/ondato.com\/pl\/zarezerwuj\/","title":{"rendered":"Zarezerwuj"},"content":{"rendered":"\n<p>Nie musisz wierzy\u0107 nam na s\u0142owo. Wypr\u00f3buj us\u0142ug\u0119 osobi\u015bcie. Podaj swoje dane kontaktowe w formularzu, a nasz zesp\u00f3\u0142 ds. sprzeda\u017cy zaprezentuje Ci nasze rozwi\u0105zania. B\u0119dziesz pod wra\u017ceniem!<\/p>\n","protected":false},"excerpt":{"rendered":"<p>Nie musisz wierzy\u0107 nam na s\u0142owo. Wypr\u00f3buj us\u0142ug\u0119 osobi\u015bcie. Podaj swoje dane kontaktowe w formularzu, a nasz zesp\u00f3\u0142 ds. sprzeda\u017cy zaprezentuje Ci nasze rozwi\u0105zania. B\u0119dziesz pod wra\u017ceniem!<\/p>\n","protected":false},"author":1,"featured_media":58154,"parent":0,"menu_order":0,"comment_status":"closed","ping_status":"closed","template":"templates\/book2023.php","meta":{"_acf_changed":true,"inline_featured_image":false,"footnotes":""},"class_list":["post-60484","page","type-page","status-publish","has-post-thumbnail","hentry"],"acf":[],"yoast_head":"<!-- This site is optimized with the Yoast SEO Premium plugin v25.6 (Yoast SEO v27.3) - https:\/\/yoast.com\/product\/yoast-seo-premium-wordpress\/ -->\n<title>Zam\u00f3w prezentacj\u0119 | Ondato<\/title>\n<meta name=\"description\" content=\"Wypr\u00f3buj us\u0142ugi \u2013 zapisz si\u0119 na prezentacj\u0119 ju\u017c dzi\u015b. Zapoznaj si\u0119 ze wszystkimi nowatorskimi mo\u017cliwo\u015bciami, jakie oferujemy, zanim zdecydujesz si\u0119 na zakup.\" \/>\n<meta name=\"robots\" content=\"index, follow, max-snippet:-1, max-image-preview:large, max-video-preview:-1\" \/>\n<link rel=\"canonical\" href=\"https:\/\/ondato.com\/pl\/zarezerwuj\/\" \/>\n<meta property=\"og:locale\" content=\"pl_PL\" \/>\n<meta property=\"og:type\" content=\"article\" \/>\n<meta property=\"og:title\" content=\"Zarezerwuj\" \/>\n<meta property=\"og:description\" content=\"Wypr\u00f3buj us\u0142ugi \u2013 zapisz si\u0119 na prezentacj\u0119 ju\u017c dzi\u015b. Zapoznaj si\u0119 ze wszystkimi nowatorskimi mo\u017cliwo\u015bciami, jakie oferujemy, zanim zdecydujesz si\u0119 na zakup.\" \/>\n<meta property=\"og:url\" content=\"https:\/\/ondato.com\/pl\/zarezerwuj\/\" \/>\n<meta property=\"og:site_name\" content=\"Ondato\" \/>\n<meta property=\"article:publisher\" content=\"https:\/\/www.facebook.com\/OndatoKYC\" \/>\n<meta property=\"article:modified_time\" content=\"2026-02-24T13:27:00+00:00\" \/>\n<meta property=\"og:image\" content=\"https:\/\/ondato.com\/wp-content\/uploads\/2022\/02\/book.png\" \/>\n\t<meta property=\"og:image:width\" content=\"599\" \/>\n\t<meta property=\"og:image:height\" content=\"392\" \/>\n\t<meta property=\"og:image:type\" content=\"image\/png\" \/>\n<meta name=\"twitter:card\" content=\"summary_large_image\" \/>\n<meta name=\"twitter:site\" content=\"@OndatoKYC\" \/>\n<meta name=\"twitter:label1\" content=\"Szacowany czas czytania\" \/>\n\t<meta name=\"twitter:data1\" content=\"1 minuta\" \/>\n<script type=\"application\/ld+json\" class=\"yoast-schema-graph\">{\"@context\":\"https:\\\/\\\/schema.org\",\"@graph\":[{\"@type\":\"WebPage\",\"@id\":\"https:\\\/\\\/ondato.com\\\/pl\\\/zarezerwuj\\\/\",\"url\":\"https:\\\/\\\/ondato.com\\\/pl\\\/zarezerwuj\\\/\",\"name\":\"Zam\u00f3w prezentacj\u0119 | Ondato\",\"isPartOf\":{\"@id\":\"https:\\\/\\\/ondato.com\\\/pl\\\/#website\"},\"primaryImageOfPage\":{\"@id\":\"https:\\\/\\\/ondato.com\\\/pl\\\/zarezerwuj\\\/#primaryimage\"},\"image\":{\"@id\":\"https:\\\/\\\/ondato.com\\\/pl\\\/zarezerwuj\\\/#primaryimage\"},\"thumbnailUrl\":\"https:\\\/\\\/ondato.com\\\/wp-content\\\/uploads\\\/2022\\\/02\\\/book.png\",\"datePublished\":\"2022-01-19T09:46:43+00:00\",\"dateModified\":\"2026-02-24T13:27:00+00:00\",\"description\":\"Wypr\u00f3buj us\u0142ugi \u2013 zapisz si\u0119 na prezentacj\u0119 ju\u017c dzi\u015b. Zapoznaj si\u0119 ze wszystkimi nowatorskimi mo\u017cliwo\u015bciami, jakie oferujemy, zanim zdecydujesz si\u0119 na zakup.\",\"breadcrumb\":{\"@id\":\"https:\\\/\\\/ondato.com\\\/pl\\\/zarezerwuj\\\/#breadcrumb\"},\"inLanguage\":\"pl-PL\",\"potentialAction\":[{\"@type\":\"ReadAction\",\"target\":[\"https:\\\/\\\/ondato.com\\\/pl\\\/zarezerwuj\\\/\"]}]},{\"@type\":\"ImageObject\",\"inLanguage\":\"pl-PL\",\"@id\":\"https:\\\/\\\/ondato.com\\\/pl\\\/zarezerwuj\\\/#primaryimage\",\"url\":\"https:\\\/\\\/ondato.com\\\/wp-content\\\/uploads\\\/2022\\\/02\\\/book.png\",\"contentUrl\":\"https:\\\/\\\/ondato.com\\\/wp-content\\\/uploads\\\/2022\\\/02\\\/book.png\",\"width\":599,\"height\":392},{\"@type\":\"BreadcrumbList\",\"@id\":\"https:\\\/\\\/ondato.com\\\/pl\\\/zarezerwuj\\\/#breadcrumb\",\"itemListElement\":[{\"@type\":\"ListItem\",\"position\":1,\"name\":\"Home\",\"item\":\"https:\\\/\\\/ondato.com\\\/pl\\\/\"},{\"@type\":\"ListItem\",\"position\":2,\"name\":\"Zarezerwuj\"}]},{\"@type\":\"WebSite\",\"@id\":\"https:\\\/\\\/ondato.com\\\/pl\\\/#website\",\"url\":\"https:\\\/\\\/ondato.com\\\/pl\\\/\",\"name\":\"Ondato\",\"description\":\"complete and cost-effective compliance management suite\",\"publisher\":{\"@id\":\"https:\\\/\\\/ondato.com\\\/pl\\\/#organization\"},\"potentialAction\":[{\"@type\":\"SearchAction\",\"target\":{\"@type\":\"EntryPoint\",\"urlTemplate\":\"https:\\\/\\\/ondato.com\\\/pl\\\/?s={search_term_string}\"},\"query-input\":{\"@type\":\"PropertyValueSpecification\",\"valueRequired\":true,\"valueName\":\"search_term_string\"}}],\"inLanguage\":\"pl-PL\"},{\"@type\":\"Organization\",\"@id\":\"https:\\\/\\\/ondato.com\\\/pl\\\/#organization\",\"name\":\"Ondato\",\"url\":\"https:\\\/\\\/ondato.com\\\/pl\\\/\",\"logo\":{\"@type\":\"ImageObject\",\"inLanguage\":\"pl-PL\",\"@id\":\"https:\\\/\\\/ondato.com\\\/pl\\\/#\\\/schema\\\/logo\\\/image\\\/\",\"url\":\"https:\\\/\\\/ondato.com\\\/wp-content\\\/uploads\\\/2022\\\/08\\\/v01_Profile-photo-1.png\",\"contentUrl\":\"https:\\\/\\\/ondato.com\\\/wp-content\\\/uploads\\\/2022\\\/08\\\/v01_Profile-photo-1.png\",\"width\":1080,\"height\":1080,\"caption\":\"Ondato\"},\"image\":{\"@id\":\"https:\\\/\\\/ondato.com\\\/pl\\\/#\\\/schema\\\/logo\\\/image\\\/\"},\"sameAs\":[\"https:\\\/\\\/www.facebook.com\\\/OndatoKYC\",\"https:\\\/\\\/x.com\\\/OndatoKYC\",\"https:\\\/\\\/www.linkedin.com\\\/company\\\/12576605\\\/\",\"https:\\\/\\\/www.youtube.com\\\/channel\\\/UC4eMJhSGAf5hRO4YxnzrFFw\"]}]}<\/script>\n<!-- \/ Yoast SEO Premium plugin. -->","yoast_head_json":{"title":"Zam\u00f3w prezentacj\u0119 | Ondato","description":"Wypr\u00f3buj us\u0142ugi \u2013 zapisz si\u0119 na prezentacj\u0119 ju\u017c dzi\u015b. Zapoznaj si\u0119 ze wszystkimi nowatorskimi mo\u017cliwo\u015bciami, jakie oferujemy, zanim zdecydujesz si\u0119 na zakup.","robots":{"index":"index","follow":"follow","max-snippet":"max-snippet:-1","max-image-preview":"max-image-preview:large","max-video-preview":"max-video-preview:-1"},"canonical":"https:\/\/ondato.com\/pl\/zarezerwuj\/","og_locale":"pl_PL","og_type":"article","og_title":"Zarezerwuj","og_description":"Wypr\u00f3buj us\u0142ugi \u2013 zapisz si\u0119 na prezentacj\u0119 ju\u017c dzi\u015b. Zapoznaj si\u0119 ze wszystkimi nowatorskimi mo\u017cliwo\u015bciami, jakie oferujemy, zanim zdecydujesz si\u0119 na zakup.","og_url":"https:\/\/ondato.com\/pl\/zarezerwuj\/","og_site_name":"Ondato","article_publisher":"https:\/\/www.facebook.com\/OndatoKYC","article_modified_time":"2026-02-24T13:27:00+00:00","og_image":[{"width":599,"height":392,"url":"https:\/\/ondato.com\/wp-content\/uploads\/2022\/02\/book.png","type":"image\/png"}],"twitter_card":"summary_large_image","twitter_site":"@OndatoKYC","twitter_misc":{"Szacowany czas czytania":"1 minuta"},"schema":{"@context":"https:\/\/schema.org","@graph":[{"@type":"WebPage","@id":"https:\/\/ondato.com\/pl\/zarezerwuj\/","url":"https:\/\/ondato.com\/pl\/zarezerwuj\/","name":"Zam\u00f3w prezentacj\u0119 | Ondato","isPartOf":{"@id":"https:\/\/ondato.com\/pl\/#website"},"primaryImageOfPage":{"@id":"https:\/\/ondato.com\/pl\/zarezerwuj\/#primaryimage"},"image":{"@id":"https:\/\/ondato.com\/pl\/zarezerwuj\/#primaryimage"},"thumbnailUrl":"https:\/\/ondato.com\/wp-content\/uploads\/2022\/02\/book.png","datePublished":"2022-01-19T09:46:43+00:00","dateModified":"2026-02-24T13:27:00+00:00","description":"Wypr\u00f3buj us\u0142ugi \u2013 zapisz si\u0119 na prezentacj\u0119 ju\u017c dzi\u015b. Zapoznaj si\u0119 ze wszystkimi nowatorskimi mo\u017cliwo\u015bciami, jakie oferujemy, zanim zdecydujesz si\u0119 na zakup.","breadcrumb":{"@id":"https:\/\/ondato.com\/pl\/zarezerwuj\/#breadcrumb"},"inLanguage":"pl-PL","potentialAction":[{"@type":"ReadAction","target":["https:\/\/ondato.com\/pl\/zarezerwuj\/"]}]},{"@type":"ImageObject","inLanguage":"pl-PL","@id":"https:\/\/ondato.com\/pl\/zarezerwuj\/#primaryimage","url":"https:\/\/ondato.com\/wp-content\/uploads\/2022\/02\/book.png","contentUrl":"https:\/\/ondato.com\/wp-content\/uploads\/2022\/02\/book.png","width":599,"height":392},{"@type":"BreadcrumbList","@id":"https:\/\/ondato.com\/pl\/zarezerwuj\/#breadcrumb","itemListElement":[{"@type":"ListItem","position":1,"name":"Home","item":"https:\/\/ondato.com\/pl\/"},{"@type":"ListItem","position":2,"name":"Zarezerwuj"}]},{"@type":"WebSite","@id":"https:\/\/ondato.com\/pl\/#website","url":"https:\/\/ondato.com\/pl\/","name":"Ondato","description":"complete and cost-effective compliance management suite","publisher":{"@id":"https:\/\/ondato.com\/pl\/#organization"},"potentialAction":[{"@type":"SearchAction","target":{"@type":"EntryPoint","urlTemplate":"https:\/\/ondato.com\/pl\/?s={search_term_string}"},"query-input":{"@type":"PropertyValueSpecification","valueRequired":true,"valueName":"search_term_string"}}],"inLanguage":"pl-PL"},{"@type":"Organization","@id":"https:\/\/ondato.com\/pl\/#organization","name":"Ondato","url":"https:\/\/ondato.com\/pl\/","logo":{"@type":"ImageObject","inLanguage":"pl-PL","@id":"https:\/\/ondato.com\/pl\/#\/schema\/logo\/image\/","url":"https:\/\/ondato.com\/wp-content\/uploads\/2022\/08\/v01_Profile-photo-1.png","contentUrl":"https:\/\/ondato.com\/wp-content\/uploads\/2022\/08\/v01_Profile-photo-1.png","width":1080,"height":1080,"caption":"Ondato"},"image":{"@id":"https:\/\/ondato.com\/pl\/#\/schema\/logo\/image\/"},"sameAs":["https:\/\/www.facebook.com\/OndatoKYC","https:\/\/x.com\/OndatoKYC","https:\/\/www.linkedin.com\/company\/12576605\/","https:\/\/www.youtube.com\/channel\/UC4eMJhSGAf5hRO4YxnzrFFw"]}]}},"_links":{"self":[{"href":"https:\/\/ondato.com\/pl\/wp-json\/wp\/v2\/pages\/60484","targetHints":{"allow":["GET"]}}],"collection":[{"href":"https:\/\/ondato.com\/pl\/wp-json\/wp\/v2\/pages"}],"about":[{"href":"https:\/\/ondato.com\/pl\/wp-json\/wp\/v2\/types\/page"}],"author":[{"embeddable":true,"href":"https:\/\/ondato.com\/pl\/wp-json\/wp\/v2\/users\/1"}],"replies":[{"embeddable":true,"href":"https:\/\/ondato.com\/pl\/wp-json\/wp\/v2\/comments?post=60484"}],"version-history":[{"count":0,"href":"https:\/\/ondato.com\/pl\/wp-json\/wp\/v2\/pages\/60484\/revisions"}],"wp:featuredmedia":[{"embeddable":true,"href":"https:\/\/ondato.com\/pl\/wp-json\/wp\/v2\/media\/58154"}],"wp:attachment":[{"href":"https:\/\/ondato.com\/pl\/wp-json\/wp\/v2\/media?parent=60484"}],"curies":[{"name":"wp","href":"https:\/\/api.w.org\/{rel}","templated":true}]}}