{"id":60485,"date":"2022-01-19T12:47:08","date_gmt":"2022-01-19T10:47:08","guid":{"rendered":"https:\/\/ondatolive.wpenginepowered.com\/?page_id=60485"},"modified":"2023-05-16T07:32:23","modified_gmt":"2023-05-16T05:32:23","slug":"praca","status":"publish","type":"page","link":"https:\/\/ondato.com\/pl\/praca\/","title":{"rendered":"Praca"},"content":{"rendered":"\n<p>Jeste\u015bmy ambitnym zespo\u0142em i zawsze szukamy utalentowanych fachowc\u00f3w. Do\u0142\u0105cz do naszego zespo\u0142u i osi\u0105gnij z nami swoje cele zawodowe.<\/p>\n","protected":false},"excerpt":{"rendered":"<p>Jeste\u015bmy ambitnym zespo\u0142em i zawsze szukamy utalentowanych fachowc\u00f3w. Do\u0142\u0105cz do naszego zespo\u0142u i osi\u0105gnij z nami swoje cele zawodowe.<\/p>\n","protected":false},"author":1,"featured_media":58160,"parent":0,"menu_order":0,"comment_status":"closed","ping_status":"closed","template":"templates\/careers.php","meta":{"_acf_changed":false,"inline_featured_image":false,"footnotes":""},"class_list":["post-60485","page","type-page","status-publish","has-post-thumbnail","hentry"],"acf":[],"yoast_head":"<!-- This site is optimized with the Yoast SEO Premium plugin v25.6 (Yoast SEO v27.4) - https:\/\/yoast.com\/product\/yoast-seo-premium-wordpress\/ -->\n<title>Praca w Ondato | Do\u0142\u0105cz do zespo\u0142u<\/title>\n<meta name=\"description\" content=\"Do\u0142\u0105cz do szybko rozwijaj\u0105cej si\u0119 firmy technologicznej B2B, kt\u00f3ra zajmuje si\u0119 usprawnianiem proces\u00f3w KYC oraz AML i u\u0142atwianiem spe\u0142niania wymog\u00f3w zwi\u0105zanych ze zgodno\u015bci\u0105 z przepisami.\" \/>\n<meta name=\"robots\" content=\"index, follow, max-snippet:-1, max-image-preview:large, max-video-preview:-1\" \/>\n<link rel=\"canonical\" href=\"https:\/\/ondato.com\/pl\/praca\/\" \/>\n<meta property=\"og:locale\" content=\"pl_PL\" \/>\n<meta property=\"og:type\" content=\"article\" \/>\n<meta property=\"og:title\" content=\"Praca\" \/>\n<meta property=\"og:description\" content=\"Do\u0142\u0105cz do szybko rozwijaj\u0105cej si\u0119 firmy technologicznej B2B, kt\u00f3ra zajmuje si\u0119 usprawnianiem proces\u00f3w KYC oraz AML i u\u0142atwianiem spe\u0142niania wymog\u00f3w zwi\u0105zanych ze zgodno\u015bci\u0105 z przepisami.\" \/>\n<meta property=\"og:url\" content=\"https:\/\/ondato.com\/pl\/praca\/\" \/>\n<meta property=\"og:site_name\" content=\"Ondato\" \/>\n<meta property=\"article:publisher\" content=\"https:\/\/www.facebook.com\/OndatoKYC\" \/>\n<meta property=\"article:modified_time\" content=\"2023-05-16T05:32:23+00:00\" \/>\n<meta property=\"og:image\" content=\"https:\/\/ondato.com\/wp-content\/uploads\/2022\/02\/security.png\" \/>\n\t<meta property=\"og:image:width\" content=\"697\" \/>\n\t<meta property=\"og:image:height\" content=\"427\" \/>\n\t<meta property=\"og:image:type\" content=\"image\/png\" \/>\n<meta name=\"twitter:card\" content=\"summary_large_image\" \/>\n<meta name=\"twitter:site\" content=\"@OndatoKYC\" \/>\n<meta name=\"twitter:label1\" content=\"Szacowany czas czytania\" \/>\n\t<meta name=\"twitter:data1\" content=\"1 minuta\" \/>\n<script type=\"application\/ld+json\" class=\"yoast-schema-graph\">{\"@context\":\"https:\\\/\\\/schema.org\",\"@graph\":[{\"@type\":\"WebPage\",\"@id\":\"https:\\\/\\\/ondato.com\\\/pl\\\/praca\\\/\",\"url\":\"https:\\\/\\\/ondato.com\\\/pl\\\/praca\\\/\",\"name\":\"Praca w Ondato | Do\u0142\u0105cz do zespo\u0142u\",\"isPartOf\":{\"@id\":\"https:\\\/\\\/ondato.com\\\/pl\\\/#website\"},\"primaryImageOfPage\":{\"@id\":\"https:\\\/\\\/ondato.com\\\/pl\\\/praca\\\/#primaryimage\"},\"image\":{\"@id\":\"https:\\\/\\\/ondato.com\\\/pl\\\/praca\\\/#primaryimage\"},\"thumbnailUrl\":\"https:\\\/\\\/ondato.com\\\/wp-content\\\/uploads\\\/2022\\\/02\\\/security.png\",\"datePublished\":\"2022-01-19T10:47:08+00:00\",\"dateModified\":\"2023-05-16T05:32:23+00:00\",\"description\":\"Do\u0142\u0105cz do szybko rozwijaj\u0105cej si\u0119 firmy technologicznej B2B, kt\u00f3ra zajmuje si\u0119 usprawnianiem proces\u00f3w KYC oraz AML i u\u0142atwianiem spe\u0142niania wymog\u00f3w zwi\u0105zanych ze zgodno\u015bci\u0105 z przepisami.\",\"breadcrumb\":{\"@id\":\"https:\\\/\\\/ondato.com\\\/pl\\\/praca\\\/#breadcrumb\"},\"inLanguage\":\"pl-PL\",\"potentialAction\":[{\"@type\":\"ReadAction\",\"target\":[\"https:\\\/\\\/ondato.com\\\/pl\\\/praca\\\/\"]}]},{\"@type\":\"ImageObject\",\"inLanguage\":\"pl-PL\",\"@id\":\"https:\\\/\\\/ondato.com\\\/pl\\\/praca\\\/#primaryimage\",\"url\":\"https:\\\/\\\/ondato.com\\\/wp-content\\\/uploads\\\/2022\\\/02\\\/security.png\",\"contentUrl\":\"https:\\\/\\\/ondato.com\\\/wp-content\\\/uploads\\\/2022\\\/02\\\/security.png\",\"width\":697,\"height\":427},{\"@type\":\"BreadcrumbList\",\"@id\":\"https:\\\/\\\/ondato.com\\\/pl\\\/praca\\\/#breadcrumb\",\"itemListElement\":[{\"@type\":\"ListItem\",\"position\":1,\"name\":\"Home\",\"item\":\"https:\\\/\\\/ondato.com\\\/pl\\\/\"},{\"@type\":\"ListItem\",\"position\":2,\"name\":\"Praca\"}]},{\"@type\":\"WebSite\",\"@id\":\"https:\\\/\\\/ondato.com\\\/pl\\\/#website\",\"url\":\"https:\\\/\\\/ondato.com\\\/pl\\\/\",\"name\":\"Ondato\",\"description\":\"complete and cost-effective compliance management suite\",\"publisher\":{\"@id\":\"https:\\\/\\\/ondato.com\\\/pl\\\/#organization\"},\"potentialAction\":[{\"@type\":\"SearchAction\",\"target\":{\"@type\":\"EntryPoint\",\"urlTemplate\":\"https:\\\/\\\/ondato.com\\\/pl\\\/?s={search_term_string}\"},\"query-input\":{\"@type\":\"PropertyValueSpecification\",\"valueRequired\":true,\"valueName\":\"search_term_string\"}}],\"inLanguage\":\"pl-PL\"},{\"@type\":\"Organization\",\"@id\":\"https:\\\/\\\/ondato.com\\\/pl\\\/#organization\",\"name\":\"Ondato\",\"url\":\"https:\\\/\\\/ondato.com\\\/pl\\\/\",\"logo\":{\"@type\":\"ImageObject\",\"inLanguage\":\"pl-PL\",\"@id\":\"https:\\\/\\\/ondato.com\\\/pl\\\/#\\\/schema\\\/logo\\\/image\\\/\",\"url\":\"https:\\\/\\\/ondato.com\\\/wp-content\\\/uploads\\\/2022\\\/08\\\/v01_Profile-photo-1.png\",\"contentUrl\":\"https:\\\/\\\/ondato.com\\\/wp-content\\\/uploads\\\/2022\\\/08\\\/v01_Profile-photo-1.png\",\"width\":1080,\"height\":1080,\"caption\":\"Ondato\"},\"image\":{\"@id\":\"https:\\\/\\\/ondato.com\\\/pl\\\/#\\\/schema\\\/logo\\\/image\\\/\"},\"sameAs\":[\"https:\\\/\\\/www.facebook.com\\\/OndatoKYC\",\"https:\\\/\\\/x.com\\\/OndatoKYC\",\"https:\\\/\\\/www.linkedin.com\\\/company\\\/12576605\\\/\",\"https:\\\/\\\/www.youtube.com\\\/channel\\\/UC4eMJhSGAf5hRO4YxnzrFFw\"]}]}<\/script>\n<!-- \/ Yoast SEO Premium plugin. -->","yoast_head_json":{"title":"Praca w Ondato | Do\u0142\u0105cz do zespo\u0142u","description":"Do\u0142\u0105cz do szybko rozwijaj\u0105cej si\u0119 firmy technologicznej B2B, kt\u00f3ra zajmuje si\u0119 usprawnianiem proces\u00f3w KYC oraz AML i u\u0142atwianiem spe\u0142niania wymog\u00f3w zwi\u0105zanych ze zgodno\u015bci\u0105 z przepisami.","robots":{"index":"index","follow":"follow","max-snippet":"max-snippet:-1","max-image-preview":"max-image-preview:large","max-video-preview":"max-video-preview:-1"},"canonical":"https:\/\/ondato.com\/pl\/praca\/","og_locale":"pl_PL","og_type":"article","og_title":"Praca","og_description":"Do\u0142\u0105cz do szybko rozwijaj\u0105cej si\u0119 firmy technologicznej B2B, kt\u00f3ra zajmuje si\u0119 usprawnianiem proces\u00f3w KYC oraz AML i u\u0142atwianiem spe\u0142niania wymog\u00f3w zwi\u0105zanych ze zgodno\u015bci\u0105 z przepisami.","og_url":"https:\/\/ondato.com\/pl\/praca\/","og_site_name":"Ondato","article_publisher":"https:\/\/www.facebook.com\/OndatoKYC","article_modified_time":"2023-05-16T05:32:23+00:00","og_image":[{"width":697,"height":427,"url":"https:\/\/ondato.com\/wp-content\/uploads\/2022\/02\/security.png","type":"image\/png"}],"twitter_card":"summary_large_image","twitter_site":"@OndatoKYC","twitter_misc":{"Szacowany czas czytania":"1 minuta"},"schema":{"@context":"https:\/\/schema.org","@graph":[{"@type":"WebPage","@id":"https:\/\/ondato.com\/pl\/praca\/","url":"https:\/\/ondato.com\/pl\/praca\/","name":"Praca w Ondato | Do\u0142\u0105cz do zespo\u0142u","isPartOf":{"@id":"https:\/\/ondato.com\/pl\/#website"},"primaryImageOfPage":{"@id":"https:\/\/ondato.com\/pl\/praca\/#primaryimage"},"image":{"@id":"https:\/\/ondato.com\/pl\/praca\/#primaryimage"},"thumbnailUrl":"https:\/\/ondato.com\/wp-content\/uploads\/2022\/02\/security.png","datePublished":"2022-01-19T10:47:08+00:00","dateModified":"2023-05-16T05:32:23+00:00","description":"Do\u0142\u0105cz do szybko rozwijaj\u0105cej si\u0119 firmy technologicznej B2B, kt\u00f3ra zajmuje si\u0119 usprawnianiem proces\u00f3w KYC oraz AML i u\u0142atwianiem spe\u0142niania wymog\u00f3w zwi\u0105zanych ze zgodno\u015bci\u0105 z przepisami.","breadcrumb":{"@id":"https:\/\/ondato.com\/pl\/praca\/#breadcrumb"},"inLanguage":"pl-PL","potentialAction":[{"@type":"ReadAction","target":["https:\/\/ondato.com\/pl\/praca\/"]}]},{"@type":"ImageObject","inLanguage":"pl-PL","@id":"https:\/\/ondato.com\/pl\/praca\/#primaryimage","url":"https:\/\/ondato.com\/wp-content\/uploads\/2022\/02\/security.png","contentUrl":"https:\/\/ondato.com\/wp-content\/uploads\/2022\/02\/security.png","width":697,"height":427},{"@type":"BreadcrumbList","@id":"https:\/\/ondato.com\/pl\/praca\/#breadcrumb","itemListElement":[{"@type":"ListItem","position":1,"name":"Home","item":"https:\/\/ondato.com\/pl\/"},{"@type":"ListItem","position":2,"name":"Praca"}]},{"@type":"WebSite","@id":"https:\/\/ondato.com\/pl\/#website","url":"https:\/\/ondato.com\/pl\/","name":"Ondato","description":"complete and cost-effective compliance management suite","publisher":{"@id":"https:\/\/ondato.com\/pl\/#organization"},"potentialAction":[{"@type":"SearchAction","target":{"@type":"EntryPoint","urlTemplate":"https:\/\/ondato.com\/pl\/?s={search_term_string}"},"query-input":{"@type":"PropertyValueSpecification","valueRequired":true,"valueName":"search_term_string"}}],"inLanguage":"pl-PL"},{"@type":"Organization","@id":"https:\/\/ondato.com\/pl\/#organization","name":"Ondato","url":"https:\/\/ondato.com\/pl\/","logo":{"@type":"ImageObject","inLanguage":"pl-PL","@id":"https:\/\/ondato.com\/pl\/#\/schema\/logo\/image\/","url":"https:\/\/ondato.com\/wp-content\/uploads\/2022\/08\/v01_Profile-photo-1.png","contentUrl":"https:\/\/ondato.com\/wp-content\/uploads\/2022\/08\/v01_Profile-photo-1.png","width":1080,"height":1080,"caption":"Ondato"},"image":{"@id":"https:\/\/ondato.com\/pl\/#\/schema\/logo\/image\/"},"sameAs":["https:\/\/www.facebook.com\/OndatoKYC","https:\/\/x.com\/OndatoKYC","https:\/\/www.linkedin.com\/company\/12576605\/","https:\/\/www.youtube.com\/channel\/UC4eMJhSGAf5hRO4YxnzrFFw"]}]}},"_links":{"self":[{"href":"https:\/\/ondato.com\/pl\/wp-json\/wp\/v2\/pages\/60485","targetHints":{"allow":["GET"]}}],"collection":[{"href":"https:\/\/ondato.com\/pl\/wp-json\/wp\/v2\/pages"}],"about":[{"href":"https:\/\/ondato.com\/pl\/wp-json\/wp\/v2\/types\/page"}],"author":[{"embeddable":true,"href":"https:\/\/ondato.com\/pl\/wp-json\/wp\/v2\/users\/1"}],"replies":[{"embeddable":true,"href":"https:\/\/ondato.com\/pl\/wp-json\/wp\/v2\/comments?post=60485"}],"version-history":[{"count":0,"href":"https:\/\/ondato.com\/pl\/wp-json\/wp\/v2\/pages\/60485\/revisions"}],"wp:featuredmedia":[{"embeddable":true,"href":"https:\/\/ondato.com\/pl\/wp-json\/wp\/v2\/media\/58160"}],"wp:attachment":[{"href":"https:\/\/ondato.com\/pl\/wp-json\/wp\/v2\/media?parent=60485"}],"curies":[{"name":"wp","href":"https:\/\/api.w.org\/{rel}","templated":true}]}}